{"id":1035,"date":"2025-01-06T10:13:10","date_gmt":"2025-01-06T13:13:10","guid":{"rendered":"https:\/\/gigawatt.com.ar\/index.php\/producto\/prot-_de_tension_config_ficha-toma_10a\/"},"modified":"2025-10-09T12:35:13","modified_gmt":"2025-10-09T15:35:13","slug":"protector_de_tension_configurable_con_ficha_toma_10a","status":"publish","type":"product","link":"https:\/\/gigawatt.com.ar\/index.php\/producto\/protector_de_tension_configurable_con_ficha_toma_10a\/","title":{"rendered":"Protector de Tension Configurable con Ficha Toma 10A"},"content":{"rendered":"<p>Ideal para proteger todo tipo de electrodom\u00e9sticos, equipos el\u00e9ctricos, iluminaci\u00f3n, etc. Control micro computarizado &#8211;<br \/>\nTecnolog\u00eda SMT &#8211; Display LED. Monitorea permanentemente la tensi\u00f3n de la red y protege desconectando la carga cuando<br \/>\ndetecta sobre o baja tensi\u00f3n m\u00e1s all\u00e1 del rango configurado. Conecta nuevamente cuando la tensi\u00f3n de la red se restablece<br \/>\ndentro de los par\u00e1metros normales y se mantiene estable durante el ciclo de temporizaci\u00f3n.<\/p>\n<p>&#8211; Marca BAW<br \/>\n&#8211; Corriente y Potencia 10A &#8211; 2200VA<br \/>\n&#8211; Rango de protecci\u00f3n: 150~280V<br \/>\n&#8211; Configuraci\u00f3n de f\u00e1brica: 175~245V<\/p>\n","protected":false},"excerpt":{"rendered":"<p>Protector de Tension Configurable con Ficha Toma 10A<\/p>\n","protected":false},"featured_media":1034,"template":"","meta":{"site-sidebar-layout":"default","site-content-layout":"","ast-site-content-layout":"default","site-content-style":"default","site-sidebar-style":"default","ast-global-header-display":"","ast-banner-title-visibility":"","ast-main-header-display":"","ast-hfb-above-header-display":"","ast-hfb-below-header-display":"","ast-hfb-mobile-header-display":"","site-post-title":"","ast-breadcrumbs-content":"","ast-featured-img":"","footer-sml-layout":"","theme-transparent-header-meta":"default","adv-header-id-meta":"","stick-header-meta":"","header-above-stick-meta":"","header-main-stick-meta":"","header-below-stick-meta":"","astra-migrate-meta-layouts":"set","ast-page-background-enabled":"default","ast-page-background-meta":{"desktop":{"background-color":"var(--ast-global-color-4)","background-image":"","background-repeat":"repeat","background-position":"center center","background-size":"auto","background-attachment":"scroll","background-type":"","background-media":"","overlay-type":"","overlay-color":"","overlay-opacity":"","overlay-gradient":""},"tablet":{"background-color":"","background-image":"","background-repeat":"repeat","background-position":"center center","background-size":"auto","background-attachment":"scroll","background-type":"","background-media":"","overlay-type":"","overlay-color":"","overlay-opacity":"","overlay-gradient":""},"mobile":{"background-color":"","background-image":"","background-repeat":"repeat","background-position":"center center","background-size":"auto","background-attachment":"scroll","background-type":"","background-media":"","overlay-type":"","overlay-color":"","overlay-opacity":"","overlay-gradient":""}},"ast-content-background-meta":{"desktop":{"background-color":"var(--ast-global-color-5)","background-image":"","background-repeat":"repeat","background-position":"center center","background-size":"auto","background-attachment":"scroll","background-type":"","background-media":"","overlay-type":"","overlay-color":"","overlay-opacity":"","overlay-gradient":""},"tablet":{"background-color":"var(--ast-global-color-5)","background-image":"","background-repeat":"repeat","background-position":"center center","background-size":"auto","background-attachment":"scroll","background-type":"","background-media":"","overlay-type":"","overlay-color":"","overlay-opacity":"","overlay-gradient":""},"mobile":{"background-color":"var(--ast-global-color-5)","background-image":"","background-repeat":"repeat","background-position":"center center","background-size":"auto","background-attachment":"scroll","background-type":"","background-media":"","overlay-type":"","overlay-color":"","overlay-opacity":"","overlay-gradient":""}}},"pwb-brand":[279],"product_brand":[],"product_cat":[144,256],"product_tag":[117,118,116,458,460,461],"class_list":{"0":"post-1035","1":"product","2":"type-product","3":"status-publish","4":"has-post-thumbnail","6":"pwb-brand-baw","7":"product_cat-materiales_para_instalacion","8":"product_cat-protector_de_tension_enchufable","9":"product_tag-protector-alta-tension","10":"product_tag-protector-baja-tension","11":"product_tag-protector-de-tension","12":"product_tag-protector-enchufable","13":"product_tag-protector-heladera","14":"product_tag-protector-lavarropas","15":"desktop-align-left","16":"tablet-align-left","17":"mobile-align-left","19":"first","20":"instock","21":"shipping-taxable","22":"purchasable","23":"product-type-simple"},"jetpack_sharing_enabled":true,"brands":[{"id":279,"name":"BAW","slug":"baw"}],"_links":{"self":[{"href":"https:\/\/gigawatt.com.ar\/index.php\/wp-json\/wp\/v2\/product\/1035","targetHints":{"allow":["GET"]}}],"collection":[{"href":"https:\/\/gigawatt.com.ar\/index.php\/wp-json\/wp\/v2\/product"}],"about":[{"href":"https:\/\/gigawatt.com.ar\/index.php\/wp-json\/wp\/v2\/types\/product"}],"version-history":[{"count":4,"href":"https:\/\/gigawatt.com.ar\/index.php\/wp-json\/wp\/v2\/product\/1035\/revisions"}],"predecessor-version":[{"id":4556,"href":"https:\/\/gigawatt.com.ar\/index.php\/wp-json\/wp\/v2\/product\/1035\/revisions\/4556"}],"wp:featuredmedia":[{"embeddable":true,"href":"https:\/\/gigawatt.com.ar\/index.php\/wp-json\/wp\/v2\/media\/1034"}],"wp:attachment":[{"href":"https:\/\/gigawatt.com.ar\/index.php\/wp-json\/wp\/v2\/media?parent=1035"}],"wp:term":[{"taxonomy":"pwb-brand","embeddable":true,"href":"https:\/\/gigawatt.com.ar\/index.php\/wp-json\/wp\/v2\/pwb-brand?post=1035"},{"taxonomy":"product_brand","embeddable":true,"href":"https:\/\/gigawatt.com.ar\/index.php\/wp-json\/wp\/v2\/product_brand?post=1035"},{"taxonomy":"product_cat","embeddable":true,"href":"https:\/\/gigawatt.com.ar\/index.php\/wp-json\/wp\/v2\/product_cat?post=1035"},{"taxonomy":"product_tag","embeddable":true,"href":"https:\/\/gigawatt.com.ar\/index.php\/wp-json\/wp\/v2\/product_tag?post=1035"}],"curies":[{"name":"wp","href":"https:\/\/api.w.org\/{rel}","templated":true}]}}