{"id":1076,"date":"2025-01-06T11:11:59","date_gmt":"2025-01-06T14:11:59","guid":{"rendered":"https:\/\/gigawatt.com.ar\/index.php\/producto\/rele_termico_de_sobrecarga_063-1a_a12-a32\/"},"modified":"2025-08-26T10:44:27","modified_gmt":"2025-08-26T13:44:27","slug":"rele_termico_de_sobrecarga_063-1a_a12-a32","status":"publish","type":"product","link":"https:\/\/gigawatt.com.ar\/index.php\/producto\/rele_termico_de_sobrecarga_063-1a_a12-a32\/","title":{"rendered":"Rel\u00e9 t\u00e9rmico de sobrecarga 0,63-1A (A12-A32)"},"content":{"rendered":"<p>Rel\u00e9 T\u00e9rmico de Sobrecarga<\/p>\n<p>&#8211; Marca BAW<br \/>\n&#8211; Regulaci\u00f3n: 0,63A a 1A<br \/>\n&#8211; Bot\u00f3n de Prueba y Test<br \/>\n&#8211; Contacto NA y Contacto NC<br \/>\n&#8211; Compatible con contactores de 12A, 18A, 25A y 32A<\/p>\n","protected":false},"excerpt":{"rendered":"<p>Rel\u00e9 t\u00e9rmico de sobrecarga 0,63-1A (A12-A32)<\/p>\n","protected":false},"featured_media":1075,"template":"","meta":{"site-sidebar-layout":"default","site-content-layout":"","ast-site-content-layout":"","site-content-style":"default","site-sidebar-style":"default","ast-global-header-display":"","ast-banner-title-visibility":"","ast-main-header-display":"","ast-hfb-above-header-display":"","ast-hfb-below-header-display":"","ast-hfb-mobile-header-display":"","site-post-title":"","ast-breadcrumbs-content":"","ast-featured-img":"","footer-sml-layout":"","theme-transparent-header-meta":"","adv-header-id-meta":"","stick-header-meta":"","header-above-stick-meta":"","header-main-stick-meta":"","header-below-stick-meta":"","astra-migrate-meta-layouts":"default","ast-page-background-enabled":"default","ast-page-background-meta":{"desktop":{"background-color":"var(--ast-global-color-4)","background-image":"","background-repeat":"repeat","background-position":"center center","background-size":"auto","background-attachment":"scroll","background-type":"","background-media":"","overlay-type":"","overlay-color":"","overlay-opacity":"","overlay-gradient":""},"tablet":{"background-color":"","background-image":"","background-repeat":"repeat","background-position":"center center","background-size":"auto","background-attachment":"scroll","background-type":"","background-media":"","overlay-type":"","overlay-color":"","overlay-opacity":"","overlay-gradient":""},"mobile":{"background-color":"","background-image":"","background-repeat":"repeat","background-position":"center center","background-size":"auto","background-attachment":"scroll","background-type":"","background-media":"","overlay-type":"","overlay-color":"","overlay-opacity":"","overlay-gradient":""}},"ast-content-background-meta":{"desktop":{"background-color":"var(--ast-global-color-5)","background-image":"","background-repeat":"repeat","background-position":"center center","background-size":"auto","background-attachment":"scroll","background-type":"","background-media":"","overlay-type":"","overlay-color":"","overlay-opacity":"","overlay-gradient":""},"tablet":{"background-color":"var(--ast-global-color-5)","background-image":"","background-repeat":"repeat","background-position":"center center","background-size":"auto","background-attachment":"scroll","background-type":"","background-media":"","overlay-type":"","overlay-color":"","overlay-opacity":"","overlay-gradient":""},"mobile":{"background-color":"var(--ast-global-color-5)","background-image":"","background-repeat":"repeat","background-position":"center center","background-size":"auto","background-attachment":"scroll","background-type":"","background-media":"","overlay-type":"","overlay-color":"","overlay-opacity":"","overlay-gradient":""}}},"pwb-brand":[],"product_brand":[],"product_cat":[180,257],"product_tag":[],"class_list":{"0":"post-1076","1":"product","2":"type-product","3":"status-publish","4":"has-post-thumbnail","6":"product_cat-componentes_tableros","7":"product_cat-rele-termico","8":"desktop-align-left","9":"tablet-align-left","10":"mobile-align-left","12":"first","13":"outofstock","14":"shipping-taxable","15":"purchasable","16":"product-type-simple"},"jetpack_sharing_enabled":true,"brands":[],"_links":{"self":[{"href":"https:\/\/gigawatt.com.ar\/index.php\/wp-json\/wp\/v2\/product\/1076","targetHints":{"allow":["GET"]}}],"collection":[{"href":"https:\/\/gigawatt.com.ar\/index.php\/wp-json\/wp\/v2\/product"}],"about":[{"href":"https:\/\/gigawatt.com.ar\/index.php\/wp-json\/wp\/v2\/types\/product"}],"version-history":[{"count":1,"href":"https:\/\/gigawatt.com.ar\/index.php\/wp-json\/wp\/v2\/product\/1076\/revisions"}],"predecessor-version":[{"id":1077,"href":"https:\/\/gigawatt.com.ar\/index.php\/wp-json\/wp\/v2\/product\/1076\/revisions\/1077"}],"wp:featuredmedia":[{"embeddable":true,"href":"https:\/\/gigawatt.com.ar\/index.php\/wp-json\/wp\/v2\/media\/1075"}],"wp:attachment":[{"href":"https:\/\/gigawatt.com.ar\/index.php\/wp-json\/wp\/v2\/media?parent=1076"}],"wp:term":[{"taxonomy":"pwb-brand","embeddable":true,"href":"https:\/\/gigawatt.com.ar\/index.php\/wp-json\/wp\/v2\/pwb-brand?post=1076"},{"taxonomy":"product_brand","embeddable":true,"href":"https:\/\/gigawatt.com.ar\/index.php\/wp-json\/wp\/v2\/product_brand?post=1076"},{"taxonomy":"product_cat","embeddable":true,"href":"https:\/\/gigawatt.com.ar\/index.php\/wp-json\/wp\/v2\/product_cat?post=1076"},{"taxonomy":"product_tag","embeddable":true,"href":"https:\/\/gigawatt.com.ar\/index.php\/wp-json\/wp\/v2\/product_tag?post=1076"}],"curies":[{"name":"wp","href":"https:\/\/api.w.org\/{rel}","templated":true}]}}