{"id":1798,"date":"2025-03-20T16:34:26","date_gmt":"2025-03-20T19:34:26","guid":{"rendered":"https:\/\/gigawatt.com.ar\/index.php\/producto\/buscapolo_tester_smart\/"},"modified":"2026-02-23T16:32:31","modified_gmt":"2026-02-23T19:32:31","slug":"buscapolo_tester_smart","status":"publish","type":"product","link":"https:\/\/gigawatt.com.ar\/index.php\/producto\/buscapolo_tester_smart\/","title":{"rendered":"Destornillador Buscapolo Smart Brinna NCV Led"},"content":{"rendered":"<h2>Destornillador Buscapolo Smart Brinna NCV Led<\/h2>\n<p>El destornillador buscapolo SMART HB-62 de Brinna es un destornillador multifunci\u00f3n que permite detectar tensi\u00f3n, continuidad y cortes en el cable de forma r\u00e1pida y segura.<\/p>\n<h4>Caracter\u00edsticas T\u00e9cnicas<\/h4>\n<ul>\n<li>Buscapolo punta magn\u00e9tica PH1<\/li>\n<li>Detecta L\u00ednea (Luz roja y verde)<\/li>\n<li>Detecta Neutro (Luz verde)<\/li>\n<li>Detecta tensi\u00f3n sin contacto (NCV)<\/li>\n<li>Detecta continuidad<\/li>\n<li>Detecta cortes en el cable<\/li>\n<li>Medidas: 15,8 x 2,5 cm<\/li>\n<li>Alimentaci\u00f3n: 3 pilas LR41 (incluidas)<\/li>\n<\/ul>\n","protected":false},"excerpt":{"rendered":"<p>Buscapolo Tester Smart<\/p>\n","protected":false},"featured_media":1797,"template":"","meta":{"site-sidebar-layout":"default","site-content-layout":"","ast-site-content-layout":"default","site-content-style":"default","site-sidebar-style":"default","ast-global-header-display":"","ast-banner-title-visibility":"","ast-main-header-display":"","ast-hfb-above-header-display":"","ast-hfb-below-header-display":"","ast-hfb-mobile-header-display":"","site-post-title":"","ast-breadcrumbs-content":"","ast-featured-img":"","footer-sml-layout":"","theme-transparent-header-meta":"default","adv-header-id-meta":"","stick-header-meta":"","header-above-stick-meta":"","header-main-stick-meta":"","header-below-stick-meta":"","astra-migrate-meta-layouts":"set","ast-page-background-enabled":"default","ast-page-background-meta":{"desktop":{"background-color":"var(--ast-global-color-4)","background-image":"","background-repeat":"repeat","background-position":"center center","background-size":"auto","background-attachment":"scroll","background-type":"","background-media":"","overlay-type":"","overlay-color":"","overlay-opacity":"","overlay-gradient":""},"tablet":{"background-color":"","background-image":"","background-repeat":"repeat","background-position":"center center","background-size":"auto","background-attachment":"scroll","background-type":"","background-media":"","overlay-type":"","overlay-color":"","overlay-opacity":"","overlay-gradient":""},"mobile":{"background-color":"","background-image":"","background-repeat":"repeat","background-position":"center center","background-size":"auto","background-attachment":"scroll","background-type":"","background-media":"","overlay-type":"","overlay-color":"","overlay-opacity":"","overlay-gradient":""}},"ast-content-background-meta":{"desktop":{"background-color":"var(--ast-global-color-5)","background-image":"","background-repeat":"repeat","background-position":"center center","background-size":"auto","background-attachment":"scroll","background-type":"","background-media":"","overlay-type":"","overlay-color":"","overlay-opacity":"","overlay-gradient":""},"tablet":{"background-color":"var(--ast-global-color-5)","background-image":"","background-repeat":"repeat","background-position":"center center","background-size":"auto","background-attachment":"scroll","background-type":"","background-media":"","overlay-type":"","overlay-color":"","overlay-opacity":"","overlay-gradient":""},"mobile":{"background-color":"var(--ast-global-color-5)","background-image":"","background-repeat":"repeat","background-position":"center center","background-size":"auto","background-attachment":"scroll","background-type":"","background-media":"","overlay-type":"","overlay-color":"","overlay-opacity":"","overlay-gradient":""}}},"pwb-brand":[288],"product_brand":[],"product_cat":[341,210],"product_tag":[658,652,653,656,657],"class_list":{"0":"post-1798","1":"product","2":"type-product","3":"status-publish","4":"has-post-thumbnail","6":"pwb-brand-brinna","7":"product_cat-buscapolo-herramientas","8":"product_cat-herramientas","9":"product_tag-buscapolo","10":"product_tag-buscapolo-smart","11":"product_tag-buscapolo-tester","12":"product_tag-detector-de-tension","13":"product_tag-probador-de-tension","14":"desktop-align-left","15":"tablet-align-left","16":"mobile-align-left","18":"first","19":"instock","20":"sale","21":"shipping-taxable","22":"purchasable","23":"product-type-simple"},"jetpack_sharing_enabled":true,"brands":[{"id":288,"name":"Brinna","slug":"brinna"}],"_links":{"self":[{"href":"https:\/\/gigawatt.com.ar\/index.php\/wp-json\/wp\/v2\/product\/1798","targetHints":{"allow":["GET"]}}],"collection":[{"href":"https:\/\/gigawatt.com.ar\/index.php\/wp-json\/wp\/v2\/product"}],"about":[{"href":"https:\/\/gigawatt.com.ar\/index.php\/wp-json\/wp\/v2\/types\/product"}],"version-history":[{"count":3,"href":"https:\/\/gigawatt.com.ar\/index.php\/wp-json\/wp\/v2\/product\/1798\/revisions"}],"predecessor-version":[{"id":5013,"href":"https:\/\/gigawatt.com.ar\/index.php\/wp-json\/wp\/v2\/product\/1798\/revisions\/5013"}],"wp:featuredmedia":[{"embeddable":true,"href":"https:\/\/gigawatt.com.ar\/index.php\/wp-json\/wp\/v2\/media\/1797"}],"wp:attachment":[{"href":"https:\/\/gigawatt.com.ar\/index.php\/wp-json\/wp\/v2\/media?parent=1798"}],"wp:term":[{"taxonomy":"pwb-brand","embeddable":true,"href":"https:\/\/gigawatt.com.ar\/index.php\/wp-json\/wp\/v2\/pwb-brand?post=1798"},{"taxonomy":"product_brand","embeddable":true,"href":"https:\/\/gigawatt.com.ar\/index.php\/wp-json\/wp\/v2\/product_brand?post=1798"},{"taxonomy":"product_cat","embeddable":true,"href":"https:\/\/gigawatt.com.ar\/index.php\/wp-json\/wp\/v2\/product_cat?post=1798"},{"taxonomy":"product_tag","embeddable":true,"href":"https:\/\/gigawatt.com.ar\/index.php\/wp-json\/wp\/v2\/product_tag?post=1798"}],"curies":[{"name":"wp","href":"https:\/\/api.w.org\/{rel}","templated":true}]}}