{"id":205,"date":"2023-11-09T11:38:25","date_gmt":"2023-11-09T14:38:25","guid":{"rendered":"https:\/\/gigawatt.com.ar\/?post_type=product&#038;p=205"},"modified":"2025-11-04T10:13:39","modified_gmt":"2025-11-04T13:13:39","slug":"tablero_wifi_piscina_o_riego_plug__play","status":"publish","type":"product","link":"https:\/\/gigawatt.com.ar\/index.php\/producto\/tablero_wifi_piscina_o_riego_plug__play\/","title":{"rendered":"Tablero Wifi Piscina o Riego Plug &amp; Play"},"content":{"rendered":"<p>TABLERO PARA BOMBA MONOFASICA DE PILETA O RIEGO<\/p>\n<p>o CUALQUIER DISPOSITIVO, que quieras encender, apagar o programar para que funcione en uno horario determinado TODO DESDE TU CELULAR<\/p>\n<p>Tensi\u00f3n de alimentaci\u00f3n: 220V<br \/>\nCorriente m\u00e1xima de la carga: 10A<\/p>\n<p>Incluye:<br \/>\nGabinete tablero pl\u00e1stico de 9 m\u00f3dulos interior VARIPLAST o GENROD (Seg\u00fan disponibilidad)<br \/>\nProtecci\u00f3n Termomagn\u00e9tica 2x16A marca BAW o similar<br \/>\nContactor modular 20A marca BAW o similar<br \/>\nInterruptor inteligente WIFI de f\u00e1cil configuraci\u00f3n para el comando desde cualquier celular<br \/>\nFichas de conexi\u00f3n a tomacorriente y a la bomba (o cualquier dispositivo)<\/p>\n<p>Control de bombas, riego o cualquier dispositivo el\u00e9ctrico mediante tel\u00e9fono inteligente o tablet. Encendido\/apagado con posibilidad de temporizaci\u00f3n configurable para ampliar el rango de operaci\u00f3n.<\/p>\n<p>MANUAL DE INSTALACI\u00d3N EN PDF (Solicitar una vez realizada la compra)<\/p>\n","protected":false},"excerpt":{"rendered":"<p>Tablero Wifi Piscina o Riego Plug &amp; Play<\/p>\n","protected":false},"featured_media":2279,"template":"","meta":{"site-sidebar-layout":"default","site-content-layout":"","ast-site-content-layout":"default","site-content-style":"default","site-sidebar-style":"default","ast-global-header-display":"","ast-banner-title-visibility":"","ast-main-header-display":"","ast-hfb-above-header-display":"","ast-hfb-below-header-display":"","ast-hfb-mobile-header-display":"","site-post-title":"","ast-breadcrumbs-content":"","ast-featured-img":"","footer-sml-layout":"","theme-transparent-header-meta":"default","adv-header-id-meta":"","stick-header-meta":"","header-above-stick-meta":"","header-main-stick-meta":"","header-below-stick-meta":"","astra-migrate-meta-layouts":"set","ast-page-background-enabled":"default","ast-page-background-meta":{"desktop":{"background-color":"var(--ast-global-color-4)","background-image":"","background-repeat":"repeat","background-position":"center center","background-size":"auto","background-attachment":"scroll","background-type":"","background-media":"","overlay-type":"","overlay-color":"","overlay-opacity":"","overlay-gradient":""},"tablet":{"background-color":"","background-image":"","background-repeat":"repeat","background-position":"center center","background-size":"auto","background-attachment":"scroll","background-type":"","background-media":"","overlay-type":"","overlay-color":"","overlay-opacity":"","overlay-gradient":""},"mobile":{"background-color":"","background-image":"","background-repeat":"repeat","background-position":"center center","background-size":"auto","background-attachment":"scroll","background-type":"","background-media":"","overlay-type":"","overlay-color":"","overlay-opacity":"","overlay-gradient":""}},"ast-content-background-meta":{"desktop":{"background-color":"var(--ast-global-color-5)","background-image":"","background-repeat":"repeat","background-position":"center center","background-size":"auto","background-attachment":"scroll","background-type":"","background-media":"","overlay-type":"","overlay-color":"","overlay-opacity":"","overlay-gradient":""},"tablet":{"background-color":"var(--ast-global-color-5)","background-image":"","background-repeat":"repeat","background-position":"center center","background-size":"auto","background-attachment":"scroll","background-type":"","background-media":"","overlay-type":"","overlay-color":"","overlay-opacity":"","overlay-gradient":""},"mobile":{"background-color":"var(--ast-global-color-5)","background-image":"","background-repeat":"repeat","background-position":"center center","background-size":"auto","background-attachment":"scroll","background-type":"","background-media":"","overlay-type":"","overlay-color":"","overlay-opacity":"","overlay-gradient":""}}},"pwb-brand":[278],"product_brand":[],"product_cat":[133,199,197,544,137],"product_tag":[59,60,57,56,58],"class_list":{"0":"post-205","1":"product","2":"type-product","3":"status-publish","4":"has-post-thumbnail","6":"pwb-brand-rs","7":"product_cat-domotica","8":"product_cat-tp_1_bomba","9":"product_cat-tp_mono","10":"product_cat-tableros_domotica","11":"product_cat-tableros_piscinariego","12":"product_tag-automatico-pileta","13":"product_tag-automatico-riego","14":"product_tag-automatizacion-bomba-pileta","15":"product_tag-tablero-pileta","16":"product_tag-tablero-riego-automatico","17":"desktop-align-left","18":"tablet-align-left","19":"mobile-align-left","21":"first","22":"onbackorder","23":"shipping-taxable","24":"purchasable","25":"product-type-simple"},"jetpack_sharing_enabled":true,"brands":[{"id":278,"name":"RS Automation","slug":"rs"}],"_links":{"self":[{"href":"https:\/\/gigawatt.com.ar\/index.php\/wp-json\/wp\/v2\/product\/205","targetHints":{"allow":["GET"]}}],"collection":[{"href":"https:\/\/gigawatt.com.ar\/index.php\/wp-json\/wp\/v2\/product"}],"about":[{"href":"https:\/\/gigawatt.com.ar\/index.php\/wp-json\/wp\/v2\/types\/product"}],"version-history":[{"count":4,"href":"https:\/\/gigawatt.com.ar\/index.php\/wp-json\/wp\/v2\/product\/205\/revisions"}],"predecessor-version":[{"id":2281,"href":"https:\/\/gigawatt.com.ar\/index.php\/wp-json\/wp\/v2\/product\/205\/revisions\/2281"}],"wp:featuredmedia":[{"embeddable":true,"href":"https:\/\/gigawatt.com.ar\/index.php\/wp-json\/wp\/v2\/media\/2279"}],"wp:attachment":[{"href":"https:\/\/gigawatt.com.ar\/index.php\/wp-json\/wp\/v2\/media?parent=205"}],"wp:term":[{"taxonomy":"pwb-brand","embeddable":true,"href":"https:\/\/gigawatt.com.ar\/index.php\/wp-json\/wp\/v2\/pwb-brand?post=205"},{"taxonomy":"product_brand","embeddable":true,"href":"https:\/\/gigawatt.com.ar\/index.php\/wp-json\/wp\/v2\/product_brand?post=205"},{"taxonomy":"product_cat","embeddable":true,"href":"https:\/\/gigawatt.com.ar\/index.php\/wp-json\/wp\/v2\/product_cat?post=205"},{"taxonomy":"product_tag","embeddable":true,"href":"https:\/\/gigawatt.com.ar\/index.php\/wp-json\/wp\/v2\/product_tag?post=205"}],"curies":[{"name":"wp","href":"https:\/\/api.w.org\/{rel}","templated":true}]}}