{"id":2059,"date":"2025-04-10T16:20:41","date_gmt":"2025-04-10T19:20:41","guid":{"rendered":"https:\/\/gigawatt.com.ar\/index.php\/producto\/multimetro_smart_digital_capacidad_frecuencia_temperatura\/"},"modified":"2025-10-09T16:18:15","modified_gmt":"2025-10-09T19:18:15","slug":"multimetro_smart_digital_capacidad_frecuencia_temperatura","status":"publish","type":"product","link":"https:\/\/gigawatt.com.ar\/index.php\/producto\/multimetro_smart_digital_capacidad_frecuencia_temperatura\/","title":{"rendered":"Multimetro Smart Digital Capacidad Frecuencia Temperatura"},"content":{"rendered":"<p>Multimetro digital inteligente con Capacimetro, pantalla Smart a color de gran tama\u00f1o con indicadores y m\u00faltiples funciones extra, ideal para transportar y de alta resistencia mec\u00e1nica.<\/p>\n<p>Indicaci\u00f3n en la pantalla para insertar correctamente las puntas en cada jack correspondiente.<\/p>\n<p>Bater\u00eda de Li-Ion recargable, listo para usar!<\/p>\n<p>Muestra de Medici\u00f3n: 6000 cuentas &#8211; True RMS<br \/>\nVoltaje Alterna: 6V \/ 60V \/ 600V<br \/>\nVoltaje Continua: 600mV \/ 6V \/ 60V \/ 600V<br \/>\nCorriente Alterna \/ Corriente Continua: 600mA \/ 6A \/ 10A<br \/>\nResistencia: 600 Ohm \/ 6 k Ohm \/ 60 k Ohm \/ 600 k Ohm \/ 6 M Ohm \/ 60 M Ohm<br \/>\nCapacitancia: 6nF \/ 60nF \/ 600nF \/ 6uF \/ 60uF \/ 600uF \/ 6mF \/ 60mF (60.000uF)<br \/>\nFrecuencia: 60Hz \/ 600Hz \/ 6kHz \/ 60kHz \/ 600kHz \/ 6MHz \/ 10MHz<br \/>\nCiclo de trabajo: 1 &#8211; 99%<br \/>\nMedici\u00f3n continuidad \/ diodo<br \/>\nTemperatura: -40\u00b0C \/ 1000\u00b0C<br \/>\nMedici\u00f3n SMART autom\u00e1tica entre Tensi\u00f3n, Resistencia, Continuidad.<br \/>\nAuto-apagado Autom\u00e1tico luego de 15 minutos sin uso<br \/>\nPantalla retroiluminada<br \/>\nS\u00edmbolo de fusible quemado para reposici\u00f3n del mismo<br \/>\nAlimentaci\u00f3n: Bater\u00eda Li-Ion 3,7v recargable<br \/>\nIncluye puntas, termocupla, cable para carga, funda, estuche y manual en espa\u00f1ol<br \/>\nMedidas: 140mm x 75mm x 27mm<\/p>\n","protected":false},"excerpt":{"rendered":"<p>Multimetro Smart Digital Capacidad Frecuencia Temperatura<\/p>\n","protected":false},"featured_media":2055,"template":"","meta":{"site-sidebar-layout":"default","site-content-layout":"","ast-site-content-layout":"default","site-content-style":"default","site-sidebar-style":"default","ast-global-header-display":"","ast-banner-title-visibility":"","ast-main-header-display":"","ast-hfb-above-header-display":"","ast-hfb-below-header-display":"","ast-hfb-mobile-header-display":"","site-post-title":"","ast-breadcrumbs-content":"","ast-featured-img":"","footer-sml-layout":"","theme-transparent-header-meta":"default","adv-header-id-meta":"","stick-header-meta":"","header-above-stick-meta":"","header-main-stick-meta":"","header-below-stick-meta":"","astra-migrate-meta-layouts":"set","ast-page-background-enabled":"default","ast-page-background-meta":{"desktop":{"background-color":"var(--ast-global-color-4)","background-image":"","background-repeat":"repeat","background-position":"center center","background-size":"auto","background-attachment":"scroll","background-type":"","background-media":"","overlay-type":"","overlay-color":"","overlay-opacity":"","overlay-gradient":""},"tablet":{"background-color":"","background-image":"","background-repeat":"repeat","background-position":"center center","background-size":"auto","background-attachment":"scroll","background-type":"","background-media":"","overlay-type":"","overlay-color":"","overlay-opacity":"","overlay-gradient":""},"mobile":{"background-color":"","background-image":"","background-repeat":"repeat","background-position":"center center","background-size":"auto","background-attachment":"scroll","background-type":"","background-media":"","overlay-type":"","overlay-color":"","overlay-opacity":"","overlay-gradient":""}},"ast-content-background-meta":{"desktop":{"background-color":"var(--ast-global-color-5)","background-image":"","background-repeat":"repeat","background-position":"center center","background-size":"auto","background-attachment":"scroll","background-type":"","background-media":"","overlay-type":"","overlay-color":"","overlay-opacity":"","overlay-gradient":""},"tablet":{"background-color":"var(--ast-global-color-5)","background-image":"","background-repeat":"repeat","background-position":"center center","background-size":"auto","background-attachment":"scroll","background-type":"","background-media":"","overlay-type":"","overlay-color":"","overlay-opacity":"","overlay-gradient":""},"mobile":{"background-color":"var(--ast-global-color-5)","background-image":"","background-repeat":"repeat","background-position":"center center","background-size":"auto","background-attachment":"scroll","background-type":"","background-media":"","overlay-type":"","overlay-color":"","overlay-opacity":"","overlay-gradient":""}}},"pwb-brand":[288],"product_brand":[],"product_cat":[416,373,218,472],"product_tag":[],"class_list":{"0":"post-2059","1":"product","2":"type-product","3":"status-publish","4":"has-post-thumbnail","6":"pwb-brand-brinna","7":"product_cat-instrumentos_medicion","8":"product_cat-tester","9":"product_cat-smart-true-rms","10":"product_cat-tester_trms","11":"desktop-align-left","12":"tablet-align-left","13":"mobile-align-left","15":"first","16":"onbackorder","17":"shipping-taxable","18":"purchasable","19":"product-type-simple"},"jetpack_sharing_enabled":true,"brands":[{"id":288,"name":"Brinna","slug":"brinna"}],"_links":{"self":[{"href":"https:\/\/gigawatt.com.ar\/index.php\/wp-json\/wp\/v2\/product\/2059","targetHints":{"allow":["GET"]}}],"collection":[{"href":"https:\/\/gigawatt.com.ar\/index.php\/wp-json\/wp\/v2\/product"}],"about":[{"href":"https:\/\/gigawatt.com.ar\/index.php\/wp-json\/wp\/v2\/types\/product"}],"version-history":[{"count":3,"href":"https:\/\/gigawatt.com.ar\/index.php\/wp-json\/wp\/v2\/product\/2059\/revisions"}],"predecessor-version":[{"id":2069,"href":"https:\/\/gigawatt.com.ar\/index.php\/wp-json\/wp\/v2\/product\/2059\/revisions\/2069"}],"wp:featuredmedia":[{"embeddable":true,"href":"https:\/\/gigawatt.com.ar\/index.php\/wp-json\/wp\/v2\/media\/2055"}],"wp:attachment":[{"href":"https:\/\/gigawatt.com.ar\/index.php\/wp-json\/wp\/v2\/media?parent=2059"}],"wp:term":[{"taxonomy":"pwb-brand","embeddable":true,"href":"https:\/\/gigawatt.com.ar\/index.php\/wp-json\/wp\/v2\/pwb-brand?post=2059"},{"taxonomy":"product_brand","embeddable":true,"href":"https:\/\/gigawatt.com.ar\/index.php\/wp-json\/wp\/v2\/product_brand?post=2059"},{"taxonomy":"product_cat","embeddable":true,"href":"https:\/\/gigawatt.com.ar\/index.php\/wp-json\/wp\/v2\/product_cat?post=2059"},{"taxonomy":"product_tag","embeddable":true,"href":"https:\/\/gigawatt.com.ar\/index.php\/wp-json\/wp\/v2\/product_tag?post=2059"}],"curies":[{"name":"wp","href":"https:\/\/api.w.org\/{rel}","templated":true}]}}