{"id":217,"date":"2023-12-13T20:47:15","date_gmt":"2023-12-13T23:47:15","guid":{"rendered":"https:\/\/gigawatt.com.ar\/index.php\/producto\/tablero_bomba_automatico_agua_tanque_cisterna_flotante_tb-pro\/"},"modified":"2025-11-04T10:03:28","modified_gmt":"2025-11-04T13:03:28","slug":"tablero_bomba_automatico_agua_tanque_cisterna_plug__play_tb-pro","status":"publish","type":"product","link":"https:\/\/gigawatt.com.ar\/index.php\/producto\/tablero_bomba_automatico_agua_tanque_cisterna_plug__play_tb-pro\/","title":{"rendered":"Tablero Bomba Autom\u00e1tico Agua Tanque Cisterna Plug &amp; Play TB-PRO"},"content":{"rendered":"<p>TABLERO PARA BOMBA MONOFASICA ELEVADORA DE AGUA<\/p>\n<p>FUNCIONAMIENTO MODO AUTOMATICO CON FLOTANTE\/S o MODO MANUAL<\/p>\n<p>FLOTANTES NO INCLUIDOS<\/p>\n<p>FAC\u00cdL INSTALACI\u00d3N, SE CONECTA A 220V Y A LA BOMBA MEDIANTE FICHAS DE 3 PATAS<\/p>\n<p>INCLUYE BORNERA PARA CONEXIONADO DE FLOTANTE\/S<\/p>\n<p>Incluye:<br \/>\nGabinete tablero pl\u00e1stico de 9 m\u00f3dulos interior VARIPLAST o GENROD (Seg\u00fan disponibilidad)<\/p>\n<p>Protecci\u00f3n Termomagn\u00e9tica 2x16A marca BAW o similar<\/p>\n<p>Minicontactor para el comando para bombas de hasta 9A 24V BAW o similar<\/p>\n<p>Selectora autom\u00e1tico o manual<br \/>\nLuz de se\u00f1alizacion para bomba en marcha<\/p>\n<p>Transformador de seguridad 220\/24V 50W Ign\u00edfugo<br \/>\nFichas de 3 patas para conexi\u00f3n directa de alimentaci\u00f3n y bomba<\/p>\n<p>Bornera de conexi\u00f3n para flotante<br \/>\nPrensacables x3 (Entrada, bomba y flotante)<\/p>\n<p>NO INCLUYE FLOTANTES, PODES AGREGARLOS ARMANDO UN CARRITO<\/p>\n<p>MANUAL DE INSTALACI\u00d3N EN PDF (Solicitar una vez realizada la compra)<\/p>\n","protected":false},"excerpt":{"rendered":"<p>Tablero Bomba Autom\u00e1tico Agua Tanque Cisterna Plug &amp; Play TB-PRO<\/p>\n","protected":false},"featured_media":2276,"template":"","meta":{"site-sidebar-layout":"default","site-content-layout":"","ast-site-content-layout":"default","site-content-style":"default","site-sidebar-style":"default","ast-global-header-display":"","ast-banner-title-visibility":"","ast-main-header-display":"","ast-hfb-above-header-display":"","ast-hfb-below-header-display":"","ast-hfb-mobile-header-display":"","site-post-title":"","ast-breadcrumbs-content":"","ast-featured-img":"","footer-sml-layout":"","theme-transparent-header-meta":"default","adv-header-id-meta":"","stick-header-meta":"","header-above-stick-meta":"","header-main-stick-meta":"","header-below-stick-meta":"","astra-migrate-meta-layouts":"set","ast-page-background-enabled":"default","ast-page-background-meta":{"desktop":{"background-color":"var(--ast-global-color-4)","background-image":"","background-repeat":"repeat","background-position":"center center","background-size":"auto","background-attachment":"scroll","background-type":"","background-media":"","overlay-type":"","overlay-color":"","overlay-opacity":"","overlay-gradient":""},"tablet":{"background-color":"","background-image":"","background-repeat":"repeat","background-position":"center center","background-size":"auto","background-attachment":"scroll","background-type":"","background-media":"","overlay-type":"","overlay-color":"","overlay-opacity":"","overlay-gradient":""},"mobile":{"background-color":"","background-image":"","background-repeat":"repeat","background-position":"center center","background-size":"auto","background-attachment":"scroll","background-type":"","background-media":"","overlay-type":"","overlay-color":"","overlay-opacity":"","overlay-gradient":""}},"ast-content-background-meta":{"desktop":{"background-color":"var(--ast-global-color-5)","background-image":"","background-repeat":"repeat","background-position":"center center","background-size":"auto","background-attachment":"scroll","background-type":"","background-media":"","overlay-type":"","overlay-color":"","overlay-opacity":"","overlay-gradient":""},"tablet":{"background-color":"var(--ast-global-color-5)","background-image":"","background-repeat":"repeat","background-position":"center center","background-size":"auto","background-attachment":"scroll","background-type":"","background-media":"","overlay-type":"","overlay-color":"","overlay-opacity":"","overlay-gradient":""},"mobile":{"background-color":"var(--ast-global-color-5)","background-image":"","background-repeat":"repeat","background-position":"center center","background-size":"auto","background-attachment":"scroll","background-type":"","background-media":"","overlay-type":"","overlay-color":"","overlay-opacity":"","overlay-gradient":""}}},"pwb-brand":[278],"product_brand":[],"product_cat":[189,195,136],"product_tag":[],"class_list":{"0":"post-217","1":"product","2":"type-product","3":"status-publish","4":"has-post-thumbnail","6":"pwb-brand-rs","7":"product_cat-para-1-bomba","8":"product_cat-tb_mono","9":"product_cat-tableros_bombas_de_agua","10":"desktop-align-left","11":"tablet-align-left","12":"mobile-align-left","14":"first","15":"onbackorder","16":"shipping-taxable","17":"purchasable","18":"product-type-simple"},"jetpack_sharing_enabled":true,"brands":[{"id":278,"name":"RS Automation","slug":"rs"}],"_links":{"self":[{"href":"https:\/\/gigawatt.com.ar\/index.php\/wp-json\/wp\/v2\/product\/217","targetHints":{"allow":["GET"]}}],"collection":[{"href":"https:\/\/gigawatt.com.ar\/index.php\/wp-json\/wp\/v2\/product"}],"about":[{"href":"https:\/\/gigawatt.com.ar\/index.php\/wp-json\/wp\/v2\/types\/product"}],"version-history":[{"count":8,"href":"https:\/\/gigawatt.com.ar\/index.php\/wp-json\/wp\/v2\/product\/217\/revisions"}],"predecessor-version":[{"id":2278,"href":"https:\/\/gigawatt.com.ar\/index.php\/wp-json\/wp\/v2\/product\/217\/revisions\/2278"}],"wp:featuredmedia":[{"embeddable":true,"href":"https:\/\/gigawatt.com.ar\/index.php\/wp-json\/wp\/v2\/media\/2276"}],"wp:attachment":[{"href":"https:\/\/gigawatt.com.ar\/index.php\/wp-json\/wp\/v2\/media?parent=217"}],"wp:term":[{"taxonomy":"pwb-brand","embeddable":true,"href":"https:\/\/gigawatt.com.ar\/index.php\/wp-json\/wp\/v2\/pwb-brand?post=217"},{"taxonomy":"product_brand","embeddable":true,"href":"https:\/\/gigawatt.com.ar\/index.php\/wp-json\/wp\/v2\/product_brand?post=217"},{"taxonomy":"product_cat","embeddable":true,"href":"https:\/\/gigawatt.com.ar\/index.php\/wp-json\/wp\/v2\/product_cat?post=217"},{"taxonomy":"product_tag","embeddable":true,"href":"https:\/\/gigawatt.com.ar\/index.php\/wp-json\/wp\/v2\/product_tag?post=217"}],"curies":[{"name":"wp","href":"https:\/\/api.w.org\/{rel}","templated":true}]}}