{"id":2473,"date":"2025-06-05T11:06:31","date_gmt":"2025-06-05T14:06:31","guid":{"rendered":"https:\/\/gigawatt.com.ar\/index.php\/producto\/tablero_bomba_agua_cisterna_tanque_automatico_selectora_fase\/"},"modified":"2025-11-04T10:01:16","modified_gmt":"2025-11-04T13:01:16","slug":"tablero_bomba_agua_cisterna_tanque_automatico_selectora_fase","status":"publish","type":"product","link":"https:\/\/gigawatt.com.ar\/index.php\/producto\/tablero_bomba_agua_cisterna_tanque_automatico_selectora_fase\/","title":{"rendered":"Tablero Bomba Agua Cisterna Tanque Autom\u00e1tico Selectora Fase"},"content":{"rendered":"<p>Tablero para bomba elevadora de agua monof\u00e1sica<br \/>\nCon selector de fase \u2013 Entrada trif\u00e1sica, salida monof\u00e1sica<br \/>\nModo de funcionamiento: autom\u00e1tico con flotante(s) o manual<\/p>\n<p>Dise\u00f1ado para bombas monof\u00e1sicas conectadas a redes trif\u00e1sicas, ideal para sistemas elevadores de agua. Permite el uso con uno o dos flotantes (no incluidos) o sensor externo.<\/p>\n<p>Caracter\u00edsticas principales:<\/p>\n<p>Entrada trif\u00e1sica con neutro<br \/>\nSalida monof\u00e1sica para bomba de hasta 5,5 kW<br \/>\nFuncionamiento en modo autom\u00e1tico con flotantes o manual<br \/>\n3 Voltimetros luminosos para indicar presencia de fases y valor de tensi\u00f3n<br \/>\nLuz indicadora LED de bomba en marcha<br \/>\nIncluye bornes para conexi\u00f3n de flotantes<br \/>\nF\u00e1cil instalaci\u00f3n con prensacables incluidos<br \/>\nManual de instalaci\u00f3n en PDF<br \/>\nAsesoramiento postventa por WhatsApp<\/p>\n<p>Componentes incluidos:<\/p>\n<p>Gabinete estanco para exterior (aprox. 32x32x15 cm), marca GENROD o CABRERA<br \/>\nTermomagn\u00e9tica bipolar 2&#215;20 A, marca BAW o similar<br \/>\nContactor para bombas hasta 5,5 kW, marca BAW o similar<br \/>\nRel\u00e9 t\u00e9rmico para protecci\u00f3n del motor, marca BAW o similar<br \/>\nSelector de fase con neutro 16 A, marca Elibet<br \/>\nInterruptor selector autom\u00e1tico \u2013 apagado \u2013 manual<br \/>\nTransformador de seguridad 220\/24 V, 50 W, ign\u00edfugo<br \/>\nBornera para conexi\u00f3n de uno o dos flotantes<br \/>\nVolt\u00edmetros luminosos para presencia de fases<br \/>\nLuz LED de indicaci\u00f3n de bomba en funcionamiento<br \/>\nPrensacables x3 (entrada, salida a bomba, flotantes)<\/p>\n<p>Importante:<br \/>\nNo incluye los flotantes. Pod\u00e9s agregarlos armando un carrito con los productos disponibles.<\/p>\n<p>Manual de instalaci\u00f3n:<br \/>\nCon el producto se incluyen instrucciones para descargar el manual en formato PDF.<\/p>\n","protected":false},"excerpt":{"rendered":"<p>Tablero Bomba Agua Cisterna Tanque Autom\u00e1tico Selectora Fase<\/p>\n","protected":false},"featured_media":2930,"template":"","meta":{"site-sidebar-layout":"default","site-content-layout":"","ast-site-content-layout":"default","site-content-style":"default","site-sidebar-style":"default","ast-global-header-display":"","ast-banner-title-visibility":"","ast-main-header-display":"","ast-hfb-above-header-display":"","ast-hfb-below-header-display":"","ast-hfb-mobile-header-display":"","site-post-title":"","ast-breadcrumbs-content":"","ast-featured-img":"","footer-sml-layout":"","theme-transparent-header-meta":"default","adv-header-id-meta":"","stick-header-meta":"","header-above-stick-meta":"","header-main-stick-meta":"","header-below-stick-meta":"","astra-migrate-meta-layouts":"set","ast-page-background-enabled":"default","ast-page-background-meta":{"desktop":{"background-color":"var(--ast-global-color-4)","background-image":"","background-repeat":"repeat","background-position":"center center","background-size":"auto","background-attachment":"scroll","background-type":"","background-media":"","overlay-type":"","overlay-color":"","overlay-opacity":"","overlay-gradient":""},"tablet":{"background-color":"","background-image":"","background-repeat":"repeat","background-position":"center center","background-size":"auto","background-attachment":"scroll","background-type":"","background-media":"","overlay-type":"","overlay-color":"","overlay-opacity":"","overlay-gradient":""},"mobile":{"background-color":"","background-image":"","background-repeat":"repeat","background-position":"center center","background-size":"auto","background-attachment":"scroll","background-type":"","background-media":"","overlay-type":"","overlay-color":"","overlay-opacity":"","overlay-gradient":""}},"ast-content-background-meta":{"desktop":{"background-color":"var(--ast-global-color-5)","background-image":"","background-repeat":"repeat","background-position":"center center","background-size":"auto","background-attachment":"scroll","background-type":"","background-media":"","overlay-type":"","overlay-color":"","overlay-opacity":"","overlay-gradient":""},"tablet":{"background-color":"var(--ast-global-color-5)","background-image":"","background-repeat":"repeat","background-position":"center center","background-size":"auto","background-attachment":"scroll","background-type":"","background-media":"","overlay-type":"","overlay-color":"","overlay-opacity":"","overlay-gradient":""},"mobile":{"background-color":"var(--ast-global-color-5)","background-image":"","background-repeat":"repeat","background-position":"center center","background-size":"auto","background-attachment":"scroll","background-type":"","background-media":"","overlay-type":"","overlay-color":"","overlay-opacity":"","overlay-gradient":""}}},"pwb-brand":[278],"product_brand":[],"product_cat":[189,195,136],"product_tag":[],"class_list":{"0":"post-2473","1":"product","2":"type-product","3":"status-publish","4":"has-post-thumbnail","6":"pwb-brand-rs","7":"product_cat-para-1-bomba","8":"product_cat-tb_mono","9":"product_cat-tableros_bombas_de_agua","10":"desktop-align-left","11":"tablet-align-left","12":"mobile-align-left","14":"first","15":"onbackorder","16":"shipping-taxable","17":"purchasable","18":"product-type-simple"},"jetpack_sharing_enabled":true,"brands":[{"id":278,"name":"RS Automation","slug":"rs"}],"_links":{"self":[{"href":"https:\/\/gigawatt.com.ar\/index.php\/wp-json\/wp\/v2\/product\/2473","targetHints":{"allow":["GET"]}}],"collection":[{"href":"https:\/\/gigawatt.com.ar\/index.php\/wp-json\/wp\/v2\/product"}],"about":[{"href":"https:\/\/gigawatt.com.ar\/index.php\/wp-json\/wp\/v2\/types\/product"}],"version-history":[{"count":4,"href":"https:\/\/gigawatt.com.ar\/index.php\/wp-json\/wp\/v2\/product\/2473\/revisions"}],"predecessor-version":[{"id":2933,"href":"https:\/\/gigawatt.com.ar\/index.php\/wp-json\/wp\/v2\/product\/2473\/revisions\/2933"}],"wp:featuredmedia":[{"embeddable":true,"href":"https:\/\/gigawatt.com.ar\/index.php\/wp-json\/wp\/v2\/media\/2930"}],"wp:attachment":[{"href":"https:\/\/gigawatt.com.ar\/index.php\/wp-json\/wp\/v2\/media?parent=2473"}],"wp:term":[{"taxonomy":"pwb-brand","embeddable":true,"href":"https:\/\/gigawatt.com.ar\/index.php\/wp-json\/wp\/v2\/pwb-brand?post=2473"},{"taxonomy":"product_brand","embeddable":true,"href":"https:\/\/gigawatt.com.ar\/index.php\/wp-json\/wp\/v2\/product_brand?post=2473"},{"taxonomy":"product_cat","embeddable":true,"href":"https:\/\/gigawatt.com.ar\/index.php\/wp-json\/wp\/v2\/product_cat?post=2473"},{"taxonomy":"product_tag","embeddable":true,"href":"https:\/\/gigawatt.com.ar\/index.php\/wp-json\/wp\/v2\/product_tag?post=2473"}],"curies":[{"name":"wp","href":"https:\/\/api.w.org\/{rel}","templated":true}]}}