{"id":2507,"date":"2025-06-10T11:13:39","date_gmt":"2025-06-10T14:13:39","guid":{"rendered":"https:\/\/gigawatt.com.ar\/index.php\/producto\/protector_tension_smart_wifi_monofasico\/"},"modified":"2025-12-16T12:35:40","modified_gmt":"2025-12-16T15:35:40","slug":"protector_tension_smart_wifi_monofasico","status":"publish","type":"product","link":"https:\/\/gigawatt.com.ar\/index.php\/producto\/protector_tension_smart_wifi_monofasico\/","title":{"rendered":"Protector Tension Smart Wifi Monofasico"},"content":{"rendered":"<p>PROTECTOR Y MONITOR SMART WIFI C\/REGISTRO DE CONSUMO<\/p>\n<p>&#8211; PROTECCION ANTE SOBRE CARGAS.<br \/>\n&#8211; PROTECCION ANTE ALTA Y BAJA TENSI\u00d3N.<br \/>\n&#8211; PROTECCION POR FUGA A TIERRA.<br \/>\n&#8211; PAR\u00c1METROS CONFIGURABLES, TANTO MANUAL COMO A TRAVES DE LA APP WIFI.<br \/>\n&#8211; PARA RIEL DIN.<br \/>\n&#8211; APP SMARTLIFE. IOS Y ANDROID COMPATIBLE CON ECHO ALEXA Y GOOGLE.<\/p>\n<p>El producto debe ser instalado por un electricista matriculado, siguiendo correctamente su diagrama de conexi\u00f3n, para asegurar as\u00ed su correcto funcionamiento y vida \u00fatil.<\/p>\n<p>CARACTER\u00cdSTICAS:<br \/>\n&#8211; Marca: BAW<br \/>\n&#8211; Modelo: PVA-63A P1.<br \/>\n&#8211; Rango de operaci\u00f3n de tensi\u00f3n: 85-300Vca 50-60 Hz. Ui: 400V.<br \/>\n&#8211; Sobretensi\u00f3n ( mayor U ), rango: 230-280V. Valor de f\u00e1brica: 242V.<br \/>\n&#8211; Baja tensi\u00f3n ( menor U), rango: 130-220V. Valor de f\u00e1brica: 175V.<br \/>\n&#8211; Hist\u00e9resis ( mayor U \/ menor U ): 5V. Precisi\u00f3n de tensi\u00f3n: 1,0%<br \/>\n&#8211; Demora a la conexi\u00f3n\/reconexi\u00f3n: 5-500s. Valor de f\u00e1brica: 90s.<br \/>\n&#8211; Corriente nominal\/m\u00e1xima: 63A.<br \/>\n&#8211; Sobrecorriente ( mayor I ), rango: 1-63A. Valor de f\u00e1brica: 40A.<br \/>\n&#8211; Retardo al disparo p\/sobrecorriente: 1-300s. Valor de f\u00e1brica: 90s.<br \/>\n&#8211; Corriente de fuga, rango: 10-300mA-OFF. Valor de f\u00e1brica: 40mA.<br \/>\n&#8211; Registro de energ\u00eda activa acumulada: 0-99999.9kWh.<br \/>\n&#8211; Tiempo de actuaci\u00f3n por mayor U \/ menor U: 1-30s. Valor de f\u00e1brica: 1s.<br \/>\n&#8211; Conexi\u00f3n: WiFi 2.4GHz 802.11b\/g\/n.<br \/>\n&#8211; Grado de protecci\u00f3n: IP20.<br \/>\n&#8211; Display LCD. Formato: 2 m\u00f3dulos Din.<br \/>\n&#8211; Temperatura ambiente:. -30 &#8211; 70 C.<br \/>\n&#8211; Conexionado: Cable flexible Cu 4-25mm2.<br \/>\n&#8211; Tornillos PZ2.<br \/>\n&#8211; Dimensiones: 85(45)x37x65(49,5) mm.<br \/>\n&#8211; Peso: 159g<br \/>\n&#8211; Origen: China.<br \/>\n&#8211; Imagen a modo ilustrativo. Puede variar seg\u00fan disponibilidad de f\u00e1brica.<\/p>\n<p>CONFIGURACI\u00d3N:<br \/>\n&#8211; Manual: Se puede emplear sin y con conexi\u00f3n WIFI. Las funciones de protecci\u00f3n y registro de energ\u00eda son independientes del vinculo WIFI.<br \/>\n&#8211; Mediante APP WIFI (Tuya o Smart Life).<\/p>\n<p>Las funciones de protecci\u00f3n por sobrecorriente y corriente diferencial de fuga a tierra no sustituyen a los interruptores termo magn\u00e9ticos y diferenciales, obligatorios seg\u00fan el Reglamento de instalaciones el\u00e9ctricas residenciales y comerciales.<\/p>\n","protected":false},"excerpt":{"rendered":"<p>Protector Tension Smart Wifi Monofasico<\/p>\n","protected":false},"featured_media":2502,"template":"","meta":{"site-sidebar-layout":"default","site-content-layout":"","ast-site-content-layout":"default","site-content-style":"default","site-sidebar-style":"default","ast-global-header-display":"","ast-banner-title-visibility":"","ast-main-header-display":"","ast-hfb-above-header-display":"","ast-hfb-below-header-display":"","ast-hfb-mobile-header-display":"","site-post-title":"","ast-breadcrumbs-content":"","ast-featured-img":"","footer-sml-layout":"","theme-transparent-header-meta":"default","adv-header-id-meta":"","stick-header-meta":"","header-above-stick-meta":"","header-main-stick-meta":"","header-below-stick-meta":"","astra-migrate-meta-layouts":"set","ast-page-background-enabled":"default","ast-page-background-meta":{"desktop":{"background-color":"var(--ast-global-color-4)","background-image":"","background-repeat":"repeat","background-position":"center center","background-size":"auto","background-attachment":"scroll","background-type":"","background-media":"","overlay-type":"","overlay-color":"","overlay-opacity":"","overlay-gradient":""},"tablet":{"background-color":"","background-image":"","background-repeat":"repeat","background-position":"center center","background-size":"auto","background-attachment":"scroll","background-type":"","background-media":"","overlay-type":"","overlay-color":"","overlay-opacity":"","overlay-gradient":""},"mobile":{"background-color":"","background-image":"","background-repeat":"repeat","background-position":"center center","background-size":"auto","background-attachment":"scroll","background-type":"","background-media":"","overlay-type":"","overlay-color":"","overlay-opacity":"","overlay-gradient":""}},"ast-content-background-meta":{"desktop":{"background-color":"var(--ast-global-color-5)","background-image":"","background-repeat":"repeat","background-position":"center center","background-size":"auto","background-attachment":"scroll","background-type":"","background-media":"","overlay-type":"","overlay-color":"","overlay-opacity":"","overlay-gradient":""},"tablet":{"background-color":"var(--ast-global-color-5)","background-image":"","background-repeat":"repeat","background-position":"center center","background-size":"auto","background-attachment":"scroll","background-type":"","background-media":"","overlay-type":"","overlay-color":"","overlay-opacity":"","overlay-gradient":""},"mobile":{"background-color":"var(--ast-global-color-5)","background-image":"","background-repeat":"repeat","background-position":"center center","background-size":"auto","background-attachment":"scroll","background-type":"","background-media":"","overlay-type":"","overlay-color":"","overlay-opacity":"","overlay-gradient":""}}},"pwb-brand":[],"product_brand":[],"product_cat":[180,333],"product_tag":[],"class_list":{"0":"post-2507","1":"product","2":"type-product","3":"status-publish","4":"has-post-thumbnail","6":"product_cat-componentes_tableros","7":"product_cat-protector-de-tension","8":"desktop-align-left","9":"tablet-align-left","10":"mobile-align-left","12":"first","13":"instock","14":"shipping-taxable","15":"purchasable","16":"product-type-simple"},"jetpack_sharing_enabled":true,"brands":[],"_links":{"self":[{"href":"https:\/\/gigawatt.com.ar\/index.php\/wp-json\/wp\/v2\/product\/2507","targetHints":{"allow":["GET"]}}],"collection":[{"href":"https:\/\/gigawatt.com.ar\/index.php\/wp-json\/wp\/v2\/product"}],"about":[{"href":"https:\/\/gigawatt.com.ar\/index.php\/wp-json\/wp\/v2\/types\/product"}],"version-history":[{"count":1,"href":"https:\/\/gigawatt.com.ar\/index.php\/wp-json\/wp\/v2\/product\/2507\/revisions"}],"predecessor-version":[{"id":2508,"href":"https:\/\/gigawatt.com.ar\/index.php\/wp-json\/wp\/v2\/product\/2507\/revisions\/2508"}],"wp:featuredmedia":[{"embeddable":true,"href":"https:\/\/gigawatt.com.ar\/index.php\/wp-json\/wp\/v2\/media\/2502"}],"wp:attachment":[{"href":"https:\/\/gigawatt.com.ar\/index.php\/wp-json\/wp\/v2\/media?parent=2507"}],"wp:term":[{"taxonomy":"pwb-brand","embeddable":true,"href":"https:\/\/gigawatt.com.ar\/index.php\/wp-json\/wp\/v2\/pwb-brand?post=2507"},{"taxonomy":"product_brand","embeddable":true,"href":"https:\/\/gigawatt.com.ar\/index.php\/wp-json\/wp\/v2\/product_brand?post=2507"},{"taxonomy":"product_cat","embeddable":true,"href":"https:\/\/gigawatt.com.ar\/index.php\/wp-json\/wp\/v2\/product_cat?post=2507"},{"taxonomy":"product_tag","embeddable":true,"href":"https:\/\/gigawatt.com.ar\/index.php\/wp-json\/wp\/v2\/product_tag?post=2507"}],"curies":[{"name":"wp","href":"https:\/\/api.w.org\/{rel}","templated":true}]}}