{"id":2611,"date":"2025-07-07T16:00:03","date_gmt":"2025-07-07T19:00:03","guid":{"rendered":"https:\/\/gigawatt.com.ar\/?post_type=product&#038;p=2611"},"modified":"2025-11-22T14:45:27","modified_gmt":"2025-11-22T17:45:27","slug":"proyector-de-estrella-nebulosa-astronauta-control-remoto","status":"publish","type":"product","link":"https:\/\/gigawatt.com.ar\/index.php\/producto\/proyector-de-estrella-nebulosa-astronauta-control-remoto\/","title":{"rendered":"Proyector de Estrella\/Nebulosa Astronauta Control Remoto Usb"},"content":{"rendered":"<p>El proyector de astronauta emite nebulosas coloridas e impredecibles para simular el cielo estrellado, con estrellas centelleantes que brindan una sensaci\u00f3n de ensue\u00f1o diferente. Cuenta con 8 tipos de pantalla de efecto nebulosa, cambio de velocidad y el brillo de la nebulosa se puede cambiar por control remoto o bot\u00f3n.<\/p>\n<p>El dise\u00f1o \u00fanico de la apariencia del astronauta reproduce detalles tridimensionales y delicados. Est\u00e1 fabricado con materiales ABS\/PC\/PVC de alta calidad y luces LED de ahorro de energ\u00eda. La lente de alta definici\u00f3n hace que el efecto de proyecci\u00f3n sea claro y realista. La base de textura de la superficie lunar proporciona una colocaci\u00f3n estable y suave.<\/p>\n<p>La cabeza de astronauta se puede girar 360 \u00b0 a trav\u00e9s de la fuerza magn\u00e9tica, permitiendo que la nebulosa gire en cualquier \u00e1ngulo. La base lunar es desmontable, el brazo puede moverse 360 \u00b0 y puede asumir varias posturas.<\/p>\n<p>La l\u00e1mpara de proyecci\u00f3n de cielo estrellado se puede controlar mediante tecla de bot\u00f3n y control remoto. El control remoto permite ajustar el color, el brillo y la velocidad de rotaci\u00f3n de la nebulosa y el cielo estrellado. Cuenta con dos modos de sincronizaci\u00f3n: aproximadamente 45 minutos y aproximadamente 90 minutos, se apaga autom\u00e1ticamente.<\/p>\n<p>Las galaxias de luz de estrellas de alta definici\u00f3n se proyectan en las paredes y techos, creando una maravillosa atm\u00f3sfera estrellada. Ayuda a estimular la curiosidad, la imaginaci\u00f3n y la creatividad de los ni\u00f1os.<\/p>\n<p>Caracter\u00edsticas:<\/p>\n<p>Material: ABS + PVC + PC<br \/>\nColor: blanco<br \/>\nTama\u00f1o: 12 x 24 cm aprox.<br \/>\nVoltaje: 5V<br \/>\nPotencia: 5W<br \/>\nRango de control remoto: &lt;5m (la mejor distancia)<\/p>\n<p>Incluye:<br \/>\n1 unidad de luz de proyecci\u00f3n de estrella ASTRONAUTA<br \/>\n1 ud. x Base<br \/>\n1 ud. x Cable de carga USB (no incluye cargador)<br \/>\n1 Unidad x instrucciones en ingl\u00e9s<br \/>\n1 Unidad x Control Remoto (sin 2 pilas AAA)<\/p>\n","protected":false},"excerpt":{"rendered":"<p>Proyector de Estrella\/Nebulosa Astronauta Control Remoto<\/p>\n","protected":false},"featured_media":2612,"template":"","meta":{"site-sidebar-layout":"default","site-content-layout":"","ast-site-content-layout":"default","site-content-style":"default","site-sidebar-style":"default","ast-global-header-display":"","ast-banner-title-visibility":"","ast-main-header-display":"","ast-hfb-above-header-display":"","ast-hfb-below-header-display":"","ast-hfb-mobile-header-display":"","site-post-title":"","ast-breadcrumbs-content":"","ast-featured-img":"","footer-sml-layout":"","theme-transparent-header-meta":"default","adv-header-id-meta":"","stick-header-meta":"","header-above-stick-meta":"","header-main-stick-meta":"","header-below-stick-meta":"","astra-migrate-meta-layouts":"set","ast-page-background-enabled":"default","ast-page-background-meta":{"desktop":{"background-color":"var(--ast-global-color-4)","background-image":"","background-repeat":"repeat","background-position":"center center","background-size":"auto","background-attachment":"scroll","background-type":"","background-media":"","overlay-type":"","overlay-color":"","overlay-opacity":"","overlay-gradient":""},"tablet":{"background-color":"","background-image":"","background-repeat":"repeat","background-position":"center center","background-size":"auto","background-attachment":"scroll","background-type":"","background-media":"","overlay-type":"","overlay-color":"","overlay-opacity":"","overlay-gradient":""},"mobile":{"background-color":"","background-image":"","background-repeat":"repeat","background-position":"center center","background-size":"auto","background-attachment":"scroll","background-type":"","background-media":"","overlay-type":"","overlay-color":"","overlay-opacity":"","overlay-gradient":""}},"ast-content-background-meta":{"desktop":{"background-color":"var(--ast-global-color-5)","background-image":"","background-repeat":"repeat","background-position":"center center","background-size":"auto","background-attachment":"scroll","background-type":"","background-media":"","overlay-type":"","overlay-color":"","overlay-opacity":"","overlay-gradient":""},"tablet":{"background-color":"var(--ast-global-color-5)","background-image":"","background-repeat":"repeat","background-position":"center center","background-size":"auto","background-attachment":"scroll","background-type":"","background-media":"","overlay-type":"","overlay-color":"","overlay-opacity":"","overlay-gradient":""},"mobile":{"background-color":"var(--ast-global-color-5)","background-image":"","background-repeat":"repeat","background-position":"center center","background-size":"auto","background-attachment":"scroll","background-type":"","background-media":"","overlay-type":"","overlay-color":"","overlay-opacity":"","overlay-gradient":""}}},"pwb-brand":[],"product_brand":[],"product_cat":[328,405],"product_tag":[412,408,411,409,406,407,410],"class_list":{"0":"post-2611","1":"product","2":"type-product","3":"status-publish","4":"has-post-thumbnail","6":"product_cat-iluminacion","7":"product_cat-infantil","8":"product_tag-luminaria-infantil","9":"product_tag-luz-de-noche","10":"product_tag-luz-infantil","11":"product_tag-proyector-astronauta","12":"product_tag-proyector-estrellas","13":"product_tag-proyector-nebulosa","14":"product_tag-velador-infantil","15":"desktop-align-left","16":"tablet-align-left","17":"mobile-align-left","19":"first","20":"outofstock","21":"shipping-taxable","22":"purchasable","23":"product-type-simple"},"jetpack_sharing_enabled":true,"brands":[],"_links":{"self":[{"href":"https:\/\/gigawatt.com.ar\/index.php\/wp-json\/wp\/v2\/product\/2611","targetHints":{"allow":["GET"]}}],"collection":[{"href":"https:\/\/gigawatt.com.ar\/index.php\/wp-json\/wp\/v2\/product"}],"about":[{"href":"https:\/\/gigawatt.com.ar\/index.php\/wp-json\/wp\/v2\/types\/product"}],"version-history":[{"count":2,"href":"https:\/\/gigawatt.com.ar\/index.php\/wp-json\/wp\/v2\/product\/2611\/revisions"}],"predecessor-version":[{"id":2620,"href":"https:\/\/gigawatt.com.ar\/index.php\/wp-json\/wp\/v2\/product\/2611\/revisions\/2620"}],"wp:featuredmedia":[{"embeddable":true,"href":"https:\/\/gigawatt.com.ar\/index.php\/wp-json\/wp\/v2\/media\/2612"}],"wp:attachment":[{"href":"https:\/\/gigawatt.com.ar\/index.php\/wp-json\/wp\/v2\/media?parent=2611"}],"wp:term":[{"taxonomy":"pwb-brand","embeddable":true,"href":"https:\/\/gigawatt.com.ar\/index.php\/wp-json\/wp\/v2\/pwb-brand?post=2611"},{"taxonomy":"product_brand","embeddable":true,"href":"https:\/\/gigawatt.com.ar\/index.php\/wp-json\/wp\/v2\/product_brand?post=2611"},{"taxonomy":"product_cat","embeddable":true,"href":"https:\/\/gigawatt.com.ar\/index.php\/wp-json\/wp\/v2\/product_cat?post=2611"},{"taxonomy":"product_tag","embeddable":true,"href":"https:\/\/gigawatt.com.ar\/index.php\/wp-json\/wp\/v2\/product_tag?post=2611"}],"curies":[{"name":"wp","href":"https:\/\/api.w.org\/{rel}","templated":true}]}}