{"id":2616,"date":"2025-07-07T16:04:35","date_gmt":"2025-07-07T19:04:35","guid":{"rendered":"https:\/\/gigawatt.com.ar\/?post_type=product&#038;p=2616"},"modified":"2026-03-09T11:22:30","modified_gmt":"2026-03-09T14:22:30","slug":"proyector-de-estrella-nebulosa-astronauta-control-remoto-usb","status":"publish","type":"product","link":"https:\/\/gigawatt.com.ar\/index.php\/producto\/proyector-de-estrella-nebulosa-astronauta-control-remoto-usb\/","title":{"rendered":"Proyector de Estrella\/Nebulosa Astronauta Control Remoto Usb"},"content":{"rendered":"<p>Hermoso proyector de astronauta de galaxia, estrellas con temporizador y control remoto<br \/>\n&#8211; El paquete incluye:<br \/>\n1 L\u00e1mpara de proyecci\u00f3n<br \/>\n1 Control remoto ( a bateria: AAA)<br \/>\n1 Cable de alimentaci\u00f3n<br \/>\n1 Manual de instrucciones<\/p>\n<p>Caracter\u00edsticas:<br \/>\n&#8211; Varios colores de nebulosa<br \/>\n&#8211; Bot\u00f3n y Control remoto<br \/>\n&#8211; Temporizador: 45 min, 90 min<br \/>\n&#8211; \u00c1ngulo de proyecci\u00f3n ajustable<br \/>\n&#8211; Velocidad y brillo ajustables<br \/>\n&#8211; Efectos estrellados de galaxia incre\u00edbles<br \/>\n&#8211; El proyector contiene 5 niveles de brillo y 8 colores de nebulosa<br \/>\n&#8211; Ideal para que los ni\u00f1os duerman bien<br \/>\n&#8211; El proyector de techo es adecuado para cumplea\u00f1os, Navidad, D\u00eda del ni\u00f1o y otros d\u00edas festivos, lo que crea un ambiente maravilloso y estrellado para ayudar a los ni\u00f1os a estimular su curiosidad, imaginaci\u00f3n y creatividad.<br \/>\n&#8211; Tambi\u00e9n es perfecto para la decoraci\u00f3n interior como una luz de ambiente.<br \/>\n&#8211; Estimula la imaginaci\u00f3n de los ni\u00f1os y los lleva a explorar la belleza del universo. Luz nocturna con materiales ecol\u00f3gicos no t\u00f3xicos, segura de usar o tocar, y sin ruido al usarlo.<\/p>\n<p>Color del producto: blanco<br \/>\nMaterial: ABS + PC + PVC<br \/>\nEntrada de funcionamiento: 5V = 1A<br \/>\nPotencia del LED: &lt; 5W<br \/>\nLongitud de onda del l\u00e1ser: nm<br \/>\nFuente de alimentaci\u00f3n: 100 &#8211; 240V ~ 50\/60Hz 0,4a<br \/>\nModo de Control: control remoto<br \/>\nRango de Control remoto: 5 metros<\/p>\n<p>&#8211; F\u00e1cil de encender\/apagar o cambiar los diversos modos con control remoto. Tambi\u00e9n puede configurar el temporizador inteligente en 45 o 90 minutos, en cuyo caso el proyector led galaxy para dormitorio se apagar\u00e1 autom\u00e1ticamente despu\u00e9s de dormirse bajo un cielo estrellado.<\/p>\n<p>\u00dasalo en el living, el dormitorio, el cine en casa, la sala de juegos, etc.<br \/>\nPara todas ocasiones como noches de cine, noches de citas, fiestas interiores (Halloween, cumplea\u00f1os, cena, baile, rave, fiestas de camping), juegos, dormir y mas.<\/p>\n","protected":false},"excerpt":{"rendered":"<p>Proyector de Estrella\/Nebulosa Astronauta Control Remoto<\/p>\n","protected":false},"featured_media":2618,"template":"","meta":{"site-sidebar-layout":"default","site-content-layout":"","ast-site-content-layout":"default","site-content-style":"default","site-sidebar-style":"default","ast-global-header-display":"","ast-banner-title-visibility":"","ast-main-header-display":"","ast-hfb-above-header-display":"","ast-hfb-below-header-display":"","ast-hfb-mobile-header-display":"","site-post-title":"","ast-breadcrumbs-content":"","ast-featured-img":"","footer-sml-layout":"","theme-transparent-header-meta":"default","adv-header-id-meta":"","stick-header-meta":"","header-above-stick-meta":"","header-main-stick-meta":"","header-below-stick-meta":"","astra-migrate-meta-layouts":"set","ast-page-background-enabled":"default","ast-page-background-meta":{"desktop":{"background-color":"var(--ast-global-color-4)","background-image":"","background-repeat":"repeat","background-position":"center center","background-size":"auto","background-attachment":"scroll","background-type":"","background-media":"","overlay-type":"","overlay-color":"","overlay-opacity":"","overlay-gradient":""},"tablet":{"background-color":"","background-image":"","background-repeat":"repeat","background-position":"center center","background-size":"auto","background-attachment":"scroll","background-type":"","background-media":"","overlay-type":"","overlay-color":"","overlay-opacity":"","overlay-gradient":""},"mobile":{"background-color":"","background-image":"","background-repeat":"repeat","background-position":"center center","background-size":"auto","background-attachment":"scroll","background-type":"","background-media":"","overlay-type":"","overlay-color":"","overlay-opacity":"","overlay-gradient":""}},"ast-content-background-meta":{"desktop":{"background-color":"var(--ast-global-color-5)","background-image":"","background-repeat":"repeat","background-position":"center center","background-size":"auto","background-attachment":"scroll","background-type":"","background-media":"","overlay-type":"","overlay-color":"","overlay-opacity":"","overlay-gradient":""},"tablet":{"background-color":"var(--ast-global-color-5)","background-image":"","background-repeat":"repeat","background-position":"center center","background-size":"auto","background-attachment":"scroll","background-type":"","background-media":"","overlay-type":"","overlay-color":"","overlay-opacity":"","overlay-gradient":""},"mobile":{"background-color":"var(--ast-global-color-5)","background-image":"","background-repeat":"repeat","background-position":"center center","background-size":"auto","background-attachment":"scroll","background-type":"","background-media":"","overlay-type":"","overlay-color":"","overlay-opacity":"","overlay-gradient":""}}},"pwb-brand":[],"product_brand":[],"product_cat":[328,405],"product_tag":[412,408,411,409,406,407,410],"class_list":{"0":"post-2616","1":"product","2":"type-product","3":"status-publish","4":"has-post-thumbnail","6":"product_cat-iluminacion","7":"product_cat-infantil","8":"product_tag-luminaria-infantil","9":"product_tag-luz-de-noche","10":"product_tag-luz-infantil","11":"product_tag-proyector-astronauta","12":"product_tag-proyector-estrellas","13":"product_tag-proyector-nebulosa","14":"product_tag-velador-infantil","15":"desktop-align-left","16":"tablet-align-left","17":"mobile-align-left","19":"first","20":"instock","21":"shipping-taxable","22":"purchasable","23":"product-type-simple"},"jetpack_sharing_enabled":true,"brands":[],"_links":{"self":[{"href":"https:\/\/gigawatt.com.ar\/index.php\/wp-json\/wp\/v2\/product\/2616","targetHints":{"allow":["GET"]}}],"collection":[{"href":"https:\/\/gigawatt.com.ar\/index.php\/wp-json\/wp\/v2\/product"}],"about":[{"href":"https:\/\/gigawatt.com.ar\/index.php\/wp-json\/wp\/v2\/types\/product"}],"version-history":[{"count":1,"href":"https:\/\/gigawatt.com.ar\/index.php\/wp-json\/wp\/v2\/product\/2616\/revisions"}],"predecessor-version":[{"id":2619,"href":"https:\/\/gigawatt.com.ar\/index.php\/wp-json\/wp\/v2\/product\/2616\/revisions\/2619"}],"wp:featuredmedia":[{"embeddable":true,"href":"https:\/\/gigawatt.com.ar\/index.php\/wp-json\/wp\/v2\/media\/2618"}],"wp:attachment":[{"href":"https:\/\/gigawatt.com.ar\/index.php\/wp-json\/wp\/v2\/media?parent=2616"}],"wp:term":[{"taxonomy":"pwb-brand","embeddable":true,"href":"https:\/\/gigawatt.com.ar\/index.php\/wp-json\/wp\/v2\/pwb-brand?post=2616"},{"taxonomy":"product_brand","embeddable":true,"href":"https:\/\/gigawatt.com.ar\/index.php\/wp-json\/wp\/v2\/product_brand?post=2616"},{"taxonomy":"product_cat","embeddable":true,"href":"https:\/\/gigawatt.com.ar\/index.php\/wp-json\/wp\/v2\/product_cat?post=2616"},{"taxonomy":"product_tag","embeddable":true,"href":"https:\/\/gigawatt.com.ar\/index.php\/wp-json\/wp\/v2\/product_tag?post=2616"}],"curies":[{"name":"wp","href":"https:\/\/api.w.org\/{rel}","templated":true}]}}