{"id":2626,"date":"2025-07-07T16:41:00","date_gmt":"2025-07-07T19:41:00","guid":{"rendered":"https:\/\/gigawatt.com.ar\/?post_type=product&#038;p=2626"},"modified":"2025-12-30T12:46:21","modified_gmt":"2025-12-30T15:46:21","slug":"pizarra-magica-de-acrilico-luminosa-brillante-20x30cm","status":"publish","type":"product","link":"https:\/\/gigawatt.com.ar\/index.php\/producto\/pizarra-magica-de-acrilico-luminosa-brillante-20x30cm\/","title":{"rendered":"Pizarra Magica De Acrilico Luminosa Brillante 20x30cm"},"content":{"rendered":"<p>Pizarra M\u00e1gica Tableta 20&#215;30 Cm Luz Led Usb Acr\u00edlico Diy23<\/p>\n<p>Esta pizarra es ideal para el hogar o cualquier oficina, gracias a su moderno dise\u00f1o de acr\u00edlico, podr\u00e1s dibujar sobre ella con distinto colores que brillar\u00e1n en cada dibujo.<br \/>\nA\u00f1ade encanto \u00fanico a su escritorio. El cable USB de conexi\u00f3n se puede conectar con tomacorriente, cargador o banco de energ\u00eda.<\/p>\n<p>Puedes escribir o dibujar a voluntad, f\u00e1cil de limpiar, se puede utilizar repetidamente.<br \/>\nSi el borrador no se limpia con un pa\u00f1o, puedes tomar el spray y llenarlo con agua para continuar limpi\u00e1ndolo.<\/p>\n<p>Ejercita la imaginaci\u00f3n y creatividad de los ni\u00f1os haciendo que realicen distintos dibujos de muchos colores con diferente patrones.<\/p>\n<p>Se puede utilizar como tablero de mensajes, planificador, lista de compras o tablero de dibujo. Tambi\u00e9n es una hermosa decoraci\u00f3n para cualquier habitaci\u00f3n.<br \/>\nPerfecto para restaurantes, cafeter\u00edas, hoteles y mucho m\u00e1s.<br \/>\nEl regalo ideal para cumplea\u00f1os, aniversarios, Navidades, A\u00f1o Nuevos, etc.<\/p>\n<p>Est\u00e1 hecha de material acr\u00edlico duradero.<br \/>\nViene con 7 bol\u00edgrafos de colores, 1 soporte y 1 pa\u00f1o de limpieza.<\/p>\n<p>Dise\u00f1o sencillo y port\u00e1til para transportarla a donde quieras, duradera, resistente e ideal para todas las edades. Escribes o dibujas y borras.<\/p>\n<p>DATOS TECNICOS<\/p>\n<p>Material: Acr\u00edlico.<br \/>\nMedidas: 20 cm x 30 cm.<br \/>\nAlimentaci\u00f3n: USB incorporado (Fuente no incluida).<br \/>\nVoltaje: 5v.<br \/>\nLuz: LED.<br \/>\nMarcadores: 7.<br \/>\nSoporte: Si.<br \/>\nPa\u00f1o borrador: 1.<\/p>\n","protected":false},"excerpt":{"rendered":"<h3 class=\"editable-text\" contenteditable=\"true\" data-column=\"descripcion\">Pizarra Magica De Acrilico Luminosa 20x30cm<\/h3>\n","protected":false},"featured_media":2622,"template":"","meta":{"site-sidebar-layout":"default","site-content-layout":"","ast-site-content-layout":"default","site-content-style":"default","site-sidebar-style":"default","ast-global-header-display":"","ast-banner-title-visibility":"","ast-main-header-display":"","ast-hfb-above-header-display":"","ast-hfb-below-header-display":"","ast-hfb-mobile-header-display":"","site-post-title":"","ast-breadcrumbs-content":"","ast-featured-img":"","footer-sml-layout":"","theme-transparent-header-meta":"default","adv-header-id-meta":"","stick-header-meta":"","header-above-stick-meta":"","header-main-stick-meta":"","header-below-stick-meta":"","astra-migrate-meta-layouts":"set","ast-page-background-enabled":"default","ast-page-background-meta":{"desktop":{"background-color":"var(--ast-global-color-4)","background-image":"","background-repeat":"repeat","background-position":"center center","background-size":"auto","background-attachment":"scroll","background-type":"","background-media":"","overlay-type":"","overlay-color":"","overlay-opacity":"","overlay-gradient":""},"tablet":{"background-color":"","background-image":"","background-repeat":"repeat","background-position":"center center","background-size":"auto","background-attachment":"scroll","background-type":"","background-media":"","overlay-type":"","overlay-color":"","overlay-opacity":"","overlay-gradient":""},"mobile":{"background-color":"","background-image":"","background-repeat":"repeat","background-position":"center center","background-size":"auto","background-attachment":"scroll","background-type":"","background-media":"","overlay-type":"","overlay-color":"","overlay-opacity":"","overlay-gradient":""}},"ast-content-background-meta":{"desktop":{"background-color":"var(--ast-global-color-5)","background-image":"","background-repeat":"repeat","background-position":"center center","background-size":"auto","background-attachment":"scroll","background-type":"","background-media":"","overlay-type":"","overlay-color":"","overlay-opacity":"","overlay-gradient":""},"tablet":{"background-color":"var(--ast-global-color-5)","background-image":"","background-repeat":"repeat","background-position":"center center","background-size":"auto","background-attachment":"scroll","background-type":"","background-media":"","overlay-type":"","overlay-color":"","overlay-opacity":"","overlay-gradient":""},"mobile":{"background-color":"var(--ast-global-color-5)","background-image":"","background-repeat":"repeat","background-position":"center center","background-size":"auto","background-attachment":"scroll","background-type":"","background-media":"","overlay-type":"","overlay-color":"","overlay-opacity":"","overlay-gradient":""}}},"pwb-brand":[],"product_brand":[],"product_cat":[328,405],"product_tag":[415,413,414],"class_list":{"0":"post-2626","1":"product","2":"type-product","3":"status-publish","4":"has-post-thumbnail","6":"product_cat-iluminacion","7":"product_cat-infantil","8":"product_tag-pizarra-dibujo","9":"product_tag-pizarra-luminosa","10":"product_tag-pizzarra-led","11":"desktop-align-left","12":"tablet-align-left","13":"mobile-align-left","15":"first","16":"outofstock","17":"shipping-taxable","18":"purchasable","19":"product-type-simple"},"jetpack_sharing_enabled":true,"brands":[],"_links":{"self":[{"href":"https:\/\/gigawatt.com.ar\/index.php\/wp-json\/wp\/v2\/product\/2626","targetHints":{"allow":["GET"]}}],"collection":[{"href":"https:\/\/gigawatt.com.ar\/index.php\/wp-json\/wp\/v2\/product"}],"about":[{"href":"https:\/\/gigawatt.com.ar\/index.php\/wp-json\/wp\/v2\/types\/product"}],"version-history":[{"count":2,"href":"https:\/\/gigawatt.com.ar\/index.php\/wp-json\/wp\/v2\/product\/2626\/revisions"}],"predecessor-version":[{"id":4786,"href":"https:\/\/gigawatt.com.ar\/index.php\/wp-json\/wp\/v2\/product\/2626\/revisions\/4786"}],"wp:featuredmedia":[{"embeddable":true,"href":"https:\/\/gigawatt.com.ar\/index.php\/wp-json\/wp\/v2\/media\/2622"}],"wp:attachment":[{"href":"https:\/\/gigawatt.com.ar\/index.php\/wp-json\/wp\/v2\/media?parent=2626"}],"wp:term":[{"taxonomy":"pwb-brand","embeddable":true,"href":"https:\/\/gigawatt.com.ar\/index.php\/wp-json\/wp\/v2\/pwb-brand?post=2626"},{"taxonomy":"product_brand","embeddable":true,"href":"https:\/\/gigawatt.com.ar\/index.php\/wp-json\/wp\/v2\/product_brand?post=2626"},{"taxonomy":"product_cat","embeddable":true,"href":"https:\/\/gigawatt.com.ar\/index.php\/wp-json\/wp\/v2\/product_cat?post=2626"},{"taxonomy":"product_tag","embeddable":true,"href":"https:\/\/gigawatt.com.ar\/index.php\/wp-json\/wp\/v2\/product_tag?post=2626"}],"curies":[{"name":"wp","href":"https:\/\/api.w.org\/{rel}","templated":true}]}}