{"id":2713,"date":"2025-07-29T16:35:02","date_gmt":"2025-07-29T19:35:02","guid":{"rendered":"https:\/\/gigawatt.com.ar\/?post_type=product&#038;p=2713"},"modified":"2025-08-26T10:44:44","modified_gmt":"2025-08-26T13:44:44","slug":"cable-rca-a-mini-plug-3-5-tv-audio-video-dvd-1-5-metros","status":"publish","type":"product","link":"https:\/\/gigawatt.com.ar\/index.php\/producto\/cable-rca-a-mini-plug-3-5-tv-audio-video-dvd-1-5-metros\/","title":{"rendered":"Cable Rca A Mini Plug 3.5 Tv Audio Video Dvd 1.5 Metros"},"content":{"rendered":"<h3 data-section-id=\"1tpgakw\" data-start=\"84\" data-end=\"131\">Cable RCA a Mini Plug 3.5 mm \u2013 1.5 Metros<\/h3>\n<p data-start=\"132\" data-end=\"180\"><strong data-start=\"132\" data-end=\"180\">Conexi\u00f3n de audio y video para TV, DVD y m\u00e1s<\/strong><\/p>\n<p data-start=\"182\" data-end=\"436\">Este cable convierte una salida de mini plug 3.5 mm en tres conectores RCA, permitiendo transmitir audio y video con excelente calidad. Ideal para conectar reproductores de DVD, televisores, consolas y otros equipos multimedia a dispositivos compatibles.<\/p>\n<h4 data-start=\"438\" data-end=\"471\">Caracter\u00edsticas principales:<\/h4>\n<ul data-start=\"472\" data-end=\"711\">\n<li data-start=\"472\" data-end=\"545\">\n<p data-start=\"474\" data-end=\"545\"><strong data-start=\"474\" data-end=\"495\">Tipo de conexi\u00f3n:<\/strong> Mini Plug 3.5 mm (TRRS) a 3 RCA (audio y video)<\/p>\n<\/li>\n<li data-start=\"546\" data-end=\"574\">\n<p data-start=\"548\" data-end=\"574\"><strong data-start=\"548\" data-end=\"561\">Longitud:<\/strong> 1,5 metros<\/p>\n<\/li>\n<li data-start=\"575\" data-end=\"642\">\n<p data-start=\"577\" data-end=\"642\"><strong data-start=\"577\" data-end=\"592\">Ideal para:<\/strong> TV, DVD, proyectores, consolas, parlantes, etc.<\/p>\n<\/li>\n<li data-start=\"643\" data-end=\"673\">\n<p data-start=\"645\" data-end=\"673\"><strong data-start=\"645\" data-end=\"671\">Buena calidad de se\u00f1al<\/strong><\/p>\n<\/li>\n<li data-start=\"674\" data-end=\"711\">\n<p data-start=\"676\" data-end=\"711\"><strong data-start=\"676\" data-end=\"711\">Plug niquelado y cable flexible<\/strong><\/p>\n<\/li>\n<\/ul>\n<p data-start=\"713\" data-end=\"777\">F\u00e1cil de usar, pr\u00e1ctico y compatible con m\u00faltiples dispositivos.<\/p>\n","protected":false},"excerpt":{"rendered":"<p>Cable Rca A Mini Plug 3.5 Tv Audio Video Dvd 1.5 Metros<\/p>\n","protected":false},"featured_media":2714,"template":"","meta":{"site-sidebar-layout":"default","site-content-layout":"","ast-site-content-layout":"default","site-content-style":"default","site-sidebar-style":"default","ast-global-header-display":"","ast-banner-title-visibility":"","ast-main-header-display":"","ast-hfb-above-header-display":"","ast-hfb-below-header-display":"","ast-hfb-mobile-header-display":"","site-post-title":"","ast-breadcrumbs-content":"","ast-featured-img":"","footer-sml-layout":"","theme-transparent-header-meta":"default","adv-header-id-meta":"","stick-header-meta":"","header-above-stick-meta":"","header-main-stick-meta":"","header-below-stick-meta":"","astra-migrate-meta-layouts":"set","ast-page-background-enabled":"default","ast-page-background-meta":{"desktop":{"background-color":"var(--ast-global-color-4)","background-image":"","background-repeat":"repeat","background-position":"center center","background-size":"auto","background-attachment":"scroll","background-type":"","background-media":"","overlay-type":"","overlay-color":"","overlay-opacity":"","overlay-gradient":""},"tablet":{"background-color":"","background-image":"","background-repeat":"repeat","background-position":"center center","background-size":"auto","background-attachment":"scroll","background-type":"","background-media":"","overlay-type":"","overlay-color":"","overlay-opacity":"","overlay-gradient":""},"mobile":{"background-color":"","background-image":"","background-repeat":"repeat","background-position":"center center","background-size":"auto","background-attachment":"scroll","background-type":"","background-media":"","overlay-type":"","overlay-color":"","overlay-opacity":"","overlay-gradient":""}},"ast-content-background-meta":{"desktop":{"background-color":"var(--ast-global-color-5)","background-image":"","background-repeat":"repeat","background-position":"center center","background-size":"auto","background-attachment":"scroll","background-type":"","background-media":"","overlay-type":"","overlay-color":"","overlay-opacity":"","overlay-gradient":""},"tablet":{"background-color":"var(--ast-global-color-5)","background-image":"","background-repeat":"repeat","background-position":"center center","background-size":"auto","background-attachment":"scroll","background-type":"","background-media":"","overlay-type":"","overlay-color":"","overlay-opacity":"","overlay-gradient":""},"mobile":{"background-color":"var(--ast-global-color-5)","background-image":"","background-repeat":"repeat","background-position":"center center","background-size":"auto","background-attachment":"scroll","background-type":"","background-media":"","overlay-type":"","overlay-color":"","overlay-opacity":"","overlay-gradient":""}}},"pwb-brand":[],"product_brand":[],"product_cat":[355,128,386],"product_tag":[],"class_list":{"0":"post-2713","1":"product","2":"type-product","3":"status-publish","4":"has-post-thumbnail","6":"product_cat-cables","7":"product_cat-cables_armado","8":"product_cat-conectividad","9":"desktop-align-left","10":"tablet-align-left","11":"mobile-align-left","13":"first","14":"instock","15":"shipping-taxable","16":"purchasable","17":"product-type-simple"},"jetpack_sharing_enabled":true,"brands":[],"_links":{"self":[{"href":"https:\/\/gigawatt.com.ar\/index.php\/wp-json\/wp\/v2\/product\/2713","targetHints":{"allow":["GET"]}}],"collection":[{"href":"https:\/\/gigawatt.com.ar\/index.php\/wp-json\/wp\/v2\/product"}],"about":[{"href":"https:\/\/gigawatt.com.ar\/index.php\/wp-json\/wp\/v2\/types\/product"}],"version-history":[{"count":2,"href":"https:\/\/gigawatt.com.ar\/index.php\/wp-json\/wp\/v2\/product\/2713\/revisions"}],"predecessor-version":[{"id":2724,"href":"https:\/\/gigawatt.com.ar\/index.php\/wp-json\/wp\/v2\/product\/2713\/revisions\/2724"}],"wp:featuredmedia":[{"embeddable":true,"href":"https:\/\/gigawatt.com.ar\/index.php\/wp-json\/wp\/v2\/media\/2714"}],"wp:attachment":[{"href":"https:\/\/gigawatt.com.ar\/index.php\/wp-json\/wp\/v2\/media?parent=2713"}],"wp:term":[{"taxonomy":"pwb-brand","embeddable":true,"href":"https:\/\/gigawatt.com.ar\/index.php\/wp-json\/wp\/v2\/pwb-brand?post=2713"},{"taxonomy":"product_brand","embeddable":true,"href":"https:\/\/gigawatt.com.ar\/index.php\/wp-json\/wp\/v2\/product_brand?post=2713"},{"taxonomy":"product_cat","embeddable":true,"href":"https:\/\/gigawatt.com.ar\/index.php\/wp-json\/wp\/v2\/product_cat?post=2713"},{"taxonomy":"product_tag","embeddable":true,"href":"https:\/\/gigawatt.com.ar\/index.php\/wp-json\/wp\/v2\/product_tag?post=2713"}],"curies":[{"name":"wp","href":"https:\/\/api.w.org\/{rel}","templated":true}]}}