{"id":2731,"date":"2025-07-29T16:51:52","date_gmt":"2025-07-29T19:51:52","guid":{"rendered":"https:\/\/gigawatt.com.ar\/?post_type=product&#038;p=2731"},"modified":"2025-10-09T13:05:35","modified_gmt":"2025-10-09T16:05:35","slug":"auriculares-flat-heavy-bass-negro","status":"publish","type":"product","link":"https:\/\/gigawatt.com.ar\/index.php\/producto\/auriculares-flat-heavy-bass-negro\/","title":{"rendered":"Auriculares Flat Heavy Bass Negro"},"content":{"rendered":"<h3 data-section-id=\"1rh9v3d\" data-start=\"101\" data-end=\"134\">Auriculares Flat Heavy Bass<\/h3>\n<p data-start=\"135\" data-end=\"191\"><strong data-start=\"135\" data-end=\"191\">Dise\u00f1o c\u00f3modo y sonido potente con graves reforzados<\/strong><\/p>\n<p data-start=\"193\" data-end=\"417\">Estos auriculares est\u00e1n dise\u00f1ados para quienes disfrutan de un sonido envolvente con graves intensos. Su dise\u00f1o plano y liviano los hace ideales para el uso diario, ya sea para escuchar m\u00fasica, ver videos o atender llamadas.<\/p>\n<h4 data-start=\"419\" data-end=\"452\">Caracter\u00edsticas principales:<\/h4>\n<ul data-start=\"453\" data-end=\"701\">\n<li data-start=\"453\" data-end=\"510\">\n<p data-start=\"455\" data-end=\"510\"><strong data-start=\"455\" data-end=\"508\">Sonido potente con refuerzo de bajos (Heavy Bass)<\/strong><\/p>\n<\/li>\n<li data-start=\"511\" data-end=\"556\">\n<p data-start=\"513\" data-end=\"556\"><strong data-start=\"513\" data-end=\"554\">Dise\u00f1o flat (plano) que evita enredos<\/strong><\/p>\n<\/li>\n<li data-start=\"557\" data-end=\"589\">\n<p data-start=\"559\" data-end=\"589\"><strong data-start=\"559\" data-end=\"587\">Conector est\u00e1ndar 3.5 mm<\/strong><\/p>\n<\/li>\n<li data-start=\"590\" data-end=\"652\">\n<p data-start=\"592\" data-end=\"652\"><strong data-start=\"592\" data-end=\"650\">Compatibles con celulares, tablets, computadoras y m\u00e1s<\/strong><\/p>\n<\/li>\n<li data-start=\"653\" data-end=\"701\">\n<p data-start=\"655\" data-end=\"701\"><strong data-start=\"655\" data-end=\"701\">Livianos, c\u00f3modos y f\u00e1ciles de transportar<\/strong><\/p>\n<\/li>\n<li data-start=\"653\" data-end=\"701\"><strong>Color: Negro<\/strong><\/li>\n<\/ul>\n<p data-start=\"703\" data-end=\"772\">Disfrut\u00e1 tus canciones favoritas con gran calidad de sonido y estilo.<\/p>\n","protected":false},"excerpt":{"rendered":"<p>Auriculares Flat Heavy Bass<\/p>\n","protected":false},"featured_media":2732,"template":"","meta":{"site-sidebar-layout":"default","site-content-layout":"","ast-site-content-layout":"default","site-content-style":"default","site-sidebar-style":"default","ast-global-header-display":"","ast-banner-title-visibility":"","ast-main-header-display":"","ast-hfb-above-header-display":"","ast-hfb-below-header-display":"","ast-hfb-mobile-header-display":"","site-post-title":"","ast-breadcrumbs-content":"","ast-featured-img":"","footer-sml-layout":"","theme-transparent-header-meta":"default","adv-header-id-meta":"","stick-header-meta":"","header-above-stick-meta":"","header-main-stick-meta":"","header-below-stick-meta":"","astra-migrate-meta-layouts":"set","ast-page-background-enabled":"default","ast-page-background-meta":{"desktop":{"background-color":"var(--ast-global-color-4)","background-image":"","background-repeat":"repeat","background-position":"center center","background-size":"auto","background-attachment":"scroll","background-type":"","background-media":"","overlay-type":"","overlay-color":"","overlay-opacity":"","overlay-gradient":""},"tablet":{"background-color":"","background-image":"","background-repeat":"repeat","background-position":"center center","background-size":"auto","background-attachment":"scroll","background-type":"","background-media":"","overlay-type":"","overlay-color":"","overlay-opacity":"","overlay-gradient":""},"mobile":{"background-color":"","background-image":"","background-repeat":"repeat","background-position":"center center","background-size":"auto","background-attachment":"scroll","background-type":"","background-media":"","overlay-type":"","overlay-color":"","overlay-opacity":"","overlay-gradient":""}},"ast-content-background-meta":{"desktop":{"background-color":"var(--ast-global-color-5)","background-image":"","background-repeat":"repeat","background-position":"center center","background-size":"auto","background-attachment":"scroll","background-type":"","background-media":"","overlay-type":"","overlay-color":"","overlay-opacity":"","overlay-gradient":""},"tablet":{"background-color":"var(--ast-global-color-5)","background-image":"","background-repeat":"repeat","background-position":"center center","background-size":"auto","background-attachment":"scroll","background-type":"","background-media":"","overlay-type":"","overlay-color":"","overlay-opacity":"","overlay-gradient":""},"mobile":{"background-color":"var(--ast-global-color-5)","background-image":"","background-repeat":"repeat","background-position":"center center","background-size":"auto","background-attachment":"scroll","background-type":"","background-media":"","overlay-type":"","overlay-color":"","overlay-opacity":"","overlay-gradient":""}}},"pwb-brand":[],"product_brand":[],"product_cat":[462,386],"product_tag":[],"class_list":{"0":"post-2731","1":"product","2":"type-product","3":"status-publish","4":"has-post-thumbnail","6":"product_cat-auriculares","7":"product_cat-conectividad","8":"desktop-align-left","9":"tablet-align-left","10":"mobile-align-left","12":"first","13":"instock","14":"shipping-taxable","15":"purchasable","16":"product-type-simple"},"jetpack_sharing_enabled":true,"brands":[],"_links":{"self":[{"href":"https:\/\/gigawatt.com.ar\/index.php\/wp-json\/wp\/v2\/product\/2731","targetHints":{"allow":["GET"]}}],"collection":[{"href":"https:\/\/gigawatt.com.ar\/index.php\/wp-json\/wp\/v2\/product"}],"about":[{"href":"https:\/\/gigawatt.com.ar\/index.php\/wp-json\/wp\/v2\/types\/product"}],"version-history":[{"count":1,"href":"https:\/\/gigawatt.com.ar\/index.php\/wp-json\/wp\/v2\/product\/2731\/revisions"}],"predecessor-version":[{"id":2733,"href":"https:\/\/gigawatt.com.ar\/index.php\/wp-json\/wp\/v2\/product\/2731\/revisions\/2733"}],"wp:featuredmedia":[{"embeddable":true,"href":"https:\/\/gigawatt.com.ar\/index.php\/wp-json\/wp\/v2\/media\/2732"}],"wp:attachment":[{"href":"https:\/\/gigawatt.com.ar\/index.php\/wp-json\/wp\/v2\/media?parent=2731"}],"wp:term":[{"taxonomy":"pwb-brand","embeddable":true,"href":"https:\/\/gigawatt.com.ar\/index.php\/wp-json\/wp\/v2\/pwb-brand?post=2731"},{"taxonomy":"product_brand","embeddable":true,"href":"https:\/\/gigawatt.com.ar\/index.php\/wp-json\/wp\/v2\/product_brand?post=2731"},{"taxonomy":"product_cat","embeddable":true,"href":"https:\/\/gigawatt.com.ar\/index.php\/wp-json\/wp\/v2\/product_cat?post=2731"},{"taxonomy":"product_tag","embeddable":true,"href":"https:\/\/gigawatt.com.ar\/index.php\/wp-json\/wp\/v2\/product_tag?post=2731"}],"curies":[{"name":"wp","href":"https:\/\/api.w.org\/{rel}","templated":true}]}}