{"id":2768,"date":"2025-07-30T17:09:44","date_gmt":"2025-07-30T20:09:44","guid":{"rendered":"https:\/\/gigawatt.com.ar\/?post_type=product&#038;p=2768"},"modified":"2025-08-26T10:44:44","modified_gmt":"2025-08-26T13:44:44","slug":"set-mechas-copa-19-a-127mm-16-piezas","status":"publish","type":"product","link":"https:\/\/gigawatt.com.ar\/index.php\/producto\/set-mechas-copa-19-a-127mm-16-piezas\/","title":{"rendered":"Set Mechas Copa 19 a 127mm \u2013 16 Piezas"},"content":{"rendered":"<p data-start=\"143\" data-end=\"417\">Juego de mechas copa ideal para perforar madera, placas de yeso, MDF y materiales blandos.<\/p>\n<p data-start=\"143\" data-end=\"417\">Incluye 7 medidas de corte:<\/p>\n<ul>\n<li data-start=\"143\" data-end=\"417\"><strong data-start=\"264\" data-end=\"364\">19mm (3\/4&#8243;)<\/strong><\/li>\n<li data-start=\"143\" data-end=\"417\"><strong data-start=\"264\" data-end=\"364\">22mm (7\/8&#8243;)<\/strong><\/li>\n<li data-start=\"143\" data-end=\"417\"><strong data-start=\"264\" data-end=\"364\">29mm (1-1\/8&#8243;)<\/strong><\/li>\n<li data-start=\"143\" data-end=\"417\"><strong data-start=\"264\" data-end=\"364\">32mm (1-1\/4&#8243;)<\/strong><\/li>\n<li data-start=\"143\" data-end=\"417\"><strong data-start=\"264\" data-end=\"364\">38mm (1-1\/2&#8243;)<\/strong><\/li>\n<li data-start=\"143\" data-end=\"417\"><strong data-start=\"264\" data-end=\"364\">51mm (2&#8243;) <\/strong><\/li>\n<li data-start=\"143\" data-end=\"417\"><strong data-start=\"264\" data-end=\"364\">64mm (2-1\/2&#8243;)<\/strong><\/li>\n<li data-start=\"143\" data-end=\"417\"><strong>76mm (3&#8243;)<\/strong><\/li>\n<li data-start=\"143\" data-end=\"417\"><strong>89mm (3 1\/2&#8243;)<\/strong><\/li>\n<li data-start=\"143\" data-end=\"417\"><strong>102mm (4&#8243;)<\/strong><\/li>\n<li data-start=\"143\" data-end=\"417\"><strong>127mm (5&#8243;)<\/strong><br data-start=\"365\" data-end=\"368\" \/>m\u00e1s <strong data-start=\"372\" data-end=\"414\">base soporte, mecha gu\u00eda, llave Allen y estuche r\u00edgido<\/strong>.<\/li>\n<\/ul>\n<p data-start=\"419\" data-end=\"566\">Dise\u00f1adas para cortes limpios y r\u00e1pidos, son ideales para instalaciones el\u00e9ctricas, cajas, luminarias y m\u00e1s. Pr\u00e1ctico estuche organizador incluido.<\/p>\n","protected":false},"excerpt":{"rendered":"<p>Set Mechas Copa 19 a 127mm \u2013 16 Piezas<\/p>\n","protected":false},"featured_media":2769,"template":"","meta":{"site-sidebar-layout":"default","site-content-layout":"","ast-site-content-layout":"default","site-content-style":"default","site-sidebar-style":"default","ast-global-header-display":"","ast-banner-title-visibility":"","ast-main-header-display":"","ast-hfb-above-header-display":"","ast-hfb-below-header-display":"","ast-hfb-mobile-header-display":"","site-post-title":"","ast-breadcrumbs-content":"","ast-featured-img":"","footer-sml-layout":"","theme-transparent-header-meta":"default","adv-header-id-meta":"","stick-header-meta":"","header-above-stick-meta":"","header-main-stick-meta":"","header-below-stick-meta":"","astra-migrate-meta-layouts":"set","ast-page-background-enabled":"default","ast-page-background-meta":{"desktop":{"background-color":"var(--ast-global-color-4)","background-image":"","background-repeat":"repeat","background-position":"center center","background-size":"auto","background-attachment":"scroll","background-type":"","background-media":"","overlay-type":"","overlay-color":"","overlay-opacity":"","overlay-gradient":""},"tablet":{"background-color":"","background-image":"","background-repeat":"repeat","background-position":"center center","background-size":"auto","background-attachment":"scroll","background-type":"","background-media":"","overlay-type":"","overlay-color":"","overlay-opacity":"","overlay-gradient":""},"mobile":{"background-color":"","background-image":"","background-repeat":"repeat","background-position":"center center","background-size":"auto","background-attachment":"scroll","background-type":"","background-media":"","overlay-type":"","overlay-color":"","overlay-opacity":"","overlay-gradient":""}},"ast-content-background-meta":{"desktop":{"background-color":"var(--ast-global-color-5)","background-image":"","background-repeat":"repeat","background-position":"center center","background-size":"auto","background-attachment":"scroll","background-type":"","background-media":"","overlay-type":"","overlay-color":"","overlay-opacity":"","overlay-gradient":""},"tablet":{"background-color":"var(--ast-global-color-5)","background-image":"","background-repeat":"repeat","background-position":"center center","background-size":"auto","background-attachment":"scroll","background-type":"","background-media":"","overlay-type":"","overlay-color":"","overlay-opacity":"","overlay-gradient":""},"mobile":{"background-color":"var(--ast-global-color-5)","background-image":"","background-repeat":"repeat","background-position":"center center","background-size":"auto","background-attachment":"scroll","background-type":"","background-media":"","overlay-type":"","overlay-color":"","overlay-opacity":"","overlay-gradient":""}}},"pwb-brand":[],"product_brand":[],"product_cat":[210,430],"product_tag":[],"class_list":{"0":"post-2768","1":"product","2":"type-product","3":"status-publish","4":"has-post-thumbnail","6":"product_cat-herramientas","7":"product_cat-mechas","8":"desktop-align-left","9":"tablet-align-left","10":"mobile-align-left","12":"first","13":"instock","14":"shipping-taxable","15":"purchasable","16":"product-type-simple"},"jetpack_sharing_enabled":true,"brands":[],"_links":{"self":[{"href":"https:\/\/gigawatt.com.ar\/index.php\/wp-json\/wp\/v2\/product\/2768","targetHints":{"allow":["GET"]}}],"collection":[{"href":"https:\/\/gigawatt.com.ar\/index.php\/wp-json\/wp\/v2\/product"}],"about":[{"href":"https:\/\/gigawatt.com.ar\/index.php\/wp-json\/wp\/v2\/types\/product"}],"version-history":[{"count":1,"href":"https:\/\/gigawatt.com.ar\/index.php\/wp-json\/wp\/v2\/product\/2768\/revisions"}],"predecessor-version":[{"id":2770,"href":"https:\/\/gigawatt.com.ar\/index.php\/wp-json\/wp\/v2\/product\/2768\/revisions\/2770"}],"wp:featuredmedia":[{"embeddable":true,"href":"https:\/\/gigawatt.com.ar\/index.php\/wp-json\/wp\/v2\/media\/2769"}],"wp:attachment":[{"href":"https:\/\/gigawatt.com.ar\/index.php\/wp-json\/wp\/v2\/media?parent=2768"}],"wp:term":[{"taxonomy":"pwb-brand","embeddable":true,"href":"https:\/\/gigawatt.com.ar\/index.php\/wp-json\/wp\/v2\/pwb-brand?post=2768"},{"taxonomy":"product_brand","embeddable":true,"href":"https:\/\/gigawatt.com.ar\/index.php\/wp-json\/wp\/v2\/product_brand?post=2768"},{"taxonomy":"product_cat","embeddable":true,"href":"https:\/\/gigawatt.com.ar\/index.php\/wp-json\/wp\/v2\/product_cat?post=2768"},{"taxonomy":"product_tag","embeddable":true,"href":"https:\/\/gigawatt.com.ar\/index.php\/wp-json\/wp\/v2\/product_tag?post=2768"}],"curies":[{"name":"wp","href":"https:\/\/api.w.org\/{rel}","templated":true}]}}