{"id":2778,"date":"2025-08-01T17:05:18","date_gmt":"2025-08-01T20:05:18","guid":{"rendered":"https:\/\/gigawatt.com.ar\/?post_type=product&#038;p=2778"},"modified":"2025-10-08T16:37:16","modified_gmt":"2025-10-08T19:37:16","slug":"pinza-multifuncion-alicate-pelacable-crimpeadora-8-5-crv","status":"publish","type":"product","link":"https:\/\/gigawatt.com.ar\/index.php\/producto\/pinza-multifuncion-alicate-pelacable-crimpeadora-8-5-crv\/","title":{"rendered":"Pinza Multifuncion Alicate Pelacable Crimpeadora 8.5 Crv"},"content":{"rendered":"<h2>Pinza Multifunci\u00f3n 8.5&#8243; \u2013 Crimpeadora, Pelacables y Alicate<\/h2>\n<p>Herramienta 4 en 1 ideal para trabajos el\u00e9ctricos y de instalaci\u00f3n. Esta pinza multifunci\u00f3n permite crimpar, pelar cables y sujetar piezas con precisi\u00f3n y comodidad.<\/p>\n<p>Caracter\u00edsticas:<br \/>\n&#8211; Tama\u00f1o: 8.5 pulgadas<br \/>\n&#8211; Crimpeadora: para terminales de 0.75 mm\u00b2 a 6 mm\u00b2<br \/>\n&#8211; Pelacables: para conductores de 0.75 mm\u00b2 a 6 mm\u00b2<br \/>\n&#8211; Material: Acero Cromo Vanadio (CR-V), de alta resistencia<br \/>\n&#8211; Acabado: Niquelado, mayor durabilidad y protecci\u00f3n contra la corrosi\u00f3n<\/p>\n<p>Robusta, pr\u00e1ctica y dise\u00f1ada para durar. Una herramienta esencial en cualquier caja de herramientas.<\/p>\n","protected":false},"excerpt":{"rendered":"<p>Pinza Multifuncion Alicate Pelacable Crimpeadora 8.5<\/p>\n","protected":false},"featured_media":2779,"template":"","meta":{"site-sidebar-layout":"default","site-content-layout":"","ast-site-content-layout":"default","site-content-style":"default","site-sidebar-style":"default","ast-global-header-display":"","ast-banner-title-visibility":"","ast-main-header-display":"","ast-hfb-above-header-display":"","ast-hfb-below-header-display":"","ast-hfb-mobile-header-display":"","site-post-title":"","ast-breadcrumbs-content":"","ast-featured-img":"","footer-sml-layout":"","theme-transparent-header-meta":"default","adv-header-id-meta":"","stick-header-meta":"","header-above-stick-meta":"","header-main-stick-meta":"","header-below-stick-meta":"","astra-migrate-meta-layouts":"set","ast-page-background-enabled":"default","ast-page-background-meta":{"desktop":{"background-color":"var(--ast-global-color-4)","background-image":"","background-repeat":"repeat","background-position":"center center","background-size":"auto","background-attachment":"scroll","background-type":"","background-media":"","overlay-type":"","overlay-color":"","overlay-opacity":"","overlay-gradient":""},"tablet":{"background-color":"","background-image":"","background-repeat":"repeat","background-position":"center center","background-size":"auto","background-attachment":"scroll","background-type":"","background-media":"","overlay-type":"","overlay-color":"","overlay-opacity":"","overlay-gradient":""},"mobile":{"background-color":"","background-image":"","background-repeat":"repeat","background-position":"center center","background-size":"auto","background-attachment":"scroll","background-type":"","background-media":"","overlay-type":"","overlay-color":"","overlay-opacity":"","overlay-gradient":""}},"ast-content-background-meta":{"desktop":{"background-color":"var(--ast-global-color-5)","background-image":"","background-repeat":"repeat","background-position":"center center","background-size":"auto","background-attachment":"scroll","background-type":"","background-media":"","overlay-type":"","overlay-color":"","overlay-opacity":"","overlay-gradient":""},"tablet":{"background-color":"var(--ast-global-color-5)","background-image":"","background-repeat":"repeat","background-position":"center center","background-size":"auto","background-attachment":"scroll","background-type":"","background-media":"","overlay-type":"","overlay-color":"","overlay-opacity":"","overlay-gradient":""},"mobile":{"background-color":"var(--ast-global-color-5)","background-image":"","background-repeat":"repeat","background-position":"center center","background-size":"auto","background-attachment":"scroll","background-type":"","background-media":"","overlay-type":"","overlay-color":"","overlay-opacity":"","overlay-gradient":""}}},"pwb-brand":[288],"product_brand":[],"product_cat":[427,210],"product_tag":[432,433,434,431],"class_list":{"0":"post-2778","1":"product","2":"type-product","3":"status-publish","4":"has-post-thumbnail","6":"pwb-brand-brinna","7":"product_cat-pinzas","8":"product_cat-herramientas","9":"product_tag-crimpeadora","10":"product_tag-pelacables","11":"product_tag-pinza-alicate","12":"product_tag-pinza-multifuncion","13":"desktop-align-left","14":"tablet-align-left","15":"mobile-align-left","17":"first","18":"instock","19":"featured","20":"shipping-taxable","21":"purchasable","22":"product-type-simple"},"jetpack_sharing_enabled":true,"brands":[{"id":288,"name":"Brinna","slug":"brinna"}],"_links":{"self":[{"href":"https:\/\/gigawatt.com.ar\/index.php\/wp-json\/wp\/v2\/product\/2778","targetHints":{"allow":["GET"]}}],"collection":[{"href":"https:\/\/gigawatt.com.ar\/index.php\/wp-json\/wp\/v2\/product"}],"about":[{"href":"https:\/\/gigawatt.com.ar\/index.php\/wp-json\/wp\/v2\/types\/product"}],"version-history":[{"count":1,"href":"https:\/\/gigawatt.com.ar\/index.php\/wp-json\/wp\/v2\/product\/2778\/revisions"}],"predecessor-version":[{"id":2782,"href":"https:\/\/gigawatt.com.ar\/index.php\/wp-json\/wp\/v2\/product\/2778\/revisions\/2782"}],"wp:featuredmedia":[{"embeddable":true,"href":"https:\/\/gigawatt.com.ar\/index.php\/wp-json\/wp\/v2\/media\/2779"}],"wp:attachment":[{"href":"https:\/\/gigawatt.com.ar\/index.php\/wp-json\/wp\/v2\/media?parent=2778"}],"wp:term":[{"taxonomy":"pwb-brand","embeddable":true,"href":"https:\/\/gigawatt.com.ar\/index.php\/wp-json\/wp\/v2\/pwb-brand?post=2778"},{"taxonomy":"product_brand","embeddable":true,"href":"https:\/\/gigawatt.com.ar\/index.php\/wp-json\/wp\/v2\/product_brand?post=2778"},{"taxonomy":"product_cat","embeddable":true,"href":"https:\/\/gigawatt.com.ar\/index.php\/wp-json\/wp\/v2\/product_cat?post=2778"},{"taxonomy":"product_tag","embeddable":true,"href":"https:\/\/gigawatt.com.ar\/index.php\/wp-json\/wp\/v2\/product_tag?post=2778"}],"curies":[{"name":"wp","href":"https:\/\/api.w.org\/{rel}","templated":true}]}}