{"id":4517,"date":"2025-10-08T17:02:20","date_gmt":"2025-10-08T20:02:20","guid":{"rendered":"https:\/\/gigawatt.com.ar\/?post_type=product&#038;p=4517"},"modified":"2026-03-09T11:23:10","modified_gmt":"2026-03-09T14:23:10","slug":"luz-de-emergencia-60-leds-luminaria-portatil-10-horas","status":"publish","type":"product","link":"https:\/\/gigawatt.com.ar\/index.php\/producto\/luz-de-emergencia-60-leds-luminaria-portatil-10-horas\/","title":{"rendered":"Luz De Emergencia 60 Leds Luminaria Portatil 10 Horas"},"content":{"rendered":"<h4>Luz de Emergencia 60 LED SMD \u2013 10 hs Autonom\u00eda<\/h4>\n<p>Pr\u00e1ctica y confiable, ideal para cortes de energ\u00eda. Ofrece hasta 10 horas de autonom\u00eda, con luz fr\u00eda de alta intensidad y bater\u00eda recargable de larga vida \u00fatil.<\/p>\n<p>&#8211; Caracter\u00edsticas principales:<\/p>\n<p>Alimentaci\u00f3n: 220V CA \u2013 50\/60 Hz.<br \/>\nPotencia: 6W.<br \/>\nFlujo luminoso: 440 lm (alto) \/ 170 lm (bajo).<br \/>\nTemperatura de color: 6500K (luz fr\u00eda).<br \/>\nTiempo de respuesta: 0,5 segundos.<br \/>\nAutonom\u00eda: 4 a 10 horas seg\u00fan modo de uso.<br \/>\nBater\u00eda recargable: 4V 2Ah plomo-\u00e1cido herm\u00e9tica.<br \/>\nTiempo de carga: 20 a 24 horas.<br \/>\nLED SMD 2835 (60 unidades).<br \/>\nProtecci\u00f3n: IP23.<br \/>\nAislaci\u00f3n: Clase II.<br \/>\nDimensiones: 400 x 72 x 40 mm.<br \/>\nPeso: 481 g.<br \/>\nMaterial: ABS resistente al fuego.<br \/>\nIncluye cable de conexi\u00f3n de 80 cm (2&#215;0,75 mm).<br \/>\nNormativa: IEC 62598-2-22.<\/p>\n<p>&#8211; Funciones:<\/p>\n<p>Bot\u00f3n de prueba para verificar el funcionamiento.<br \/>\nDoble modo de iluminaci\u00f3n (alto y bajo).<\/p>\n","protected":false},"excerpt":{"rendered":"<p>Luz De Emergencia 60 Leds Luminaria Portatil 10 Horas<\/p>\n","protected":false},"featured_media":4518,"template":"","meta":{"site-sidebar-layout":"default","site-content-layout":"","ast-site-content-layout":"default","site-content-style":"default","site-sidebar-style":"default","ast-global-header-display":"","ast-banner-title-visibility":"","ast-main-header-display":"","ast-hfb-above-header-display":"","ast-hfb-below-header-display":"","ast-hfb-mobile-header-display":"","site-post-title":"","ast-breadcrumbs-content":"","ast-featured-img":"","footer-sml-layout":"","theme-transparent-header-meta":"default","adv-header-id-meta":"","stick-header-meta":"","header-above-stick-meta":"","header-main-stick-meta":"","header-below-stick-meta":"","astra-migrate-meta-layouts":"set","ast-page-background-enabled":"default","ast-page-background-meta":{"desktop":{"background-color":"var(--ast-global-color-4)","background-image":"","background-repeat":"repeat","background-position":"center center","background-size":"auto","background-attachment":"scroll","background-type":"","background-media":"","overlay-type":"","overlay-color":"","overlay-opacity":"","overlay-gradient":""},"tablet":{"background-color":"","background-image":"","background-repeat":"repeat","background-position":"center center","background-size":"auto","background-attachment":"scroll","background-type":"","background-media":"","overlay-type":"","overlay-color":"","overlay-opacity":"","overlay-gradient":""},"mobile":{"background-color":"","background-image":"","background-repeat":"repeat","background-position":"center center","background-size":"auto","background-attachment":"scroll","background-type":"","background-media":"","overlay-type":"","overlay-color":"","overlay-opacity":"","overlay-gradient":""}},"ast-content-background-meta":{"desktop":{"background-color":"var(--ast-global-color-5)","background-image":"","background-repeat":"repeat","background-position":"center center","background-size":"auto","background-attachment":"scroll","background-type":"","background-media":"","overlay-type":"","overlay-color":"","overlay-opacity":"","overlay-gradient":""},"tablet":{"background-color":"var(--ast-global-color-5)","background-image":"","background-repeat":"repeat","background-position":"center center","background-size":"auto","background-attachment":"scroll","background-type":"","background-media":"","overlay-type":"","overlay-color":"","overlay-opacity":"","overlay-gradient":""},"mobile":{"background-color":"var(--ast-global-color-5)","background-image":"","background-repeat":"repeat","background-position":"center center","background-size":"auto","background-attachment":"scroll","background-type":"","background-media":"","overlay-type":"","overlay-color":"","overlay-opacity":"","overlay-gradient":""}}},"pwb-brand":[279],"product_brand":[],"product_cat":[328,346,449],"product_tag":[453,452,454],"class_list":{"0":"post-4517","1":"product","2":"type-product","3":"status-publish","4":"has-post-thumbnail","6":"pwb-brand-baw","7":"product_cat-iluminacion","8":"product_cat-luz_de_emergencia","9":"product_cat-outdoor","10":"product_tag-luminaria-emergencia","11":"product_tag-luz-de-emergencia","12":"product_tag-luz-recargable","13":"desktop-align-left","14":"tablet-align-left","15":"mobile-align-left","17":"first","18":"outofstock","19":"shipping-taxable","20":"purchasable","21":"product-type-simple"},"jetpack_sharing_enabled":true,"brands":[{"id":279,"name":"BAW","slug":"baw"}],"_links":{"self":[{"href":"https:\/\/gigawatt.com.ar\/index.php\/wp-json\/wp\/v2\/product\/4517","targetHints":{"allow":["GET"]}}],"collection":[{"href":"https:\/\/gigawatt.com.ar\/index.php\/wp-json\/wp\/v2\/product"}],"about":[{"href":"https:\/\/gigawatt.com.ar\/index.php\/wp-json\/wp\/v2\/types\/product"}],"version-history":[{"count":1,"href":"https:\/\/gigawatt.com.ar\/index.php\/wp-json\/wp\/v2\/product\/4517\/revisions"}],"predecessor-version":[{"id":4519,"href":"https:\/\/gigawatt.com.ar\/index.php\/wp-json\/wp\/v2\/product\/4517\/revisions\/4519"}],"wp:featuredmedia":[{"embeddable":true,"href":"https:\/\/gigawatt.com.ar\/index.php\/wp-json\/wp\/v2\/media\/4518"}],"wp:attachment":[{"href":"https:\/\/gigawatt.com.ar\/index.php\/wp-json\/wp\/v2\/media?parent=4517"}],"wp:term":[{"taxonomy":"pwb-brand","embeddable":true,"href":"https:\/\/gigawatt.com.ar\/index.php\/wp-json\/wp\/v2\/pwb-brand?post=4517"},{"taxonomy":"product_brand","embeddable":true,"href":"https:\/\/gigawatt.com.ar\/index.php\/wp-json\/wp\/v2\/product_brand?post=4517"},{"taxonomy":"product_cat","embeddable":true,"href":"https:\/\/gigawatt.com.ar\/index.php\/wp-json\/wp\/v2\/product_cat?post=4517"},{"taxonomy":"product_tag","embeddable":true,"href":"https:\/\/gigawatt.com.ar\/index.php\/wp-json\/wp\/v2\/product_tag?post=4517"}],"curies":[{"name":"wp","href":"https:\/\/api.w.org\/{rel}","templated":true}]}}