{"id":4548,"date":"2025-10-09T12:29:13","date_gmt":"2025-10-09T15:29:13","guid":{"rendered":"https:\/\/gigawatt.com.ar\/?post_type=product&#038;p=4548"},"modified":"2025-12-18T15:26:17","modified_gmt":"2025-12-18T18:26:17","slug":"protector-alta-baja-tension-20a-4400w-digital","status":"publish","type":"product","link":"https:\/\/gigawatt.com.ar\/index.php\/producto\/protector-alta-baja-tension-20a-4400w-digital\/","title":{"rendered":"Protector Alta Baja Tensi\u00f3n 20a 4400w Digital"},"content":{"rendered":"<h4>PROTECTOR DE TENSI\u00d3N CONFIGURABLE \u2013 SOBRE Y BAJA TENSI\u00d3N<\/h4>\n<p>Proteg\u00e9 tus electrodom\u00e9sticos, equipos el\u00e9ctricos e iluminaci\u00f3n de variaciones peligrosas de tensi\u00f3n.<br \/>\nEste dispositivo monitorea de forma permanente la red y desconecta autom\u00e1ticamente la carga cuando detecta valores fuera del rango configurado.<\/p>\n<p>Incluye display LED para visualizar el estado en todo momento.<\/p>\n<p>ESPECIFICACIONES T\u00c9CNICAS<\/p>\n<p>&#8211; Tensi\u00f3n nominal: 220V~<br \/>\n&#8211; Rango de protecci\u00f3n por baja tensi\u00f3n: 150-210V~<br \/>\n&#8211; Rango de protecci\u00f3n por sobretensi\u00f3n: 230-270V~<br \/>\n&#8211; Tensi\u00f3n de aislaci\u00f3n: 400V<br \/>\n&#8211; Frecuencia: 50Hz<br \/>\n&#8211; Corriente nominal: 20A<br \/>\n&#8211; Potencia m\u00e1xima: 4400W<br \/>\n&#8211; Tomacorriente y ficha con conexi\u00f3n a tierra IRAM 2071 \/ IRAM 2073<br \/>\n&#8211; Grado de protecci\u00f3n: IP20<br \/>\n&#8211; Hist\u00e9resis (reconexi\u00f3n): 3V<br \/>\n&#8211; Temporizaci\u00f3n configurable para conexi\u00f3n\/reconexi\u00f3n: 5 a 999 segundos<br \/>\n&#8211; Resistencia a transitorios (Uimp): 1,5kV \u2013 140 Joules<br \/>\n&#8211; Temperatura de trabajo: 5 a 55 \u00b0C<br \/>\n&#8211; Dimensiones: 110 x 60 x 60 mm<\/p>\n","protected":false},"excerpt":{"rendered":"<p>Protector Alta Baja Tensi\u00f3n 20a 4400w Digital<\/p>\n","protected":false},"featured_media":4549,"template":"","meta":{"site-sidebar-layout":"default","site-content-layout":"","ast-site-content-layout":"default","site-content-style":"default","site-sidebar-style":"default","ast-global-header-display":"","ast-banner-title-visibility":"","ast-main-header-display":"","ast-hfb-above-header-display":"","ast-hfb-below-header-display":"","ast-hfb-mobile-header-display":"","site-post-title":"","ast-breadcrumbs-content":"","ast-featured-img":"","footer-sml-layout":"","theme-transparent-header-meta":"default","adv-header-id-meta":"","stick-header-meta":"","header-above-stick-meta":"","header-main-stick-meta":"","header-below-stick-meta":"","astra-migrate-meta-layouts":"set","ast-page-background-enabled":"default","ast-page-background-meta":{"desktop":{"background-color":"var(--ast-global-color-4)","background-image":"","background-repeat":"repeat","background-position":"center center","background-size":"auto","background-attachment":"scroll","background-type":"","background-media":"","overlay-type":"","overlay-color":"","overlay-opacity":"","overlay-gradient":""},"tablet":{"background-color":"","background-image":"","background-repeat":"repeat","background-position":"center center","background-size":"auto","background-attachment":"scroll","background-type":"","background-media":"","overlay-type":"","overlay-color":"","overlay-opacity":"","overlay-gradient":""},"mobile":{"background-color":"","background-image":"","background-repeat":"repeat","background-position":"center center","background-size":"auto","background-attachment":"scroll","background-type":"","background-media":"","overlay-type":"","overlay-color":"","overlay-opacity":"","overlay-gradient":""}},"ast-content-background-meta":{"desktop":{"background-color":"var(--ast-global-color-5)","background-image":"","background-repeat":"repeat","background-position":"center center","background-size":"auto","background-attachment":"scroll","background-type":"","background-media":"","overlay-type":"","overlay-color":"","overlay-opacity":"","overlay-gradient":""},"tablet":{"background-color":"var(--ast-global-color-5)","background-image":"","background-repeat":"repeat","background-position":"center center","background-size":"auto","background-attachment":"scroll","background-type":"","background-media":"","overlay-type":"","overlay-color":"","overlay-opacity":"","overlay-gradient":""},"mobile":{"background-color":"var(--ast-global-color-5)","background-image":"","background-repeat":"repeat","background-position":"center center","background-size":"auto","background-attachment":"scroll","background-type":"","background-media":"","overlay-type":"","overlay-color":"","overlay-opacity":"","overlay-gradient":""}}},"pwb-brand":[279],"product_brand":[],"product_cat":[144,256],"product_tag":[117,116,458,460,461,459,457],"class_list":{"0":"post-4548","1":"product","2":"type-product","3":"status-publish","4":"has-post-thumbnail","6":"pwb-brand-baw","7":"product_cat-materiales_para_instalacion","8":"product_cat-protector_de_tension_enchufable","9":"product_tag-protector-alta-tension","10":"product_tag-protector-de-tension","11":"product_tag-protector-enchufable","12":"product_tag-protector-heladera","13":"product_tag-protector-lavarropas","14":"product_tag-protector-microondas","15":"product_tag-protector-tension-20a","16":"desktop-align-left","17":"tablet-align-left","18":"mobile-align-left","20":"first","21":"onbackorder","22":"shipping-taxable","23":"purchasable","24":"product-type-simple"},"jetpack_sharing_enabled":true,"brands":[{"id":279,"name":"BAW","slug":"baw"}],"_links":{"self":[{"href":"https:\/\/gigawatt.com.ar\/index.php\/wp-json\/wp\/v2\/product\/4548","targetHints":{"allow":["GET"]}}],"collection":[{"href":"https:\/\/gigawatt.com.ar\/index.php\/wp-json\/wp\/v2\/product"}],"about":[{"href":"https:\/\/gigawatt.com.ar\/index.php\/wp-json\/wp\/v2\/types\/product"}],"version-history":[{"count":1,"href":"https:\/\/gigawatt.com.ar\/index.php\/wp-json\/wp\/v2\/product\/4548\/revisions"}],"predecessor-version":[{"id":4553,"href":"https:\/\/gigawatt.com.ar\/index.php\/wp-json\/wp\/v2\/product\/4548\/revisions\/4553"}],"wp:featuredmedia":[{"embeddable":true,"href":"https:\/\/gigawatt.com.ar\/index.php\/wp-json\/wp\/v2\/media\/4549"}],"wp:attachment":[{"href":"https:\/\/gigawatt.com.ar\/index.php\/wp-json\/wp\/v2\/media?parent=4548"}],"wp:term":[{"taxonomy":"pwb-brand","embeddable":true,"href":"https:\/\/gigawatt.com.ar\/index.php\/wp-json\/wp\/v2\/pwb-brand?post=4548"},{"taxonomy":"product_brand","embeddable":true,"href":"https:\/\/gigawatt.com.ar\/index.php\/wp-json\/wp\/v2\/product_brand?post=4548"},{"taxonomy":"product_cat","embeddable":true,"href":"https:\/\/gigawatt.com.ar\/index.php\/wp-json\/wp\/v2\/product_cat?post=4548"},{"taxonomy":"product_tag","embeddable":true,"href":"https:\/\/gigawatt.com.ar\/index.php\/wp-json\/wp\/v2\/product_tag?post=4548"}],"curies":[{"name":"wp","href":"https:\/\/api.w.org\/{rel}","templated":true}]}}