{"id":4623,"date":"2025-10-09T16:55:03","date_gmt":"2025-10-09T19:55:03","guid":{"rendered":"https:\/\/gigawatt.com.ar\/?post_type=product&#038;p=4623"},"modified":"2025-11-22T11:03:12","modified_gmt":"2025-11-22T14:03:12","slug":"puntas-prueba-tester-multimetro-pinza-amperometrica-78cm-baw","status":"publish","type":"product","link":"https:\/\/gigawatt.com.ar\/index.php\/producto\/puntas-prueba-tester-multimetro-pinza-amperometrica-78cm-baw\/","title":{"rendered":"Puntas Prueba Tester Multimetro Pinza Amperometrica 78mm Baw"},"content":{"rendered":"<h4>Juego de Puntas de Prueba para Tester PT1 \u2013 Mult\u00edmetros<\/h4>\n<p>Puntas de prueba universales, compatibles con la mayor\u00eda de los mult\u00edmetros del mercado.<br \/>\nDise\u00f1adas para mediciones precisas y seguras, con conectores tipo banana y vaina protectora.<\/p>\n<p>Incluye:<br \/>\n&#8211; 2 puntas (1 roja + 1 negra)<br \/>\n&#8211; Cable flexible de 3mm de di\u00e1metro y 780mm de largo<br \/>\n&#8211; Presentaci\u00f3n: bolsa individual<br \/>\n&#8211; Ideales para tareas de medici\u00f3n el\u00e9ctrica en laboratorio, campo o uso id\u00f3neo.<\/p>\n","protected":false},"excerpt":{"rendered":"<p class=\"ui-pdp-title\">Puntas Prueba Tester Multimetro Pinza Amperometrica 78cm Baw<\/p>\n","protected":false},"featured_media":4624,"template":"","meta":{"site-sidebar-layout":"default","site-content-layout":"","ast-site-content-layout":"default","site-content-style":"default","site-sidebar-style":"default","ast-global-header-display":"","ast-banner-title-visibility":"","ast-main-header-display":"","ast-hfb-above-header-display":"","ast-hfb-below-header-display":"","ast-hfb-mobile-header-display":"","site-post-title":"","ast-breadcrumbs-content":"","ast-featured-img":"","footer-sml-layout":"","theme-transparent-header-meta":"default","adv-header-id-meta":"","stick-header-meta":"","header-above-stick-meta":"","header-main-stick-meta":"","header-below-stick-meta":"","astra-migrate-meta-layouts":"set","ast-page-background-enabled":"default","ast-page-background-meta":{"desktop":{"background-color":"var(--ast-global-color-4)","background-image":"","background-repeat":"repeat","background-position":"center center","background-size":"auto","background-attachment":"scroll","background-type":"","background-media":"","overlay-type":"","overlay-color":"","overlay-opacity":"","overlay-gradient":""},"tablet":{"background-color":"","background-image":"","background-repeat":"repeat","background-position":"center center","background-size":"auto","background-attachment":"scroll","background-type":"","background-media":"","overlay-type":"","overlay-color":"","overlay-opacity":"","overlay-gradient":""},"mobile":{"background-color":"","background-image":"","background-repeat":"repeat","background-position":"center center","background-size":"auto","background-attachment":"scroll","background-type":"","background-media":"","overlay-type":"","overlay-color":"","overlay-opacity":"","overlay-gradient":""}},"ast-content-background-meta":{"desktop":{"background-color":"var(--ast-global-color-5)","background-image":"","background-repeat":"repeat","background-position":"center center","background-size":"auto","background-attachment":"scroll","background-type":"","background-media":"","overlay-type":"","overlay-color":"","overlay-opacity":"","overlay-gradient":""},"tablet":{"background-color":"var(--ast-global-color-5)","background-image":"","background-repeat":"repeat","background-position":"center center","background-size":"auto","background-attachment":"scroll","background-type":"","background-media":"","overlay-type":"","overlay-color":"","overlay-opacity":"","overlay-gradient":""},"mobile":{"background-color":"var(--ast-global-color-5)","background-image":"","background-repeat":"repeat","background-position":"center center","background-size":"auto","background-attachment":"scroll","background-type":"","background-media":"","overlay-type":"","overlay-color":"","overlay-opacity":"","overlay-gradient":""}}},"pwb-brand":[279],"product_brand":[],"product_cat":[479,416],"product_tag":[484,482,483,481,480],"class_list":{"0":"post-4623","1":"product","2":"type-product","3":"status-publish","4":"has-post-thumbnail","6":"pwb-brand-baw","7":"product_cat-acc_instrumental","8":"product_cat-instrumentos_medicion","9":"product_tag-puntas-instrumento","10":"product_tag-puntas-medicion","11":"product_tag-puntas-multimetro","12":"product_tag-puntas-pinza-amperometrica","13":"product_tag-puntas-tester","14":"desktop-align-left","15":"tablet-align-left","16":"mobile-align-left","18":"first","19":"onbackorder","20":"shipping-taxable","21":"purchasable","22":"product-type-simple"},"jetpack_sharing_enabled":true,"brands":[{"id":279,"name":"BAW","slug":"baw"}],"_links":{"self":[{"href":"https:\/\/gigawatt.com.ar\/index.php\/wp-json\/wp\/v2\/product\/4623","targetHints":{"allow":["GET"]}}],"collection":[{"href":"https:\/\/gigawatt.com.ar\/index.php\/wp-json\/wp\/v2\/product"}],"about":[{"href":"https:\/\/gigawatt.com.ar\/index.php\/wp-json\/wp\/v2\/types\/product"}],"version-history":[{"count":2,"href":"https:\/\/gigawatt.com.ar\/index.php\/wp-json\/wp\/v2\/product\/4623\/revisions"}],"predecessor-version":[{"id":4631,"href":"https:\/\/gigawatt.com.ar\/index.php\/wp-json\/wp\/v2\/product\/4623\/revisions\/4631"}],"wp:featuredmedia":[{"embeddable":true,"href":"https:\/\/gigawatt.com.ar\/index.php\/wp-json\/wp\/v2\/media\/4624"}],"wp:attachment":[{"href":"https:\/\/gigawatt.com.ar\/index.php\/wp-json\/wp\/v2\/media?parent=4623"}],"wp:term":[{"taxonomy":"pwb-brand","embeddable":true,"href":"https:\/\/gigawatt.com.ar\/index.php\/wp-json\/wp\/v2\/pwb-brand?post=4623"},{"taxonomy":"product_brand","embeddable":true,"href":"https:\/\/gigawatt.com.ar\/index.php\/wp-json\/wp\/v2\/product_brand?post=4623"},{"taxonomy":"product_cat","embeddable":true,"href":"https:\/\/gigawatt.com.ar\/index.php\/wp-json\/wp\/v2\/product_cat?post=4623"},{"taxonomy":"product_tag","embeddable":true,"href":"https:\/\/gigawatt.com.ar\/index.php\/wp-json\/wp\/v2\/product_tag?post=4623"}],"curies":[{"name":"wp","href":"https:\/\/api.w.org\/{rel}","templated":true}]}}