{"id":4647,"date":"2025-10-09T17:25:25","date_gmt":"2025-10-09T20:25:25","guid":{"rendered":"https:\/\/gigawatt.com.ar\/?post_type=product&#038;p=4647"},"modified":"2025-11-22T14:45:16","modified_gmt":"2025-11-22T17:45:16","slug":"pinza-medicion-puesta-a-tierra-sin-contacto-datalogger","status":"publish","type":"product","link":"https:\/\/gigawatt.com.ar\/index.php\/producto\/pinza-medicion-puesta-a-tierra-sin-contacto-datalogger\/","title":{"rendered":"Pinza Medici\u00f3n Puesta a Tierra Sin Contacto Datalogger"},"content":{"rendered":"<h3 data-start=\"163\" data-end=\"265\"><strong data-start=\"167\" data-end=\"265\">Pinza Amperom\u00e9trica Digital BAW \u2013 Doble N\u00facleo para Medici\u00f3n de Resistencia de Puesta a Tierra<\/strong><\/h3>\n<p data-start=\"267\" data-end=\"492\">La <strong data-start=\"270\" data-end=\"305\">pinza amperom\u00e9trica digital BAW<\/strong> permite medir <strong data-start=\"320\" data-end=\"367\">resistencia de puesta a tierra sin contacto<\/strong>, de forma r\u00e1pida, precisa y segura. Ideal para instalaciones el\u00e9ctricas, mantenimiento industrial y laboratorios t\u00e9cnicos.<\/p>\n<p data-start=\"494\" data-end=\"525\"><strong data-start=\"494\" data-end=\"523\">Caracter\u00edsticas t\u00e9cnicas:<\/strong><\/p>\n<ul data-start=\"526\" data-end=\"1440\">\n<li data-start=\"526\" data-end=\"592\">\n<p data-start=\"528\" data-end=\"592\">\ud83d\udd39 <strong data-start=\"531\" data-end=\"556\">Medici\u00f3n sin contacto<\/strong> de resistencia de puesta a tierra<\/p>\n<\/li>\n<li data-start=\"593\" data-end=\"661\">\n<p data-start=\"595\" data-end=\"661\">\ud83d\udd39 <strong data-start=\"598\" data-end=\"614\">Doble n\u00facleo<\/strong> con <strong data-start=\"619\" data-end=\"638\">doble aislaci\u00f3n<\/strong> para mayor seguridad<\/p>\n<\/li>\n<li data-start=\"662\" data-end=\"755\">\n<p data-start=\"664\" data-end=\"755\">\ud83d\udd39 <strong data-start=\"667\" data-end=\"681\">Auto rango<\/strong> y <strong data-start=\"684\" data-end=\"731\">display digital de 4 d\u00edgitos (9999 cuentas)<\/strong> \u2013 tama\u00f1o 47 \u00d7 28,5 mm<\/p>\n<\/li>\n<li data-start=\"756\" data-end=\"802\">\n<p data-start=\"758\" data-end=\"802\">\ud83d\udd39 <strong data-start=\"761\" data-end=\"786\">Rango de resistencia:<\/strong> 0,01 ~ 1200 \u03a9<\/p>\n<\/li>\n<li data-start=\"803\" data-end=\"833\">\n<p data-start=\"805\" data-end=\"833\">\ud83d\udd39 <strong data-start=\"808\" data-end=\"823\">Resoluci\u00f3n:<\/strong> 0,001 \u03a9<\/p>\n<\/li>\n<li data-start=\"834\" data-end=\"867\">\n<p data-start=\"836\" data-end=\"867\">\ud83d\udd39 <strong data-start=\"839\" data-end=\"853\">Precisi\u00f3n:<\/strong> \u00b11% \u00b10,01 \u03a9<\/p>\n<\/li>\n<li data-start=\"868\" data-end=\"909\">\n<p data-start=\"870\" data-end=\"909\">\ud83d\udd39 <strong data-start=\"873\" data-end=\"896\">Rango de corriente:<\/strong> 0,1 ~ 20 A<\/p>\n<\/li>\n<li data-start=\"910\" data-end=\"962\">\n<p data-start=\"912\" data-end=\"962\">\ud83d\udd39 <strong data-start=\"915\" data-end=\"929\">Datalogger<\/strong> con memoria para 99 mediciones<\/p>\n<\/li>\n<li data-start=\"963\" data-end=\"1120\">\n<p data-start=\"965\" data-end=\"996\">\ud83d\udd39 <strong data-start=\"968\" data-end=\"994\">Funciones adicionales:<\/strong><\/p>\n<ul data-start=\"999\" data-end=\"1120\">\n<li data-start=\"999\" data-end=\"1030\">\n<p data-start=\"1001\" data-end=\"1030\">Retenci\u00f3n de \u00faltima lectura<\/p>\n<\/li>\n<li data-start=\"1033\" data-end=\"1088\">\n<p data-start=\"1035\" data-end=\"1088\">Alarma por l\u00edmite configurado o medici\u00f3n incorrecta<\/p>\n<\/li>\n<li data-start=\"1091\" data-end=\"1120\">\n<p data-start=\"1093\" data-end=\"1120\">Indicador de bater\u00eda baja<\/p>\n<\/li>\n<\/ul>\n<\/li>\n<li data-start=\"1121\" data-end=\"1164\">\n<p data-start=\"1123\" data-end=\"1164\">\ud83d\udd39 <strong data-start=\"1126\" data-end=\"1151\">Apertura de mordazas:<\/strong> 65 \u00d7 32 mm<\/p>\n<\/li>\n<li data-start=\"1165\" data-end=\"1230\">\n<p data-start=\"1167\" data-end=\"1230\">\ud83d\udd39 <strong data-start=\"1170\" data-end=\"1187\">Alimentaci\u00f3n:<\/strong> 6 Vcc (4 pilas AA de 1,5V, no incluidas)<\/p>\n<\/li>\n<li data-start=\"1231\" data-end=\"1272\">\n<p data-start=\"1233\" data-end=\"1272\">\ud83d\udd39 <strong data-start=\"1236\" data-end=\"1252\">Dimensiones:<\/strong> 276 \u00d7 104 \u00d7 54 mm<\/p>\n<\/li>\n<li data-start=\"1273\" data-end=\"1311\">\n<p data-start=\"1275\" data-end=\"1311\">\ud83d\udd39 <strong data-start=\"1278\" data-end=\"1302\">Peso (con bater\u00edas):<\/strong> 1160 g<\/p>\n<\/li>\n<li data-start=\"1312\" data-end=\"1352\">\n<p data-start=\"1314\" data-end=\"1352\">\ud83d\udd39 <strong data-start=\"1317\" data-end=\"1350\">Incluye estuche de transporte<\/strong><\/p>\n<\/li>\n<li data-start=\"1353\" data-end=\"1440\">\n<p data-start=\"1355\" data-end=\"1440\">\ud83d\udd39\u00a0<strong data-start=\"1358\" data-end=\"1382\">Normas de seguridad:<\/strong> EN61010-1, EN61557-3, EN61326-1, <strong data-start=\"1416\" data-end=\"1438\">Categor\u00eda III 600V<\/strong><\/p>\n<\/li>\n<\/ul>\n<p>Robusta, precisa y confiable, la <strong data-start=\"1475\" data-end=\"1488\">pinza BAW<\/strong> es la herramienta ideal para profesionales que requieren <strong data-start=\"1546\" data-end=\"1578\">mediciones seguras y exactas<\/strong> en sistemas el\u00e9ctricos de puesta a tierra.<\/p>\n","protected":false},"excerpt":{"rendered":"<p>Pinza Medici\u00f3n Puesta a Tierra Sin Contacto Datalogger 2000C+ BAW<\/p>\n","protected":false},"featured_media":4648,"template":"","meta":{"site-sidebar-layout":"default","site-content-layout":"","ast-site-content-layout":"default","site-content-style":"default","site-sidebar-style":"default","ast-global-header-display":"","ast-banner-title-visibility":"","ast-main-header-display":"","ast-hfb-above-header-display":"","ast-hfb-below-header-display":"","ast-hfb-mobile-header-display":"","site-post-title":"","ast-breadcrumbs-content":"","ast-featured-img":"","footer-sml-layout":"","theme-transparent-header-meta":"default","adv-header-id-meta":"","stick-header-meta":"","header-above-stick-meta":"","header-main-stick-meta":"","header-below-stick-meta":"","astra-migrate-meta-layouts":"set","ast-page-background-enabled":"default","ast-page-background-meta":{"desktop":{"background-color":"var(--ast-global-color-4)","background-image":"","background-repeat":"repeat","background-position":"center center","background-size":"auto","background-attachment":"scroll","background-type":"","background-media":"","overlay-type":"","overlay-color":"","overlay-opacity":"","overlay-gradient":""},"tablet":{"background-color":"","background-image":"","background-repeat":"repeat","background-position":"center center","background-size":"auto","background-attachment":"scroll","background-type":"","background-media":"","overlay-type":"","overlay-color":"","overlay-opacity":"","overlay-gradient":""},"mobile":{"background-color":"","background-image":"","background-repeat":"repeat","background-position":"center center","background-size":"auto","background-attachment":"scroll","background-type":"","background-media":"","overlay-type":"","overlay-color":"","overlay-opacity":"","overlay-gradient":""}},"ast-content-background-meta":{"desktop":{"background-color":"var(--ast-global-color-5)","background-image":"","background-repeat":"repeat","background-position":"center center","background-size":"auto","background-attachment":"scroll","background-type":"","background-media":"","overlay-type":"","overlay-color":"","overlay-opacity":"","overlay-gradient":""},"tablet":{"background-color":"var(--ast-global-color-5)","background-image":"","background-repeat":"repeat","background-position":"center center","background-size":"auto","background-attachment":"scroll","background-type":"","background-media":"","overlay-type":"","overlay-color":"","overlay-opacity":"","overlay-gradient":""},"mobile":{"background-color":"var(--ast-global-color-5)","background-image":"","background-repeat":"repeat","background-position":"center center","background-size":"auto","background-attachment":"scroll","background-type":"","background-media":"","overlay-type":"","overlay-color":"","overlay-opacity":"","overlay-gradient":""}}},"pwb-brand":[279],"product_brand":[],"product_cat":[416,268],"product_tag":[497,500,499,498,501,496],"class_list":{"0":"post-4647","1":"product","2":"type-product","3":"status-publish","4":"has-post-thumbnail","6":"pwb-brand-baw","7":"product_cat-instrumentos_medicion","8":"product_cat-telurimetros","9":"product_tag-medicion-puesta-a-tierra","10":"product_tag-pinza-puesta-a-tierra","11":"product_tag-protocolo-900-15","12":"product_tag-protocolo-puesta-a-tierra","13":"product_tag-puesta-a-tierra-sin-jabalinas","14":"product_tag-telurimetro","15":"desktop-align-left","16":"tablet-align-left","17":"mobile-align-left","19":"first","20":"onbackorder","21":"shipping-taxable","22":"purchasable","23":"product-type-simple"},"jetpack_sharing_enabled":true,"brands":[{"id":279,"name":"BAW","slug":"baw"}],"_links":{"self":[{"href":"https:\/\/gigawatt.com.ar\/index.php\/wp-json\/wp\/v2\/product\/4647","targetHints":{"allow":["GET"]}}],"collection":[{"href":"https:\/\/gigawatt.com.ar\/index.php\/wp-json\/wp\/v2\/product"}],"about":[{"href":"https:\/\/gigawatt.com.ar\/index.php\/wp-json\/wp\/v2\/types\/product"}],"version-history":[{"count":1,"href":"https:\/\/gigawatt.com.ar\/index.php\/wp-json\/wp\/v2\/product\/4647\/revisions"}],"predecessor-version":[{"id":4649,"href":"https:\/\/gigawatt.com.ar\/index.php\/wp-json\/wp\/v2\/product\/4647\/revisions\/4649"}],"wp:featuredmedia":[{"embeddable":true,"href":"https:\/\/gigawatt.com.ar\/index.php\/wp-json\/wp\/v2\/media\/4648"}],"wp:attachment":[{"href":"https:\/\/gigawatt.com.ar\/index.php\/wp-json\/wp\/v2\/media?parent=4647"}],"wp:term":[{"taxonomy":"pwb-brand","embeddable":true,"href":"https:\/\/gigawatt.com.ar\/index.php\/wp-json\/wp\/v2\/pwb-brand?post=4647"},{"taxonomy":"product_brand","embeddable":true,"href":"https:\/\/gigawatt.com.ar\/index.php\/wp-json\/wp\/v2\/product_brand?post=4647"},{"taxonomy":"product_cat","embeddable":true,"href":"https:\/\/gigawatt.com.ar\/index.php\/wp-json\/wp\/v2\/product_cat?post=4647"},{"taxonomy":"product_tag","embeddable":true,"href":"https:\/\/gigawatt.com.ar\/index.php\/wp-json\/wp\/v2\/product_tag?post=4647"}],"curies":[{"name":"wp","href":"https:\/\/api.w.org\/{rel}","templated":true}]}}