{"id":4653,"date":"2025-10-09T17:29:39","date_gmt":"2025-10-09T20:29:39","guid":{"rendered":"https:\/\/gigawatt.com.ar\/?post_type=product&#038;p=4653"},"modified":"2025-11-22T11:03:04","modified_gmt":"2025-11-22T14:03:04","slug":"pinza-medicion-puesta-a-tierra-resistividad-del-suelo","status":"publish","type":"product","link":"https:\/\/gigawatt.com.ar\/index.php\/producto\/pinza-medicion-puesta-a-tierra-resistividad-del-suelo\/","title":{"rendered":"Medidor Puesta a Tierra y Resistividad del Suelo"},"content":{"rendered":"<h3 data-start=\"197\" data-end=\"268\"><strong data-start=\"201\" data-end=\"268\">Medidor Digital de Resistividad del Suelo y Puesta a Tierra BAW<\/strong><\/h3>\n<p data-start=\"270\" data-end=\"544\">El <strong data-start=\"273\" data-end=\"340\">medidor digital de resistividad del suelo y puesta a tierra BAW<\/strong> permite realizar mediciones precisas de <strong data-start=\"381\" data-end=\"434\">resistividad (\u03c1), resistencia y tensi\u00f3n de tierra<\/strong>, combinando alta precisi\u00f3n, facilidad de uso y robustez para trabajos profesionales en campo o laboratorio.<\/p>\n<p data-start=\"546\" data-end=\"577\"><strong data-start=\"546\" data-end=\"575\">Caracter\u00edsticas t\u00e9cnicas:<\/strong><\/p>\n<ul data-start=\"578\" data-end=\"1848\">\n<li data-start=\"578\" data-end=\"658\">\n<p data-start=\"580\" data-end=\"658\">\ud83d\udd39 <strong data-start=\"583\" data-end=\"614\">Pantalla LCD retroiluminada<\/strong> (108 \u00d7 65 mm) de 3\u00bd d\u00edgitos, 9999 cuentas<\/p>\n<\/li>\n<li data-start=\"659\" data-end=\"705\">\n<p data-start=\"661\" data-end=\"705\">\ud83d\udd39 <strong data-start=\"664\" data-end=\"688\">M\u00e9todos de medici\u00f3n:<\/strong> 2, 3 y 4 polos<\/p>\n<\/li>\n<li data-start=\"706\" data-end=\"817\">\n<p data-start=\"708\" data-end=\"756\">\ud83d\udd39 <strong data-start=\"711\" data-end=\"754\">Medici\u00f3n de resistividad del suelo (\u03c1):<\/strong><\/p>\n<ul data-start=\"759\" data-end=\"817\">\n<li data-start=\"759\" data-end=\"790\">\n<p data-start=\"761\" data-end=\"790\">Rango: 0,01 \u03a9\u00b7m ~ 9999 k\u03a9\u00b7m<\/p>\n<\/li>\n<li data-start=\"793\" data-end=\"817\">\n<p data-start=\"795\" data-end=\"817\"><strong data-start=\"795\" data-end=\"815\">M\u00e9todo de Wenner<\/strong><\/p>\n<\/li>\n<\/ul>\n<\/li>\n<li data-start=\"818\" data-end=\"926\">\n<p data-start=\"820\" data-end=\"872\">\ud83d\udd39 <strong data-start=\"823\" data-end=\"870\">Medici\u00f3n de resistencia de puesta a tierra:<\/strong><\/p>\n<ul data-start=\"875\" data-end=\"926\">\n<li data-start=\"875\" data-end=\"901\">\n<p data-start=\"877\" data-end=\"901\">Rango: 0,01 \u03a9 ~ 3000 \u03a9<\/p>\n<\/li>\n<li data-start=\"904\" data-end=\"926\">\n<p data-start=\"906\" data-end=\"926\">Precisi\u00f3n: \u00b12% \u00b15d<\/p>\n<\/li>\n<\/ul>\n<\/li>\n<li data-start=\"927\" data-end=\"982\">\n<p data-start=\"929\" data-end=\"982\">\ud83d\udd39 <strong data-start=\"932\" data-end=\"966\">Medici\u00f3n de tensi\u00f3n de tierra:<\/strong> hasta 600 Vca<\/p>\n<\/li>\n<li data-start=\"983\" data-end=\"1050\">\n<p data-start=\"985\" data-end=\"1050\">\ud83d\udd39 <strong data-start=\"988\" data-end=\"1022\">M\u00e9todo de corriente constante:<\/strong> 20 mA m\u00e1x. (40 V), 128 Hz<\/p>\n<\/li>\n<li data-start=\"1051\" data-end=\"1225\">\n<p data-start=\"1053\" data-end=\"1084\">\ud83d\udd39 <strong data-start=\"1056\" data-end=\"1082\">Funciones adicionales:<\/strong><\/p>\n<ul data-start=\"1087\" data-end=\"1225\">\n<li data-start=\"1087\" data-end=\"1111\">\n<p data-start=\"1089\" data-end=\"1111\">Retenci\u00f3n de lectura<\/p>\n<\/li>\n<li data-start=\"1114\" data-end=\"1148\">\n<p data-start=\"1116\" data-end=\"1148\">Indicador de medici\u00f3n correcta<\/p>\n<\/li>\n<li data-start=\"1151\" data-end=\"1180\">\n<p data-start=\"1153\" data-end=\"1180\">Indicador de bater\u00eda baja<\/p>\n<\/li>\n<li data-start=\"1183\" data-end=\"1225\">\n<p data-start=\"1185\" data-end=\"1225\"><strong data-start=\"1185\" data-end=\"1204\">Memoria interna<\/strong> para 500 registros<\/p>\n<\/li>\n<\/ul>\n<\/li>\n<li data-start=\"1226\" data-end=\"1296\">\n<p data-start=\"1228\" data-end=\"1296\">\ud83d\udd39 <strong data-start=\"1231\" data-end=\"1248\">Alimentaci\u00f3n:<\/strong> 6 pilas tipo C (LR14) de 1,5 V (no incluidas)<\/p>\n<\/li>\n<li data-start=\"1297\" data-end=\"1597\">\n<p data-start=\"1299\" data-end=\"1329\">\ud83d\udd39 <strong data-start=\"1302\" data-end=\"1327\">Accesorios incluidos:<\/strong><\/p>\n<ul data-start=\"1332\" data-end=\"1597\">\n<li data-start=\"1332\" data-end=\"1374\">\n<p data-start=\"1334\" data-end=\"1374\">4 electrodos auxiliares (\u00d810 \u00d7 150 mm)<\/p>\n<\/li>\n<li data-start=\"1377\" data-end=\"1460\">\n<p data-start=\"1379\" data-end=\"1460\">4 conductores largos: rojo (15 m), negro (15 m), amarillo (10 m) y verde (10 m)<\/p>\n<\/li>\n<li data-start=\"1463\" data-end=\"1532\">\n<p data-start=\"1465\" data-end=\"1532\">2 conductores cortos rojo y negro de 1,5 m con pinzas de conexi\u00f3n<\/p>\n<\/li>\n<li data-start=\"1535\" data-end=\"1577\">\n<p data-start=\"1537\" data-end=\"1577\">Funda protectora y bolso de transporte<\/p>\n<\/li>\n<li data-start=\"1580\" data-end=\"1597\">\n<p data-start=\"1582\" data-end=\"1597\">Manual de uso<\/p>\n<\/li>\n<\/ul>\n<\/li>\n<li data-start=\"1598\" data-end=\"1750\">\n<p data-start=\"1600\" data-end=\"1629\">\ud83d\udd39 <strong data-start=\"1603\" data-end=\"1627\">Normas de seguridad:<\/strong><\/p>\n<ul data-start=\"1632\" data-end=\"1750\">\n<li data-start=\"1632\" data-end=\"1665\">\n<p data-start=\"1634\" data-end=\"1665\">IEC 61010-1 (Cat III &#8211; 300 V)<\/p>\n<\/li>\n<li data-start=\"1668\" data-end=\"1707\">\n<p data-start=\"1670\" data-end=\"1707\">IEC 61557-1 (resistencia de tierra)<\/p>\n<\/li>\n<li data-start=\"1710\" data-end=\"1750\">\n<p data-start=\"1712\" data-end=\"1750\">IEC 61557-5 (resistividad del suelo)<\/p>\n<\/li>\n<\/ul>\n<\/li>\n<li data-start=\"1751\" data-end=\"1803\">\n<p data-start=\"1753\" data-end=\"1803\">\ud83d\udd39 <strong data-start=\"1756\" data-end=\"1783\">Dimensiones del equipo:<\/strong> 240 \u00d7 185 \u00d7 85 mm<\/p>\n<\/li>\n<li data-start=\"1804\" data-end=\"1848\">\n<p data-start=\"1806\" data-end=\"1848\">\ud83d\udd39 <strong data-start=\"1809\" data-end=\"1841\">Peso total (bolso completo):<\/strong> 4 kg<\/p>\n<\/li>\n<\/ul>\n<p data-start=\"1850\" data-end=\"2093\">Con dise\u00f1o robusto, amplia memoria y excelente estabilidad de lectura, el <strong data-start=\"1924\" data-end=\"1939\">medidor BAW<\/strong> es la herramienta ideal para <strong data-start=\"1969\" data-end=\"2090\">an\u00e1lisis de resistividad del terreno, verificaci\u00f3n de sistemas de puesta a tierra y estudios el\u00e9ctricos profesionales<\/strong>.<\/p>\n<p data-start=\"1189\" data-end=\"1397\">\n","protected":false},"excerpt":{"rendered":"<p>Medidor Puesta a Tierra y Resistividad del Suelo E3010 BAW<\/p>\n","protected":false},"featured_media":4655,"template":"","meta":{"site-sidebar-layout":"default","site-content-layout":"","ast-site-content-layout":"default","site-content-style":"default","site-sidebar-style":"default","ast-global-header-display":"","ast-banner-title-visibility":"","ast-main-header-display":"","ast-hfb-above-header-display":"","ast-hfb-below-header-display":"","ast-hfb-mobile-header-display":"","site-post-title":"","ast-breadcrumbs-content":"","ast-featured-img":"","footer-sml-layout":"","theme-transparent-header-meta":"default","adv-header-id-meta":"","stick-header-meta":"","header-above-stick-meta":"","header-main-stick-meta":"","header-below-stick-meta":"","astra-migrate-meta-layouts":"set","ast-page-background-enabled":"default","ast-page-background-meta":{"desktop":{"background-color":"var(--ast-global-color-4)","background-image":"","background-repeat":"repeat","background-position":"center center","background-size":"auto","background-attachment":"scroll","background-type":"","background-media":"","overlay-type":"","overlay-color":"","overlay-opacity":"","overlay-gradient":""},"tablet":{"background-color":"","background-image":"","background-repeat":"repeat","background-position":"center center","background-size":"auto","background-attachment":"scroll","background-type":"","background-media":"","overlay-type":"","overlay-color":"","overlay-opacity":"","overlay-gradient":""},"mobile":{"background-color":"","background-image":"","background-repeat":"repeat","background-position":"center center","background-size":"auto","background-attachment":"scroll","background-type":"","background-media":"","overlay-type":"","overlay-color":"","overlay-opacity":"","overlay-gradient":""}},"ast-content-background-meta":{"desktop":{"background-color":"var(--ast-global-color-5)","background-image":"","background-repeat":"repeat","background-position":"center center","background-size":"auto","background-attachment":"scroll","background-type":"","background-media":"","overlay-type":"","overlay-color":"","overlay-opacity":"","overlay-gradient":""},"tablet":{"background-color":"var(--ast-global-color-5)","background-image":"","background-repeat":"repeat","background-position":"center center","background-size":"auto","background-attachment":"scroll","background-type":"","background-media":"","overlay-type":"","overlay-color":"","overlay-opacity":"","overlay-gradient":""},"mobile":{"background-color":"var(--ast-global-color-5)","background-image":"","background-repeat":"repeat","background-position":"center center","background-size":"auto","background-attachment":"scroll","background-type":"","background-media":"","overlay-type":"","overlay-color":"","overlay-opacity":"","overlay-gradient":""}}},"pwb-brand":[279],"product_brand":[],"product_cat":[416,268],"product_tag":[497,502,503,499,498,496],"class_list":{"0":"post-4653","1":"product","2":"type-product","3":"status-publish","4":"has-post-thumbnail","6":"pwb-brand-baw","7":"product_cat-instrumentos_medicion","8":"product_cat-telurimetros","9":"product_tag-medicion-puesta-a-tierra","10":"product_tag-medicion-puesta-a-tierra-jabalina","11":"product_tag-medidor-resistividad-suelo","12":"product_tag-protocolo-900-15","13":"product_tag-protocolo-puesta-a-tierra","14":"product_tag-telurimetro","15":"desktop-align-left","16":"tablet-align-left","17":"mobile-align-left","19":"first","20":"onbackorder","21":"shipping-taxable","22":"purchasable","23":"product-type-simple"},"jetpack_sharing_enabled":true,"brands":[{"id":279,"name":"BAW","slug":"baw"}],"_links":{"self":[{"href":"https:\/\/gigawatt.com.ar\/index.php\/wp-json\/wp\/v2\/product\/4653","targetHints":{"allow":["GET"]}}],"collection":[{"href":"https:\/\/gigawatt.com.ar\/index.php\/wp-json\/wp\/v2\/product"}],"about":[{"href":"https:\/\/gigawatt.com.ar\/index.php\/wp-json\/wp\/v2\/types\/product"}],"version-history":[{"count":2,"href":"https:\/\/gigawatt.com.ar\/index.php\/wp-json\/wp\/v2\/product\/4653\/revisions"}],"predecessor-version":[{"id":4661,"href":"https:\/\/gigawatt.com.ar\/index.php\/wp-json\/wp\/v2\/product\/4653\/revisions\/4661"}],"wp:featuredmedia":[{"embeddable":true,"href":"https:\/\/gigawatt.com.ar\/index.php\/wp-json\/wp\/v2\/media\/4655"}],"wp:attachment":[{"href":"https:\/\/gigawatt.com.ar\/index.php\/wp-json\/wp\/v2\/media?parent=4653"}],"wp:term":[{"taxonomy":"pwb-brand","embeddable":true,"href":"https:\/\/gigawatt.com.ar\/index.php\/wp-json\/wp\/v2\/pwb-brand?post=4653"},{"taxonomy":"product_brand","embeddable":true,"href":"https:\/\/gigawatt.com.ar\/index.php\/wp-json\/wp\/v2\/product_brand?post=4653"},{"taxonomy":"product_cat","embeddable":true,"href":"https:\/\/gigawatt.com.ar\/index.php\/wp-json\/wp\/v2\/product_cat?post=4653"},{"taxonomy":"product_tag","embeddable":true,"href":"https:\/\/gigawatt.com.ar\/index.php\/wp-json\/wp\/v2\/product_tag?post=4653"}],"curies":[{"name":"wp","href":"https:\/\/api.w.org\/{rel}","templated":true}]}}