{"id":4697,"date":"2025-10-13T16:52:15","date_gmt":"2025-10-13T19:52:15","guid":{"rendered":"https:\/\/gigawatt.com.ar\/?post_type=product&#038;p=4697"},"modified":"2025-11-22T14:45:13","modified_gmt":"2025-11-22T17:45:13","slug":"puente-peine-unipolar-termica-12-polos-63a-22cm-blanco","status":"publish","type":"product","link":"https:\/\/gigawatt.com.ar\/index.php\/producto\/puente-peine-unipolar-termica-12-polos-63a-22cm-blanco\/","title":{"rendered":"Puente Peine Unipolar Termica 12 Polos 63A 22cm Blanco"},"content":{"rendered":"<h4>Peine de interconexi\u00f3n DIN unipolar 12 polos \u2013 63A<\/h4>\n<p>Los peines de interconexi\u00f3n DIN permiten conectar de forma r\u00e1pida y segura los dispositivos de protecci\u00f3n en tableros el\u00e9ctricos, asegurando una instalaci\u00f3n confiable y reduciendo el tiempo de montaje.<\/p>\n<p>&#8211; Especificaciones t\u00e9cnicas:<\/p>\n<p>Tipo: Peine unipolar<br \/>\nN\u00famero de polos: 12 (12 t\u00e9rmicas unipolares)<br \/>\nLongitud: 22 cm<br \/>\nCorriente m\u00e1xima: 63 A<br \/>\nMaterial: Cobre<br \/>\nNorma: IEC 61439-6<\/p>\n<p>Ideal para tableros de distribuci\u00f3n residenciales, comerciales e industriales.<\/p>\n","protected":false},"excerpt":{"rendered":"<p>Puente Peine unipolar Termica 12 Polos 63A 22cm<\/p>\n","protected":false},"featured_media":4699,"template":"","meta":{"site-sidebar-layout":"default","site-content-layout":"","ast-site-content-layout":"default","site-content-style":"default","site-sidebar-style":"default","ast-global-header-display":"","ast-banner-title-visibility":"","ast-main-header-display":"","ast-hfb-above-header-display":"","ast-hfb-below-header-display":"","ast-hfb-mobile-header-display":"","site-post-title":"","ast-breadcrumbs-content":"","ast-featured-img":"","footer-sml-layout":"","theme-transparent-header-meta":"default","adv-header-id-meta":"","stick-header-meta":"","header-above-stick-meta":"","header-main-stick-meta":"","header-below-stick-meta":"","astra-migrate-meta-layouts":"set","ast-page-background-enabled":"default","ast-page-background-meta":{"desktop":{"background-color":"var(--ast-global-color-4)","background-image":"","background-repeat":"repeat","background-position":"center center","background-size":"auto","background-attachment":"scroll","background-type":"","background-media":"","overlay-type":"","overlay-color":"","overlay-opacity":"","overlay-gradient":""},"tablet":{"background-color":"","background-image":"","background-repeat":"repeat","background-position":"center center","background-size":"auto","background-attachment":"scroll","background-type":"","background-media":"","overlay-type":"","overlay-color":"","overlay-opacity":"","overlay-gradient":""},"mobile":{"background-color":"","background-image":"","background-repeat":"repeat","background-position":"center center","background-size":"auto","background-attachment":"scroll","background-type":"","background-media":"","overlay-type":"","overlay-color":"","overlay-opacity":"","overlay-gradient":""}},"ast-content-background-meta":{"desktop":{"background-color":"var(--ast-global-color-5)","background-image":"","background-repeat":"repeat","background-position":"center center","background-size":"auto","background-attachment":"scroll","background-type":"","background-media":"","overlay-type":"","overlay-color":"","overlay-opacity":"","overlay-gradient":""},"tablet":{"background-color":"var(--ast-global-color-5)","background-image":"","background-repeat":"repeat","background-position":"center center","background-size":"auto","background-attachment":"scroll","background-type":"","background-media":"","overlay-type":"","overlay-color":"","overlay-opacity":"","overlay-gradient":""},"mobile":{"background-color":"var(--ast-global-color-5)","background-image":"","background-repeat":"repeat","background-position":"center center","background-size":"auto","background-attachment":"scroll","background-type":"","background-media":"","overlay-type":"","overlay-color":"","overlay-opacity":"","overlay-gradient":""}}},"pwb-brand":[288],"product_brand":[],"product_cat":[180,467],"product_tag":[470,468,471,469],"class_list":{"0":"post-4697","1":"product","2":"type-product","3":"status-publish","4":"has-post-thumbnail","6":"pwb-brand-brinna","7":"product_cat-componentes_tableros","8":"product_cat-peines_conex","9":"product_tag-conector-termicas","10":"product_tag-peine-de-conexion","11":"product_tag-peine-de-termica","12":"product_tag-puente-termicas","13":"desktop-align-left","14":"tablet-align-left","15":"mobile-align-left","17":"first","18":"onbackorder","19":"shipping-taxable","20":"purchasable","21":"product-type-simple"},"jetpack_sharing_enabled":true,"brands":[{"id":288,"name":"Brinna","slug":"brinna"}],"_links":{"self":[{"href":"https:\/\/gigawatt.com.ar\/index.php\/wp-json\/wp\/v2\/product\/4697","targetHints":{"allow":["GET"]}}],"collection":[{"href":"https:\/\/gigawatt.com.ar\/index.php\/wp-json\/wp\/v2\/product"}],"about":[{"href":"https:\/\/gigawatt.com.ar\/index.php\/wp-json\/wp\/v2\/types\/product"}],"version-history":[{"count":2,"href":"https:\/\/gigawatt.com.ar\/index.php\/wp-json\/wp\/v2\/product\/4697\/revisions"}],"predecessor-version":[{"id":4711,"href":"https:\/\/gigawatt.com.ar\/index.php\/wp-json\/wp\/v2\/product\/4697\/revisions\/4711"}],"wp:featuredmedia":[{"embeddable":true,"href":"https:\/\/gigawatt.com.ar\/index.php\/wp-json\/wp\/v2\/media\/4699"}],"wp:attachment":[{"href":"https:\/\/gigawatt.com.ar\/index.php\/wp-json\/wp\/v2\/media?parent=4697"}],"wp:term":[{"taxonomy":"pwb-brand","embeddable":true,"href":"https:\/\/gigawatt.com.ar\/index.php\/wp-json\/wp\/v2\/pwb-brand?post=4697"},{"taxonomy":"product_brand","embeddable":true,"href":"https:\/\/gigawatt.com.ar\/index.php\/wp-json\/wp\/v2\/product_brand?post=4697"},{"taxonomy":"product_cat","embeddable":true,"href":"https:\/\/gigawatt.com.ar\/index.php\/wp-json\/wp\/v2\/product_cat?post=4697"},{"taxonomy":"product_tag","embeddable":true,"href":"https:\/\/gigawatt.com.ar\/index.php\/wp-json\/wp\/v2\/product_tag?post=4697"}],"curies":[{"name":"wp","href":"https:\/\/api.w.org\/{rel}","templated":true}]}}