{"id":4747,"date":"2025-10-16T11:09:34","date_gmt":"2025-10-16T14:09:34","guid":{"rendered":"https:\/\/gigawatt.com.ar\/?post_type=product&#038;p=4747"},"modified":"2025-12-16T13:09:46","modified_gmt":"2025-12-16T16:09:46","slug":"lampara-led-globo-15w-luz-calida-e27-15-000hs-diam-95mm-baw-blanco-calido","status":"publish","type":"product","link":"https:\/\/gigawatt.com.ar\/index.php\/producto\/lampara-led-globo-15w-luz-calida-e27-15-000hs-diam-95mm-baw-blanco-calido\/","title":{"rendered":"Lampara Led Globo 15w Luz Calida E27 15.000hs Diam 95mm Baw Blanco C\u00e1lido"},"content":{"rendered":"<h4>L\u00e1mpara LED Globo BAW 15W Luz C\u00e1lida 3000K<\/h4>\n<p>La l\u00e1mpara LED Globo BAW de 15W brinda una iluminaci\u00f3n c\u00e1lida y confortable, ideal para hogares, restaurantes, recepciones o cualquier ambiente donde se busque una luz suave y agradable. Combina eficiencia, dise\u00f1o moderno y encendido instant\u00e1neo.<\/p>\n<p>&#8211; Caracter\u00edsticas del producto:<br \/>\nMarca: BAW<br \/>\nTensi\u00f3n: 220V~<br \/>\nFrecuencia: 50\/60Hz<br \/>\nPotencia: 15W<br \/>\nCorriente: 100mA<br \/>\nFlujo luminoso: 1300 l\u00famenes<br \/>\nTemperatura de color: 3000K (luz c\u00e1lida)<br \/>\n\u00cdndice de reproducci\u00f3n crom\u00e1tica (CRI): &gt;80Ra<br \/>\nVida \u00fatil: 15.000 horas<br \/>\nDimerizable: No<br \/>\nDi\u00e1metro: 95 mm<br \/>\nLargo total: 136 mm<\/p>\n<p>&#8211; Ventajas:<br \/>\nLuz c\u00e1lida que genera ambientes acogedores y relajados.<br \/>\nEncendido instant\u00e1neo, sin parpadeos ni demoras.<br \/>\nAlta eficiencia energ\u00e9tica con bajo consumo.<br \/>\nLarga vida \u00fatil que reduce mantenimiento y reemplazos.<\/p>\n<p>Dise\u00f1o decorativo tipo globo, ideal para luminarias abiertas o colgantes.<\/p>\n<p>Una opci\u00f3n perfecta para quienes buscan iluminaci\u00f3n eficiente con una atm\u00f3sfera c\u00e1lida y confortable.<\/p>\n","protected":false},"excerpt":{"rendered":"<p class=\"ui-pdp-title\">Lampara Led Globo 15w Luz Calida E27 15.000hs Diam 95mm Baw Blanco C\u00e1lido<\/p>\n","protected":false},"featured_media":4743,"template":"","meta":{"site-sidebar-layout":"default","site-content-layout":"","ast-site-content-layout":"default","site-content-style":"default","site-sidebar-style":"default","ast-global-header-display":"","ast-banner-title-visibility":"","ast-main-header-display":"","ast-hfb-above-header-display":"","ast-hfb-below-header-display":"","ast-hfb-mobile-header-display":"","site-post-title":"","ast-breadcrumbs-content":"","ast-featured-img":"","footer-sml-layout":"","theme-transparent-header-meta":"default","adv-header-id-meta":"","stick-header-meta":"","header-above-stick-meta":"","header-main-stick-meta":"","header-below-stick-meta":"","astra-migrate-meta-layouts":"set","ast-page-background-enabled":"default","ast-page-background-meta":{"desktop":{"background-color":"var(--ast-global-color-4)","background-image":"","background-repeat":"repeat","background-position":"center center","background-size":"auto","background-attachment":"scroll","background-type":"","background-media":"","overlay-type":"","overlay-color":"","overlay-opacity":"","overlay-gradient":""},"tablet":{"background-color":"","background-image":"","background-repeat":"repeat","background-position":"center center","background-size":"auto","background-attachment":"scroll","background-type":"","background-media":"","overlay-type":"","overlay-color":"","overlay-opacity":"","overlay-gradient":""},"mobile":{"background-color":"","background-image":"","background-repeat":"repeat","background-position":"center center","background-size":"auto","background-attachment":"scroll","background-type":"","background-media":"","overlay-type":"","overlay-color":"","overlay-opacity":"","overlay-gradient":""}},"ast-content-background-meta":{"desktop":{"background-color":"var(--ast-global-color-5)","background-image":"","background-repeat":"repeat","background-position":"center center","background-size":"auto","background-attachment":"scroll","background-type":"","background-media":"","overlay-type":"","overlay-color":"","overlay-opacity":"","overlay-gradient":""},"tablet":{"background-color":"var(--ast-global-color-5)","background-image":"","background-repeat":"repeat","background-position":"center center","background-size":"auto","background-attachment":"scroll","background-type":"","background-media":"","overlay-type":"","overlay-color":"","overlay-opacity":"","overlay-gradient":""},"mobile":{"background-color":"var(--ast-global-color-5)","background-image":"","background-repeat":"repeat","background-position":"center center","background-size":"auto","background-attachment":"scroll","background-type":"","background-media":"","overlay-type":"","overlay-color":"","overlay-opacity":"","overlay-gradient":""}}},"pwb-brand":[279],"product_brand":[],"product_cat":[328,521],"product_tag":[523,522,524,525],"class_list":{"0":"post-4747","1":"product","2":"type-product","3":"status-publish","4":"has-post-thumbnail","6":"pwb-brand-baw","7":"product_cat-iluminacion","8":"product_cat-lamparas-globo","9":"product_tag-lampara-g95","10":"product_tag-lampara-globo","11":"product_tag-lampara-led-globo","12":"product_tag-lampara-pelota","13":"desktop-align-left","14":"tablet-align-left","15":"mobile-align-left","17":"first","18":"instock","19":"shipping-taxable","20":"purchasable","21":"product-type-simple"},"jetpack_sharing_enabled":true,"brands":[{"id":279,"name":"BAW","slug":"baw"}],"_links":{"self":[{"href":"https:\/\/gigawatt.com.ar\/index.php\/wp-json\/wp\/v2\/product\/4747","targetHints":{"allow":["GET"]}}],"collection":[{"href":"https:\/\/gigawatt.com.ar\/index.php\/wp-json\/wp\/v2\/product"}],"about":[{"href":"https:\/\/gigawatt.com.ar\/index.php\/wp-json\/wp\/v2\/types\/product"}],"version-history":[{"count":1,"href":"https:\/\/gigawatt.com.ar\/index.php\/wp-json\/wp\/v2\/product\/4747\/revisions"}],"predecessor-version":[{"id":4749,"href":"https:\/\/gigawatt.com.ar\/index.php\/wp-json\/wp\/v2\/product\/4747\/revisions\/4749"}],"wp:featuredmedia":[{"embeddable":true,"href":"https:\/\/gigawatt.com.ar\/index.php\/wp-json\/wp\/v2\/media\/4743"}],"wp:attachment":[{"href":"https:\/\/gigawatt.com.ar\/index.php\/wp-json\/wp\/v2\/media?parent=4747"}],"wp:term":[{"taxonomy":"pwb-brand","embeddable":true,"href":"https:\/\/gigawatt.com.ar\/index.php\/wp-json\/wp\/v2\/pwb-brand?post=4747"},{"taxonomy":"product_brand","embeddable":true,"href":"https:\/\/gigawatt.com.ar\/index.php\/wp-json\/wp\/v2\/product_brand?post=4747"},{"taxonomy":"product_cat","embeddable":true,"href":"https:\/\/gigawatt.com.ar\/index.php\/wp-json\/wp\/v2\/product_cat?post=4747"},{"taxonomy":"product_tag","embeddable":true,"href":"https:\/\/gigawatt.com.ar\/index.php\/wp-json\/wp\/v2\/product_tag?post=4747"}],"curies":[{"name":"wp","href":"https:\/\/api.w.org\/{rel}","templated":true}]}}