{"id":4750,"date":"2025-10-16T11:12:17","date_gmt":"2025-10-16T14:12:17","guid":{"rendered":"https:\/\/gigawatt.com.ar\/?post_type=product&#038;p=4750"},"modified":"2025-11-22T11:02:51","modified_gmt":"2025-11-22T14:02:51","slug":"lampara-led-vela-5w-calida-3000-k-e27-20000hs-baw-blanco-calido","status":"publish","type":"product","link":"https:\/\/gigawatt.com.ar\/index.php\/producto\/lampara-led-vela-5w-calida-3000-k-e27-20000hs-baw-blanco-calido\/","title":{"rendered":"L\u00e1mpara Led Vela 5w Calida 3000\u00b0 K E27 20000hs Baw Blanco C\u00e1lido"},"content":{"rendered":"<h4>L\u00e1mpara LED Vela BAW 5W 3000K E27<\/h4>\n<p>La l\u00e1mpara LED tipo vela BAW combina elegancia, eficiencia y durabilidad, ideal para luminarias decorativas, apliques o ara\u00f1as. Ofrece una luz c\u00e1lida y agradable de 3000K, perfecta para crear ambientes confortables con bajo consumo energ\u00e9tico.<\/p>\n<p>&#8211; Caracter\u00edsticas del producto:<br \/>\nTensi\u00f3n: 220V~<br \/>\nFrecuencia: 50\u201360Hz<br \/>\nPotencia: 5W<br \/>\nFlujo luminoso: 450 l\u00famenes<br \/>\nEficacia: 90 lm\/W<br \/>\nTemperatura de color: 3000K (luz c\u00e1lida)<br \/>\n\u00cdndice de reproducci\u00f3n crom\u00e1tica (CRI): &gt;80Ra<br \/>\nClase energ\u00e9tica: A+<br \/>\nBase: E27<br \/>\nDimensiones: \u00d836 x 98 mm<br \/>\nVida \u00fatil: 20.000 horas<br \/>\nCertificaci\u00f3n: M 9577\/2 \u2013 IQC S.A.<\/p>\n<p>&#8211; Ventajas:<br \/>\nBajo consumo con excelente rendimiento lum\u00ednico.<br \/>\nLuz c\u00e1lida ideal para hogares, locales y espacios de descanso.<br \/>\nEncendido instant\u00e1neo y sin parpadeos.<br \/>\nMayor vida \u00fatil que las l\u00e1mparas tradicionales.<br \/>\nCompatible con la mayor\u00eda de portal\u00e1mparas E27.<\/p>\n<p>Una opci\u00f3n eficiente, econ\u00f3mica y est\u00e9ticamente atractiva para tus espacios.<\/p>\n","protected":false},"excerpt":{"rendered":"<p class=\"ui-pdp-title\">L\u00e1mpara Led Vela 5w Calida 3000\u00b0 K E27 20000hs Baw Blanco C\u00e1lido<\/p>\n","protected":false},"featured_media":4751,"template":"","meta":{"site-sidebar-layout":"default","site-content-layout":"","ast-site-content-layout":"default","site-content-style":"default","site-sidebar-style":"default","ast-global-header-display":"","ast-banner-title-visibility":"","ast-main-header-display":"","ast-hfb-above-header-display":"","ast-hfb-below-header-display":"","ast-hfb-mobile-header-display":"","site-post-title":"","ast-breadcrumbs-content":"","ast-featured-img":"","footer-sml-layout":"","theme-transparent-header-meta":"default","adv-header-id-meta":"","stick-header-meta":"","header-above-stick-meta":"","header-main-stick-meta":"","header-below-stick-meta":"","astra-migrate-meta-layouts":"set","ast-page-background-enabled":"default","ast-page-background-meta":{"desktop":{"background-color":"var(--ast-global-color-4)","background-image":"","background-repeat":"repeat","background-position":"center center","background-size":"auto","background-attachment":"scroll","background-type":"","background-media":"","overlay-type":"","overlay-color":"","overlay-opacity":"","overlay-gradient":""},"tablet":{"background-color":"","background-image":"","background-repeat":"repeat","background-position":"center center","background-size":"auto","background-attachment":"scroll","background-type":"","background-media":"","overlay-type":"","overlay-color":"","overlay-opacity":"","overlay-gradient":""},"mobile":{"background-color":"","background-image":"","background-repeat":"repeat","background-position":"center center","background-size":"auto","background-attachment":"scroll","background-type":"","background-media":"","overlay-type":"","overlay-color":"","overlay-opacity":"","overlay-gradient":""}},"ast-content-background-meta":{"desktop":{"background-color":"var(--ast-global-color-5)","background-image":"","background-repeat":"repeat","background-position":"center center","background-size":"auto","background-attachment":"scroll","background-type":"","background-media":"","overlay-type":"","overlay-color":"","overlay-opacity":"","overlay-gradient":""},"tablet":{"background-color":"var(--ast-global-color-5)","background-image":"","background-repeat":"repeat","background-position":"center center","background-size":"auto","background-attachment":"scroll","background-type":"","background-media":"","overlay-type":"","overlay-color":"","overlay-opacity":"","overlay-gradient":""},"mobile":{"background-color":"var(--ast-global-color-5)","background-image":"","background-repeat":"repeat","background-position":"center center","background-size":"auto","background-attachment":"scroll","background-type":"","background-media":"","overlay-type":"","overlay-color":"","overlay-opacity":"","overlay-gradient":""}}},"pwb-brand":[279],"product_brand":[],"product_cat":[328,343],"product_tag":[529,528,526,527],"class_list":{"0":"post-4750","1":"product","2":"type-product","3":"status-publish","4":"has-post-thumbnail","6":"pwb-brand-baw","7":"product_cat-iluminacion","8":"product_cat-lamparas_vela","9":"product_tag-lampara-arana","10":"product_tag-lampara-led-vela","11":"product_tag-lampara-vela","12":"product_tag-lampara-vela-e27","13":"desktop-align-left","14":"tablet-align-left","15":"mobile-align-left","17":"first","18":"instock","19":"shipping-taxable","20":"purchasable","21":"product-type-simple"},"jetpack_sharing_enabled":true,"brands":[{"id":279,"name":"BAW","slug":"baw"}],"_links":{"self":[{"href":"https:\/\/gigawatt.com.ar\/index.php\/wp-json\/wp\/v2\/product\/4750","targetHints":{"allow":["GET"]}}],"collection":[{"href":"https:\/\/gigawatt.com.ar\/index.php\/wp-json\/wp\/v2\/product"}],"about":[{"href":"https:\/\/gigawatt.com.ar\/index.php\/wp-json\/wp\/v2\/types\/product"}],"version-history":[{"count":1,"href":"https:\/\/gigawatt.com.ar\/index.php\/wp-json\/wp\/v2\/product\/4750\/revisions"}],"predecessor-version":[{"id":4753,"href":"https:\/\/gigawatt.com.ar\/index.php\/wp-json\/wp\/v2\/product\/4750\/revisions\/4753"}],"wp:featuredmedia":[{"embeddable":true,"href":"https:\/\/gigawatt.com.ar\/index.php\/wp-json\/wp\/v2\/media\/4751"}],"wp:attachment":[{"href":"https:\/\/gigawatt.com.ar\/index.php\/wp-json\/wp\/v2\/media?parent=4750"}],"wp:term":[{"taxonomy":"pwb-brand","embeddable":true,"href":"https:\/\/gigawatt.com.ar\/index.php\/wp-json\/wp\/v2\/pwb-brand?post=4750"},{"taxonomy":"product_brand","embeddable":true,"href":"https:\/\/gigawatt.com.ar\/index.php\/wp-json\/wp\/v2\/product_brand?post=4750"},{"taxonomy":"product_cat","embeddable":true,"href":"https:\/\/gigawatt.com.ar\/index.php\/wp-json\/wp\/v2\/product_cat?post=4750"},{"taxonomy":"product_tag","embeddable":true,"href":"https:\/\/gigawatt.com.ar\/index.php\/wp-json\/wp\/v2\/product_tag?post=4750"}],"curies":[{"name":"wp","href":"https:\/\/api.w.org\/{rel}","templated":true}]}}