{"id":4759,"date":"2025-10-16T11:19:10","date_gmt":"2025-10-16T14:19:10","guid":{"rendered":"https:\/\/gigawatt.com.ar\/?post_type=product&#038;p=4759"},"modified":"2025-11-22T14:45:01","modified_gmt":"2025-11-22T17:45:01","slug":"lampara-led-gota-5-5w-calida-3000k-e27","status":"publish","type":"product","link":"https:\/\/gigawatt.com.ar\/index.php\/producto\/lampara-led-gota-5-5w-calida-3000k-e27\/","title":{"rendered":"Lampara LED Gota 5.5W Calida 3000\u00b0K E27"},"content":{"rendered":"<article class=\"text-token-text-primary w-full focus:outline-none [--shadow-height:45px] has-data-writing-block:pointer-events-none has-data-writing-block:-mt-(--shadow-height) has-data-writing-block:pt-(--shadow-height) [&amp;:has([data-writing-block])&gt;*]:pointer-events-auto [content-visibility:auto] supports-[content-visibility:auto]:[contain-intrinsic-size:auto_100lvh] scroll-mt-[calc(var(--header-height)+min(200px,max(70px,20svh)))]\" dir=\"auto\" tabindex=\"-1\" data-turn-id=\"request-68da9046-3c34-8331-b74e-1867ef8d0c8f-3\" data-testid=\"conversation-turn-56\" data-scroll-anchor=\"true\" data-turn=\"assistant\">\n<div class=\"text-base my-auto mx-auto pb-10 [--thread-content-margin:--spacing(4)] thread-sm:[--thread-content-margin:--spacing(6)] thread-lg:[--thread-content-margin:--spacing(16)] px-(--thread-content-margin)\">\n<div class=\"[--thread-content-max-width:40rem] thread-lg:[--thread-content-max-width:48rem] mx-auto max-w-(--thread-content-max-width) flex-1 group\/turn-messages focus-visible:outline-hidden relative flex w-full min-w-0 flex-col agent-turn\" tabindex=\"-1\">\n<div class=\"flex max-w-full flex-col grow\">\n<div class=\"min-h-8 text-message relative flex w-full flex-col items-end gap-2 text-start break-words whitespace-normal [.text-message+&amp;]:mt-1\" dir=\"auto\" data-message-author-role=\"assistant\" data-message-id=\"023e3f01-2080-404c-867a-17d361505684\" data-message-model-slug=\"gpt-5\">\n<div class=\"flex w-full flex-col gap-1 empty:hidden first:pt-[1px]\">\n<div class=\"markdown prose dark:prose-invert w-full break-words dark markdown-new-styling\">\n<h4 data-start=\"0\" data-end=\"48\"><strong data-start=\"0\" data-end=\"46\">L\u00e1mpara LED Gota BAW 5.5W Luz C\u00e1lida 3000K<\/strong><\/h4>\n<p data-start=\"0\" data-end=\"48\">La l\u00e1mpara LED Gota BAW brinda una iluminaci\u00f3n c\u00e1lida y confortable, ideal para crear ambientes acogedores en hogares, locales o espacios de descanso. Su dise\u00f1o compacto la hace perfecta para luminarias peque\u00f1as o decorativas.<\/p>\n<p data-start=\"280\" data-end=\"315\"><strong data-start=\"280\" data-end=\"313\">Caracter\u00edsticas del producto:<\/strong><\/p>\n<ul data-start=\"316\" data-end=\"523\">\n<li data-start=\"316\" data-end=\"330\">\n<p data-start=\"318\" data-end=\"330\">Marca: BAW<\/p>\n<\/li>\n<li data-start=\"331\" data-end=\"349\">\n<p data-start=\"333\" data-end=\"349\">Potencia: 5.5W<\/p>\n<\/li>\n<li data-start=\"350\" data-end=\"368\">\n<p data-start=\"352\" data-end=\"368\">Tensi\u00f3n: 220V~<\/p>\n<\/li>\n<li data-start=\"369\" data-end=\"387\">\n<p data-start=\"371\" data-end=\"387\">Casquillo: E27<\/p>\n<\/li>\n<li data-start=\"388\" data-end=\"432\">\n<p data-start=\"390\" data-end=\"432\">Temperatura de color: 3000K (luz c\u00e1lida)<\/p>\n<\/li>\n<li data-start=\"433\" data-end=\"463\">\n<p data-start=\"435\" data-end=\"463\">Tipo de luz: Blanca c\u00e1lida<\/p>\n<\/li>\n<li data-start=\"464\" data-end=\"489\">\n<p data-start=\"466\" data-end=\"489\">Encendido instant\u00e1neo<\/p>\n<\/li>\n<li data-start=\"490\" data-end=\"523\">\n<p data-start=\"492\" data-end=\"523\">Bajo consumo y larga duraci\u00f3n<\/p>\n<\/li>\n<\/ul>\n<p data-start=\"525\" data-end=\"540\"><strong data-start=\"525\" data-end=\"538\">Ventajas:<\/strong><\/p>\n<ul data-start=\"541\" data-end=\"759\" data-is-last-node=\"\" data-is-only-node=\"\">\n<li data-start=\"541\" data-end=\"601\">\n<p data-start=\"543\" data-end=\"601\">Luz suave que genera una atm\u00f3sfera relajada y agradable.<\/p>\n<\/li>\n<li data-start=\"602\" data-end=\"657\">\n<p data-start=\"604\" data-end=\"657\">Ahorro energ\u00e9tico frente a l\u00e1mparas incandescentes.<\/p>\n<\/li>\n<li data-start=\"658\" data-end=\"701\">\n<p data-start=\"660\" data-end=\"701\">Compatible con luminarias est\u00e1ndar E27.<\/p>\n<\/li>\n<li data-start=\"702\" data-end=\"759\" data-is-last-node=\"\">\n<p data-start=\"704\" data-end=\"759\" data-is-last-node=\"\">Ideal para livings, dormitorios y espacios de descanso.<\/p>\n<\/li>\n<\/ul>\n<\/div>\n<\/div>\n<\/div>\n<\/div>\n<div class=\"mt-3 w-full empty:hidden\">\n<div class=\"text-center\"><\/div>\n<\/div>\n<\/div>\n<\/div>\n<\/article>\n<div class=\"pointer-events-none h-px w-px\" aria-hidden=\"true\" data-edge=\"true\"><\/div>\n","protected":false},"excerpt":{"rendered":"<p>Lampara LED Gota 5.5W Calida 3000\u00b0K E27<\/p>\n","protected":false},"featured_media":4755,"template":"","meta":{"site-sidebar-layout":"default","site-content-layout":"","ast-site-content-layout":"default","site-content-style":"default","site-sidebar-style":"default","ast-global-header-display":"","ast-banner-title-visibility":"","ast-main-header-display":"","ast-hfb-above-header-display":"","ast-hfb-below-header-display":"","ast-hfb-mobile-header-display":"","site-post-title":"","ast-breadcrumbs-content":"","ast-featured-img":"","footer-sml-layout":"","theme-transparent-header-meta":"default","adv-header-id-meta":"","stick-header-meta":"","header-above-stick-meta":"","header-main-stick-meta":"","header-below-stick-meta":"","astra-migrate-meta-layouts":"set","ast-page-background-enabled":"default","ast-page-background-meta":{"desktop":{"background-color":"var(--ast-global-color-4)","background-image":"","background-repeat":"repeat","background-position":"center center","background-size":"auto","background-attachment":"scroll","background-type":"","background-media":"","overlay-type":"","overlay-color":"","overlay-opacity":"","overlay-gradient":""},"tablet":{"background-color":"","background-image":"","background-repeat":"repeat","background-position":"center center","background-size":"auto","background-attachment":"scroll","background-type":"","background-media":"","overlay-type":"","overlay-color":"","overlay-opacity":"","overlay-gradient":""},"mobile":{"background-color":"","background-image":"","background-repeat":"repeat","background-position":"center center","background-size":"auto","background-attachment":"scroll","background-type":"","background-media":"","overlay-type":"","overlay-color":"","overlay-opacity":"","overlay-gradient":""}},"ast-content-background-meta":{"desktop":{"background-color":"var(--ast-global-color-5)","background-image":"","background-repeat":"repeat","background-position":"center center","background-size":"auto","background-attachment":"scroll","background-type":"","background-media":"","overlay-type":"","overlay-color":"","overlay-opacity":"","overlay-gradient":""},"tablet":{"background-color":"var(--ast-global-color-5)","background-image":"","background-repeat":"repeat","background-position":"center center","background-size":"auto","background-attachment":"scroll","background-type":"","background-media":"","overlay-type":"","overlay-color":"","overlay-opacity":"","overlay-gradient":""},"mobile":{"background-color":"var(--ast-global-color-5)","background-image":"","background-repeat":"repeat","background-position":"center center","background-size":"auto","background-attachment":"scroll","background-type":"","background-media":"","overlay-type":"","overlay-color":"","overlay-opacity":"","overlay-gradient":""}}},"pwb-brand":[279],"product_brand":[],"product_cat":[328,530],"product_tag":[533,531,532],"class_list":{"0":"post-4759","1":"product","2":"type-product","3":"status-publish","4":"has-post-thumbnail","6":"pwb-brand-baw","7":"product_cat-iluminacion","8":"product_cat-lamp_gota","9":"product_tag-lampara-g45","10":"product_tag-lampara-gota","11":"product_tag-lamparita-velador","12":"desktop-align-left","13":"tablet-align-left","14":"mobile-align-left","16":"first","17":"instock","18":"shipping-taxable","19":"purchasable","20":"product-type-simple"},"jetpack_sharing_enabled":true,"brands":[{"id":279,"name":"BAW","slug":"baw"}],"_links":{"self":[{"href":"https:\/\/gigawatt.com.ar\/index.php\/wp-json\/wp\/v2\/product\/4759","targetHints":{"allow":["GET"]}}],"collection":[{"href":"https:\/\/gigawatt.com.ar\/index.php\/wp-json\/wp\/v2\/product"}],"about":[{"href":"https:\/\/gigawatt.com.ar\/index.php\/wp-json\/wp\/v2\/types\/product"}],"version-history":[{"count":1,"href":"https:\/\/gigawatt.com.ar\/index.php\/wp-json\/wp\/v2\/product\/4759\/revisions"}],"predecessor-version":[{"id":4760,"href":"https:\/\/gigawatt.com.ar\/index.php\/wp-json\/wp\/v2\/product\/4759\/revisions\/4760"}],"wp:featuredmedia":[{"embeddable":true,"href":"https:\/\/gigawatt.com.ar\/index.php\/wp-json\/wp\/v2\/media\/4755"}],"wp:attachment":[{"href":"https:\/\/gigawatt.com.ar\/index.php\/wp-json\/wp\/v2\/media?parent=4759"}],"wp:term":[{"taxonomy":"pwb-brand","embeddable":true,"href":"https:\/\/gigawatt.com.ar\/index.php\/wp-json\/wp\/v2\/pwb-brand?post=4759"},{"taxonomy":"product_brand","embeddable":true,"href":"https:\/\/gigawatt.com.ar\/index.php\/wp-json\/wp\/v2\/product_brand?post=4759"},{"taxonomy":"product_cat","embeddable":true,"href":"https:\/\/gigawatt.com.ar\/index.php\/wp-json\/wp\/v2\/product_cat?post=4759"},{"taxonomy":"product_tag","embeddable":true,"href":"https:\/\/gigawatt.com.ar\/index.php\/wp-json\/wp\/v2\/product_tag?post=4759"}],"curies":[{"name":"wp","href":"https:\/\/api.w.org\/{rel}","templated":true}]}}