{"id":4787,"date":"2025-12-16T12:38:48","date_gmt":"2025-12-16T15:38:48","guid":{"rendered":"https:\/\/gigawatt.com.ar\/?post_type=product&#038;p=4787"},"modified":"2026-02-03T12:39:30","modified_gmt":"2026-02-03T15:39:30","slug":"multimetro-digital-hb-113c","status":"publish","type":"product","link":"https:\/\/gigawatt.com.ar\/index.php\/producto\/multimetro-digital-hb-113c\/","title":{"rendered":"Multimetro Digital HB-113C"},"content":{"rendered":"<h5>Mult\u00edmetro Digital Brinna HB-113C<\/h5>\n<p>&nbsp;<\/p>\n<p>Instrumento de medici\u00f3n confiable y preciso, ideal para trabajos el\u00e9ctricos profesionales y t\u00e9cnicos.<\/p>\n<p>&#8211; Caracter\u00edsticas principales:<\/p>\n<p>Pantalla LCD de 1999 cuentas con retroiluminaci\u00f3n<br \/>\nTensi\u00f3n CA\/CC: hasta 600 V<br \/>\nCorriente CC: hasta 10 A<br \/>\nResistencia: hasta 10 kohm<br \/>\nMedici\u00f3n de temperatura: de -20 \u00b0C a 1000 \u00b0C<br \/>\nFunciones: buzzer de continuidad, prueba de diodos y transistores hFE<br \/>\nCategor\u00eda de seguridad: CAT IV 600 V<br \/>\nGrado de poluci\u00f3n: 2 Protecci\u00f3n contra sobrecarga<br \/>\nIndicador de bater\u00eda baja<br \/>\nEspecificaciones f\u00edsicas: Alimentaci\u00f3n: 3 pilas AAA (no incluidas)<br \/>\nDimensiones: 147 x 71 x 45 mm Peso: 220 g &#8211;<br \/>\nIncluye: Holder protector Puntas de prueba Termocupla Manual descargable<\/p>\n<p><strong><a href=\"http:\/\/gigawatt.com.ar\/wp-content\/uploads\/2025\/09\/GIGAWATT_MANUAL-HB113A-HB113C.pdf\" target=\"_blank\" rel=\"noopener\">Descargar Manual del Producto<\/a><\/strong><\/p>\n","protected":false},"excerpt":{"rendered":"<p>Multimetro Digital HB-113C<\/p>\n","protected":false},"featured_media":4788,"template":"","meta":{"site-sidebar-layout":"default","site-content-layout":"","ast-site-content-layout":"default","site-content-style":"default","site-sidebar-style":"default","ast-global-header-display":"","ast-banner-title-visibility":"","ast-main-header-display":"","ast-hfb-above-header-display":"","ast-hfb-below-header-display":"","ast-hfb-mobile-header-display":"","site-post-title":"","ast-breadcrumbs-content":"","ast-featured-img":"","footer-sml-layout":"","theme-transparent-header-meta":"default","adv-header-id-meta":"","stick-header-meta":"","header-above-stick-meta":"","header-main-stick-meta":"","header-below-stick-meta":"","astra-migrate-meta-layouts":"set","ast-page-background-enabled":"default","ast-page-background-meta":{"desktop":{"background-color":"var(--ast-global-color-4)","background-image":"","background-repeat":"repeat","background-position":"center center","background-size":"auto","background-attachment":"scroll","background-type":"","background-media":"","overlay-type":"","overlay-color":"","overlay-opacity":"","overlay-gradient":""},"tablet":{"background-color":"","background-image":"","background-repeat":"repeat","background-position":"center center","background-size":"auto","background-attachment":"scroll","background-type":"","background-media":"","overlay-type":"","overlay-color":"","overlay-opacity":"","overlay-gradient":""},"mobile":{"background-color":"","background-image":"","background-repeat":"repeat","background-position":"center center","background-size":"auto","background-attachment":"scroll","background-type":"","background-media":"","overlay-type":"","overlay-color":"","overlay-opacity":"","overlay-gradient":""}},"ast-content-background-meta":{"desktop":{"background-color":"var(--ast-global-color-5)","background-image":"","background-repeat":"repeat","background-position":"center center","background-size":"auto","background-attachment":"scroll","background-type":"","background-media":"","overlay-type":"","overlay-color":"","overlay-opacity":"","overlay-gradient":""},"tablet":{"background-color":"var(--ast-global-color-5)","background-image":"","background-repeat":"repeat","background-position":"center center","background-size":"auto","background-attachment":"scroll","background-type":"","background-media":"","overlay-type":"","overlay-color":"","overlay-opacity":"","overlay-gradient":""},"mobile":{"background-color":"var(--ast-global-color-5)","background-image":"","background-repeat":"repeat","background-position":"center center","background-size":"auto","background-attachment":"scroll","background-type":"","background-media":"","overlay-type":"","overlay-color":"","overlay-opacity":"","overlay-gradient":""}}},"pwb-brand":[288],"product_brand":[],"product_cat":[416,373,221],"product_tag":[],"class_list":{"0":"post-4787","1":"product","2":"type-product","3":"status-publish","4":"has-post-thumbnail","6":"pwb-brand-brinna","7":"product_cat-instrumentos_medicion","8":"product_cat-tester","9":"product_cat-comunes","10":"desktop-align-left","11":"tablet-align-left","12":"mobile-align-left","14":"first","15":"instock","16":"sale","17":"shipping-taxable","18":"purchasable","19":"product-type-simple"},"jetpack_sharing_enabled":true,"brands":[{"id":288,"name":"Brinna","slug":"brinna"}],"_links":{"self":[{"href":"https:\/\/gigawatt.com.ar\/index.php\/wp-json\/wp\/v2\/product\/4787","targetHints":{"allow":["GET"]}}],"collection":[{"href":"https:\/\/gigawatt.com.ar\/index.php\/wp-json\/wp\/v2\/product"}],"about":[{"href":"https:\/\/gigawatt.com.ar\/index.php\/wp-json\/wp\/v2\/types\/product"}],"version-history":[{"count":1,"href":"https:\/\/gigawatt.com.ar\/index.php\/wp-json\/wp\/v2\/product\/4787\/revisions"}],"predecessor-version":[{"id":4790,"href":"https:\/\/gigawatt.com.ar\/index.php\/wp-json\/wp\/v2\/product\/4787\/revisions\/4790"}],"wp:featuredmedia":[{"embeddable":true,"href":"https:\/\/gigawatt.com.ar\/index.php\/wp-json\/wp\/v2\/media\/4788"}],"wp:attachment":[{"href":"https:\/\/gigawatt.com.ar\/index.php\/wp-json\/wp\/v2\/media?parent=4787"}],"wp:term":[{"taxonomy":"pwb-brand","embeddable":true,"href":"https:\/\/gigawatt.com.ar\/index.php\/wp-json\/wp\/v2\/pwb-brand?post=4787"},{"taxonomy":"product_brand","embeddable":true,"href":"https:\/\/gigawatt.com.ar\/index.php\/wp-json\/wp\/v2\/product_brand?post=4787"},{"taxonomy":"product_cat","embeddable":true,"href":"https:\/\/gigawatt.com.ar\/index.php\/wp-json\/wp\/v2\/product_cat?post=4787"},{"taxonomy":"product_tag","embeddable":true,"href":"https:\/\/gigawatt.com.ar\/index.php\/wp-json\/wp\/v2\/product_tag?post=4787"}],"curies":[{"name":"wp","href":"https:\/\/api.w.org\/{rel}","templated":true}]}}