{"id":4841,"date":"2025-12-18T15:24:38","date_gmt":"2025-12-18T18:24:38","guid":{"rendered":"https:\/\/gigawatt.com.ar\/?post_type=product&#038;p=4841"},"modified":"2026-01-16T10:03:11","modified_gmt":"2026-01-16T13:03:11","slug":"destornillador-electrico-brinna-bateria-estuche-negro-3-6v-negro","status":"publish","type":"product","link":"https:\/\/gigawatt.com.ar\/index.php\/producto\/destornillador-electrico-brinna-bateria-estuche-negro-3-6v-negro\/","title":{"rendered":"Destornillador El\u00e9ctrico Brinna Bater\u00eda Estuche Negro 3.6v Negro"},"content":{"rendered":"<h4>Destornillador el\u00e9ctrico BRINNA HB-30 con bater\u00eda Li-Ion, torque ajustable y carga r\u00e1pida USB-C.<\/h4>\n<p>&nbsp;<\/p>\n<p>Caracter\u00edsticas t\u00e9cnicas:<\/p>\n<p>&#8211; Bater\u00eda recargable: 3.6V \/ Celda 18650 de Li-lon \/ 2000 mAh<br \/>\n&#8211; Velocidad: 360 RPM &#8211; Tipo de extensor: hexagonal de 6.35 mm (\u00bc pulgada) con liberaci\u00f3n r\u00e1pida.<br \/>\n&#8211; Rango de torque: 1-5 N-m (el\u00e9ctrico) \/ 10 N-m (manual).<br \/>\n&#8211; Tiempo de carga: 120 minutos (entrada 5V, 1A).<br \/>\n&#8211; Tiempo de uso continuo: 120 minutos<br \/>\n&#8211; Puerto de carga: USB &#8211; tipo C<br \/>\n&#8211; Tensi\u00f3n de carga: = 5V, 1A<br \/>\n&#8211; Peso (aproximado): 285 g.<br \/>\n&#8211; Temperatura ambiente de trabajo: -10 \u00b0C \u02dc 45 \u00b0C<br \/>\n&#8211; Temperatura ambiente de cargar: 4 \u00b0C \u02dc 40 \u00b0C<\/p>\n<p>\u00bfQue incluye?<br \/>\n&#8211; Cable USB<br \/>\n&#8211; Punta doble PH+PL<br \/>\n&#8211; Puntas intercambiables x9<br \/>\n&#8211; Extensor de puntas.<br \/>\n&#8211; Mecha para madera.<br \/>\n&#8211; Estuche de almacenamiento semi-r\u00edgido.<\/p>\n<p>Ideal para ajustar y desajustar tornillos de diferentes medidas ahorrando tiempo de trabajo y asegurando el torque justo para cada caso. Recomendado para una amplia gama de trabajos: electricidad, mantenimiento en general, carpinter\u00eda, cerrajer\u00eda, mec\u00e1nica, electr\u00f3nica, etc.<\/p>\n","protected":false},"excerpt":{"rendered":"<p class=\"ui-pdp-title\">Destornillador El\u00e9ctrico Brinna Bater\u00eda Estuche Negro 3.6v Negro<\/p>\n","protected":false},"featured_media":4842,"template":"","meta":{"site-sidebar-layout":"default","site-content-layout":"","ast-site-content-layout":"default","site-content-style":"default","site-sidebar-style":"default","ast-global-header-display":"","ast-banner-title-visibility":"","ast-main-header-display":"","ast-hfb-above-header-display":"","ast-hfb-below-header-display":"","ast-hfb-mobile-header-display":"","site-post-title":"","ast-breadcrumbs-content":"","ast-featured-img":"","footer-sml-layout":"","theme-transparent-header-meta":"default","adv-header-id-meta":"","stick-header-meta":"","header-above-stick-meta":"","header-main-stick-meta":"","header-below-stick-meta":"","astra-migrate-meta-layouts":"set","ast-page-background-enabled":"default","ast-page-background-meta":{"desktop":{"background-color":"var(--ast-global-color-4)","background-image":"","background-repeat":"repeat","background-position":"center center","background-size":"auto","background-attachment":"scroll","background-type":"","background-media":"","overlay-type":"","overlay-color":"","overlay-opacity":"","overlay-gradient":""},"tablet":{"background-color":"","background-image":"","background-repeat":"repeat","background-position":"center center","background-size":"auto","background-attachment":"scroll","background-type":"","background-media":"","overlay-type":"","overlay-color":"","overlay-opacity":"","overlay-gradient":""},"mobile":{"background-color":"","background-image":"","background-repeat":"repeat","background-position":"center center","background-size":"auto","background-attachment":"scroll","background-type":"","background-media":"","overlay-type":"","overlay-color":"","overlay-opacity":"","overlay-gradient":""}},"ast-content-background-meta":{"desktop":{"background-color":"var(--ast-global-color-5)","background-image":"","background-repeat":"repeat","background-position":"center center","background-size":"auto","background-attachment":"scroll","background-type":"","background-media":"","overlay-type":"","overlay-color":"","overlay-opacity":"","overlay-gradient":""},"tablet":{"background-color":"var(--ast-global-color-5)","background-image":"","background-repeat":"repeat","background-position":"center center","background-size":"auto","background-attachment":"scroll","background-type":"","background-media":"","overlay-type":"","overlay-color":"","overlay-opacity":"","overlay-gradient":""},"mobile":{"background-color":"var(--ast-global-color-5)","background-image":"","background-repeat":"repeat","background-position":"center center","background-size":"auto","background-attachment":"scroll","background-type":"","background-media":"","overlay-type":"","overlay-color":"","overlay-opacity":"","overlay-gradient":""}}},"pwb-brand":[288],"product_brand":[],"product_cat":[340,210],"product_tag":[551,549,555,548,554,550,552,553,556],"class_list":{"0":"post-4841","1":"product","2":"type-product","3":"status-publish","4":"has-post-thumbnail","6":"pwb-brand-brinna","7":"product_cat-destornillador-herramientas","8":"product_cat-herramientas","9":"product_tag-atornillador-a-bateria","10":"product_tag-atornillador-electrico","11":"product_tag-control-de-torque","12":"product_tag-destornillador-electrico","13":"product_tag-destornillador-electrico-profesional","14":"product_tag-destornillador-inalambrico","15":"product_tag-destornillador-recargable","16":"product_tag-destornillador-usb","17":"product_tag-herramientas-inalambricas","18":"desktop-align-left","19":"tablet-align-left","20":"mobile-align-left","22":"first","23":"instock","24":"shipping-taxable","25":"purchasable","26":"product-type-simple"},"jetpack_sharing_enabled":true,"brands":[{"id":288,"name":"Brinna","slug":"brinna"}],"_links":{"self":[{"href":"https:\/\/gigawatt.com.ar\/index.php\/wp-json\/wp\/v2\/product\/4841","targetHints":{"allow":["GET"]}}],"collection":[{"href":"https:\/\/gigawatt.com.ar\/index.php\/wp-json\/wp\/v2\/product"}],"about":[{"href":"https:\/\/gigawatt.com.ar\/index.php\/wp-json\/wp\/v2\/types\/product"}],"version-history":[{"count":1,"href":"https:\/\/gigawatt.com.ar\/index.php\/wp-json\/wp\/v2\/product\/4841\/revisions"}],"predecessor-version":[{"id":4847,"href":"https:\/\/gigawatt.com.ar\/index.php\/wp-json\/wp\/v2\/product\/4841\/revisions\/4847"}],"wp:featuredmedia":[{"embeddable":true,"href":"https:\/\/gigawatt.com.ar\/index.php\/wp-json\/wp\/v2\/media\/4842"}],"wp:attachment":[{"href":"https:\/\/gigawatt.com.ar\/index.php\/wp-json\/wp\/v2\/media?parent=4841"}],"wp:term":[{"taxonomy":"pwb-brand","embeddable":true,"href":"https:\/\/gigawatt.com.ar\/index.php\/wp-json\/wp\/v2\/pwb-brand?post=4841"},{"taxonomy":"product_brand","embeddable":true,"href":"https:\/\/gigawatt.com.ar\/index.php\/wp-json\/wp\/v2\/product_brand?post=4841"},{"taxonomy":"product_cat","embeddable":true,"href":"https:\/\/gigawatt.com.ar\/index.php\/wp-json\/wp\/v2\/product_cat?post=4841"},{"taxonomy":"product_tag","embeddable":true,"href":"https:\/\/gigawatt.com.ar\/index.php\/wp-json\/wp\/v2\/product_tag?post=4841"}],"curies":[{"name":"wp","href":"https:\/\/api.w.org\/{rel}","templated":true}]}}