{"id":4855,"date":"2026-01-07T15:00:46","date_gmt":"2026-01-07T18:00:46","guid":{"rendered":"https:\/\/gigawatt.com.ar\/?post_type=product&#038;p=4855"},"modified":"2026-01-07T15:01:24","modified_gmt":"2026-01-07T18:01:24","slug":"reflector-led-portatil-10w-recargable-2-modos-powerbank","status":"publish","type":"product","link":"https:\/\/gigawatt.com.ar\/index.php\/producto\/reflector-led-portatil-10w-recargable-2-modos-powerbank\/","title":{"rendered":"Reflector Led Portatil 10W Recargable 2 Modos Powerbank"},"content":{"rendered":"<h4>REFLECTOR LED PORTATIL 10W &#8211; POWERBANK RECARGABLE USB<\/h4>\n<p>&nbsp;<\/p>\n<p>Este reflector LED port\u00e1til combina potencia, autonom\u00eda y portabilidad. Con 10 W de iluminaci\u00f3n LED, bater\u00eda recargable por USB y funci\u00f3n powerbank que permite cargar el celular, es ideal para uso en el hogar, taller, obra, camping o situaciones de corte de energ\u00eda.<\/p>\n<p><strong>CARACTER\u00cdSTICAS T\u00c9CNICAS<\/strong><\/p>\n<ul>\n<li>Potencia nominal: 10 W<\/li>\n<li>Corriente: 230 mA<\/li>\n<li>Flujo luminoso: 800 lm<\/li>\n<li>Clase de aislaci\u00f3n: Clase III<\/li>\n<li>Grado de protecci\u00f3n: IK06 \u2013 IP54<\/li>\n<li>Material del cuerpo: ABS \/ PC<\/li>\n<li>\u00cdndice de reproducci\u00f3n crom\u00e1tica (CRI): &gt;80 Ra<\/li>\n<li>Temperatura de trabajo: -25 \u00b0C a +45 \u00b0C<\/li>\n<li>Dimensiones: 235 x 154 x 88 mm<\/li>\n<li>Vida \u00fatil: 20.000 horas<\/li>\n<li>\u00c1ngulo de apertura: 100\u00b0<\/li>\n<li>Autonom\u00eda: 3 horas al 100 % 6 horas al 50 %<\/li>\n<\/ul>\n<p><strong>CARACTER\u00cdSTICAS FUNCIONALES<\/strong><\/p>\n<ul>\n<li>Port\u00e1til y recargable<\/li>\n<li>Agarre magn\u00e9tico<\/li>\n<li>Agarre tipo mordaza<\/li>\n<li>Cuerpo pl\u00e1stico de policarbonato<\/li>\n<li>Dimerizable: 50 % y 100 %<\/li>\n<\/ul>\n","protected":false},"excerpt":{"rendered":"<p>Reflector Led Portatil 10W Recargable 2 Modos Powerbank<\/p>\n","protected":false},"featured_media":4856,"template":"","meta":{"site-sidebar-layout":"default","site-content-layout":"","ast-site-content-layout":"default","site-content-style":"default","site-sidebar-style":"default","ast-global-header-display":"","ast-banner-title-visibility":"","ast-main-header-display":"","ast-hfb-above-header-display":"","ast-hfb-below-header-display":"","ast-hfb-mobile-header-display":"","site-post-title":"","ast-breadcrumbs-content":"","ast-featured-img":"","footer-sml-layout":"","theme-transparent-header-meta":"default","adv-header-id-meta":"","stick-header-meta":"","header-above-stick-meta":"","header-main-stick-meta":"","header-below-stick-meta":"","astra-migrate-meta-layouts":"set","ast-page-background-enabled":"default","ast-page-background-meta":{"desktop":{"background-color":"var(--ast-global-color-4)","background-image":"","background-repeat":"repeat","background-position":"center center","background-size":"auto","background-attachment":"scroll","background-type":"","background-media":"","overlay-type":"","overlay-color":"","overlay-opacity":"","overlay-gradient":""},"tablet":{"background-color":"","background-image":"","background-repeat":"repeat","background-position":"center center","background-size":"auto","background-attachment":"scroll","background-type":"","background-media":"","overlay-type":"","overlay-color":"","overlay-opacity":"","overlay-gradient":""},"mobile":{"background-color":"","background-image":"","background-repeat":"repeat","background-position":"center center","background-size":"auto","background-attachment":"scroll","background-type":"","background-media":"","overlay-type":"","overlay-color":"","overlay-opacity":"","overlay-gradient":""}},"ast-content-background-meta":{"desktop":{"background-color":"var(--ast-global-color-5)","background-image":"","background-repeat":"repeat","background-position":"center center","background-size":"auto","background-attachment":"scroll","background-type":"","background-media":"","overlay-type":"","overlay-color":"","overlay-opacity":"","overlay-gradient":""},"tablet":{"background-color":"var(--ast-global-color-5)","background-image":"","background-repeat":"repeat","background-position":"center center","background-size":"auto","background-attachment":"scroll","background-type":"","background-media":"","overlay-type":"","overlay-color":"","overlay-opacity":"","overlay-gradient":""},"mobile":{"background-color":"var(--ast-global-color-5)","background-image":"","background-repeat":"repeat","background-position":"center center","background-size":"auto","background-attachment":"scroll","background-type":"","background-media":"","overlay-type":"","overlay-color":"","overlay-opacity":"","overlay-gradient":""}}},"pwb-brand":[279],"product_brand":[],"product_cat":[210,328,344,449,358],"product_tag":[566,560,564,559,561,565,557,562,563,558],"class_list":{"0":"post-4855","1":"product","2":"type-product","3":"status-publish","4":"has-post-thumbnail","6":"pwb-brand-baw","7":"product_cat-herramientas","8":"product_cat-iluminacion","9":"product_cat-linternas-herramientas","10":"product_cat-outdoor","11":"product_cat-reflectores","12":"product_tag-lampara-led-portatil","13":"product_tag-luz-led-portatil","14":"product_tag-luz-portatil-recargable","15":"product_tag-reflector-con-powerbank","16":"product_tag-reflector-de-emergencia","17":"product_tag-reflector-led-10w","18":"product_tag-reflector-led-portatil","19":"product_tag-reflector-para-camping","20":"product_tag-reflector-para-taller","21":"product_tag-reflector-recargable-usb","22":"desktop-align-left","23":"tablet-align-left","24":"mobile-align-left","26":"first","27":"instock","28":"featured","29":"shipping-taxable","30":"purchasable","31":"product-type-simple"},"jetpack_sharing_enabled":true,"brands":[{"id":279,"name":"BAW","slug":"baw"}],"_links":{"self":[{"href":"https:\/\/gigawatt.com.ar\/index.php\/wp-json\/wp\/v2\/product\/4855","targetHints":{"allow":["GET"]}}],"collection":[{"href":"https:\/\/gigawatt.com.ar\/index.php\/wp-json\/wp\/v2\/product"}],"about":[{"href":"https:\/\/gigawatt.com.ar\/index.php\/wp-json\/wp\/v2\/types\/product"}],"version-history":[{"count":2,"href":"https:\/\/gigawatt.com.ar\/index.php\/wp-json\/wp\/v2\/product\/4855\/revisions"}],"predecessor-version":[{"id":4864,"href":"https:\/\/gigawatt.com.ar\/index.php\/wp-json\/wp\/v2\/product\/4855\/revisions\/4864"}],"wp:featuredmedia":[{"embeddable":true,"href":"https:\/\/gigawatt.com.ar\/index.php\/wp-json\/wp\/v2\/media\/4856"}],"wp:attachment":[{"href":"https:\/\/gigawatt.com.ar\/index.php\/wp-json\/wp\/v2\/media?parent=4855"}],"wp:term":[{"taxonomy":"pwb-brand","embeddable":true,"href":"https:\/\/gigawatt.com.ar\/index.php\/wp-json\/wp\/v2\/pwb-brand?post=4855"},{"taxonomy":"product_brand","embeddable":true,"href":"https:\/\/gigawatt.com.ar\/index.php\/wp-json\/wp\/v2\/product_brand?post=4855"},{"taxonomy":"product_cat","embeddable":true,"href":"https:\/\/gigawatt.com.ar\/index.php\/wp-json\/wp\/v2\/product_cat?post=4855"},{"taxonomy":"product_tag","embeddable":true,"href":"https:\/\/gigawatt.com.ar\/index.php\/wp-json\/wp\/v2\/product_tag?post=4855"}],"curies":[{"name":"wp","href":"https:\/\/api.w.org\/{rel}","templated":true}]}}