{"id":492,"date":"2024-08-12T14:57:17","date_gmt":"2024-08-12T17:57:17","guid":{"rendered":"https:\/\/gigawatt.com.ar\/?post_type=product&#038;p=492"},"modified":"2025-11-04T10:12:55","modified_gmt":"2025-11-04T13:12:55","slug":"tablero_wifi_bomba_pileta_piscina_conexion_de_sistema_de_riego_rainbird","status":"publish","type":"product","link":"https:\/\/gigawatt.com.ar\/index.php\/producto\/tablero_wifi_bomba_pileta_piscina_conexion_de_sistema_de_riego_rainbird\/","title":{"rendered":"Tablero Wifi Bomba Pileta Piscina Conexi\u00f3n de Sistema de Riego Rainbird"},"content":{"rendered":"<p>TABLERO PARA COMANDO DE BOMBA MONOFASICA PARA FILTADO DE PISCINA<\/p>\n<p>Y APTO PARA CONEXI\u00d3N DE SISTEMA DE RIEGO RAINBIRD o similar (NO INCLUIDO)<\/p>\n<p>El tablero comanda la bomba para filtrado de piscina con interruptor wifi programable y con posibilidad de arranque y parada remoto.<\/p>\n<p>Adem\u00e1s est\u00e1 preparado para sumar un sistema de riego tipo RAINBIRD (No incluido) para el comando de una segunda bomba monof\u00e1sica.<\/p>\n<p>Posibilidad de comando manual o autom\u00e1tico de las bombas desde el frente del tablero.<\/p>\n<p>Incluye indicadores luminosos de bombas en marcha<\/p>\n<p>Incluye:<\/p>\n<p>Gabinete tablero estanco para exterior (Medidas aprox. 42x42x15cm) x1<\/p>\n<p>Protecci\u00f3n Termomagn\u00e9tica 4x20A marca BAW o similar x2<\/p>\n<p>Contactor para el comando para bombas de hasta 12A marca BAW o similar x2<\/p>\n<p>Relevo t\u00e9rmico para la protecci\u00f3n de la bomba marca BAW o similar x2<\/p>\n<p>Interruptor WIFI de f\u00e1cil programaci\u00f3n para el comando desde cualquier celular x1<\/p>\n<p>Luz de se\u00f1alizaci\u00f3n de bomba en marcha x2<\/p>\n<p>MANUAL DE INSTALACI\u00d3N EN PDF: Con el producto te llegan las instrucciones de como descargarlo.<\/p>\n<p>Asesoramiento postventa v\u00eda whastapp<\/p>\n","protected":false},"excerpt":{"rendered":"<p>Tablero Wifi Bomba Pileta Piscina Conexi\u00f3n de Sistema de Riego Rainbird<\/p>\n","protected":false},"featured_media":2247,"template":"","meta":{"site-sidebar-layout":"default","site-content-layout":"","ast-site-content-layout":"default","site-content-style":"default","site-sidebar-style":"default","ast-global-header-display":"","ast-banner-title-visibility":"","ast-main-header-display":"","ast-hfb-above-header-display":"","ast-hfb-below-header-display":"","ast-hfb-mobile-header-display":"","site-post-title":"","ast-breadcrumbs-content":"","ast-featured-img":"","footer-sml-layout":"","theme-transparent-header-meta":"default","adv-header-id-meta":"","stick-header-meta":"","header-above-stick-meta":"","header-main-stick-meta":"","header-below-stick-meta":"","astra-migrate-meta-layouts":"set","ast-page-background-enabled":"default","ast-page-background-meta":{"desktop":{"background-color":"var(--ast-global-color-4)","background-image":"","background-repeat":"repeat","background-position":"center center","background-size":"auto","background-attachment":"scroll","background-type":"","background-media":"","overlay-type":"","overlay-color":"","overlay-opacity":"","overlay-gradient":""},"tablet":{"background-color":"","background-image":"","background-repeat":"repeat","background-position":"center center","background-size":"auto","background-attachment":"scroll","background-type":"","background-media":"","overlay-type":"","overlay-color":"","overlay-opacity":"","overlay-gradient":""},"mobile":{"background-color":"","background-image":"","background-repeat":"repeat","background-position":"center center","background-size":"auto","background-attachment":"scroll","background-type":"","background-media":"","overlay-type":"","overlay-color":"","overlay-opacity":"","overlay-gradient":""}},"ast-content-background-meta":{"desktop":{"background-color":"var(--ast-global-color-5)","background-image":"","background-repeat":"repeat","background-position":"center center","background-size":"auto","background-attachment":"scroll","background-type":"","background-media":"","overlay-type":"","overlay-color":"","overlay-opacity":"","overlay-gradient":""},"tablet":{"background-color":"var(--ast-global-color-5)","background-image":"","background-repeat":"repeat","background-position":"center center","background-size":"auto","background-attachment":"scroll","background-type":"","background-media":"","overlay-type":"","overlay-color":"","overlay-opacity":"","overlay-gradient":""},"mobile":{"background-color":"var(--ast-global-color-5)","background-image":"","background-repeat":"repeat","background-position":"center center","background-size":"auto","background-attachment":"scroll","background-type":"","background-media":"","overlay-type":"","overlay-color":"","overlay-opacity":"","overlay-gradient":""}}},"pwb-brand":[278],"product_brand":[],"product_cat":[133,544,137,200],"product_tag":[59,60,57,202,56,58],"class_list":{"0":"post-492","1":"product","2":"type-product","3":"status-publish","4":"has-post-thumbnail","6":"pwb-brand-rs","7":"product_cat-domotica","8":"product_cat-tableros_domotica","9":"product_cat-tableros_piscinariego","10":"product_cat-tp_2_bombas","11":"product_tag-automatico-pileta","12":"product_tag-automatico-riego","13":"product_tag-automatizacion-bomba-pileta","14":"product_tag-tablero-para-riego","15":"product_tag-tablero-pileta","16":"product_tag-tablero-riego-automatico","17":"desktop-align-left","18":"tablet-align-left","19":"mobile-align-left","21":"first","22":"onbackorder","23":"shipping-taxable","24":"purchasable","25":"product-type-simple"},"jetpack_sharing_enabled":true,"brands":[{"id":278,"name":"RS Automation","slug":"rs"}],"_links":{"self":[{"href":"https:\/\/gigawatt.com.ar\/index.php\/wp-json\/wp\/v2\/product\/492","targetHints":{"allow":["GET"]}}],"collection":[{"href":"https:\/\/gigawatt.com.ar\/index.php\/wp-json\/wp\/v2\/product"}],"about":[{"href":"https:\/\/gigawatt.com.ar\/index.php\/wp-json\/wp\/v2\/types\/product"}],"version-history":[{"count":2,"href":"https:\/\/gigawatt.com.ar\/index.php\/wp-json\/wp\/v2\/product\/492\/revisions"}],"predecessor-version":[{"id":2250,"href":"https:\/\/gigawatt.com.ar\/index.php\/wp-json\/wp\/v2\/product\/492\/revisions\/2250"}],"wp:featuredmedia":[{"embeddable":true,"href":"https:\/\/gigawatt.com.ar\/index.php\/wp-json\/wp\/v2\/media\/2247"}],"wp:attachment":[{"href":"https:\/\/gigawatt.com.ar\/index.php\/wp-json\/wp\/v2\/media?parent=492"}],"wp:term":[{"taxonomy":"pwb-brand","embeddable":true,"href":"https:\/\/gigawatt.com.ar\/index.php\/wp-json\/wp\/v2\/pwb-brand?post=492"},{"taxonomy":"product_brand","embeddable":true,"href":"https:\/\/gigawatt.com.ar\/index.php\/wp-json\/wp\/v2\/product_brand?post=492"},{"taxonomy":"product_cat","embeddable":true,"href":"https:\/\/gigawatt.com.ar\/index.php\/wp-json\/wp\/v2\/product_cat?post=492"},{"taxonomy":"product_tag","embeddable":true,"href":"https:\/\/gigawatt.com.ar\/index.php\/wp-json\/wp\/v2\/product_tag?post=492"}],"curies":[{"name":"wp","href":"https:\/\/api.w.org\/{rel}","templated":true}]}}