{"id":4933,"date":"2026-01-07T16:17:57","date_gmt":"2026-01-07T19:17:57","guid":{"rendered":"https:\/\/gigawatt.com.ar\/?post_type=product&#038;p=4933"},"modified":"2026-01-07T16:19:30","modified_gmt":"2026-01-07T19:19:30","slug":"led-verde-alta-luminosidad-3-mm-uso-electronico","status":"publish","type":"product","link":"https:\/\/gigawatt.com.ar\/index.php\/producto\/led-verde-alta-luminosidad-3-mm-uso-electronico\/","title":{"rendered":"LED Verde Alta Luminosidad 3 mm \u2013 Uso Electr\u00f3nico"},"content":{"rendered":"<h4>LED Verde Alta Luminosidad 3 mm \u2013 Uso Electr\u00f3nico<\/h4>\n<p>&nbsp;<\/p>\n<p data-start=\"258\" data-end=\"578\">El LED verde de alta luminosidad de 3 mm es ideal para aplicaciones electr\u00f3nicas que requieren una se\u00f1alizaci\u00f3n clara y visible. Su alta intensidad lum\u00ednica garantiza excelente visibilidad con bajo consumo, siendo una opci\u00f3n confiable para proyectos electr\u00f3nicos, tableros de control, indicadores de estado y prototipos.<\/p>\n<p data-start=\"580\" data-end=\"752\">Gracias a su encapsulado est\u00e1ndar de 3 mm, es compatible con placas perforadas, PCB y montajes en panel. Su dise\u00f1o robusto asegura larga vida \u00fatil y funcionamiento estable.<\/p>\n<p data-start=\"759\" data-end=\"794\"><strong data-start=\"763\" data-end=\"794\">CARACTER\u00cdSTICAS PRINCIPALES<\/strong><\/p>\n<ul data-start=\"795\" data-end=\"1014\">\n<li data-start=\"795\" data-end=\"828\">\n<p data-start=\"797\" data-end=\"828\">Tipo: LED de alta luminosidad<\/p>\n<\/li>\n<li data-start=\"829\" data-end=\"845\">\n<p data-start=\"831\" data-end=\"845\">Color: verde<\/p>\n<\/li>\n<li data-start=\"846\" data-end=\"864\">\n<p data-start=\"848\" data-end=\"864\">Di\u00e1metro: 3 mm<\/p>\n<\/li>\n<li data-start=\"865\" data-end=\"892\">\n<p data-start=\"867\" data-end=\"892\">Bajo consumo energ\u00e9tico<\/p>\n<\/li>\n<li data-start=\"893\" data-end=\"913\">\n<p data-start=\"895\" data-end=\"913\">Alta visibilidad<\/p>\n<\/li>\n<li data-start=\"914\" data-end=\"964\">\n<p data-start=\"916\" data-end=\"964\">Uso en electr\u00f3nica, se\u00f1alizaci\u00f3n e indicadores<\/p>\n<\/li>\n<li data-start=\"965\" data-end=\"1014\">\n<p data-start=\"967\" data-end=\"1014\">Apto para proyectos, reparaci\u00f3n y prototipado<\/p>\n<\/li>\n<\/ul>\n","protected":false},"excerpt":{"rendered":"<p>LED Verde Alta Luminosidad 3 mm \u2013 Uso Electr\u00f3nico<\/p>\n","protected":false},"featured_media":4934,"template":"","meta":{"site-sidebar-layout":"default","site-content-layout":"","ast-site-content-layout":"default","site-content-style":"default","site-sidebar-style":"default","ast-global-header-display":"","ast-banner-title-visibility":"","ast-main-header-display":"","ast-hfb-above-header-display":"","ast-hfb-below-header-display":"","ast-hfb-mobile-header-display":"","site-post-title":"","ast-breadcrumbs-content":"","ast-featured-img":"","footer-sml-layout":"","theme-transparent-header-meta":"default","adv-header-id-meta":"","stick-header-meta":"","header-above-stick-meta":"","header-main-stick-meta":"","header-below-stick-meta":"","astra-migrate-meta-layouts":"set","ast-page-background-enabled":"default","ast-page-background-meta":{"desktop":{"background-color":"var(--ast-global-color-4)","background-image":"","background-repeat":"repeat","background-position":"center center","background-size":"auto","background-attachment":"scroll","background-type":"","background-media":"","overlay-type":"","overlay-color":"","overlay-opacity":"","overlay-gradient":""},"tablet":{"background-color":"","background-image":"","background-repeat":"repeat","background-position":"center center","background-size":"auto","background-attachment":"scroll","background-type":"","background-media":"","overlay-type":"","overlay-color":"","overlay-opacity":"","overlay-gradient":""},"mobile":{"background-color":"","background-image":"","background-repeat":"repeat","background-position":"center center","background-size":"auto","background-attachment":"scroll","background-type":"","background-media":"","overlay-type":"","overlay-color":"","overlay-opacity":"","overlay-gradient":""}},"ast-content-background-meta":{"desktop":{"background-color":"var(--ast-global-color-5)","background-image":"","background-repeat":"repeat","background-position":"center center","background-size":"auto","background-attachment":"scroll","background-type":"","background-media":"","overlay-type":"","overlay-color":"","overlay-opacity":"","overlay-gradient":""},"tablet":{"background-color":"var(--ast-global-color-5)","background-image":"","background-repeat":"repeat","background-position":"center center","background-size":"auto","background-attachment":"scroll","background-type":"","background-media":"","overlay-type":"","overlay-color":"","overlay-opacity":"","overlay-gradient":""},"mobile":{"background-color":"var(--ast-global-color-5)","background-image":"","background-repeat":"repeat","background-position":"center center","background-size":"auto","background-attachment":"scroll","background-type":"","background-media":"","overlay-type":"","overlay-color":"","overlay-opacity":"","overlay-gradient":""}}},"pwb-brand":[],"product_brand":[],"product_cat":[591,592],"product_tag":[599,603,601,594,595,596,598,600,597],"class_list":{"0":"post-4933","1":"product","2":"type-product","3":"status-publish","4":"has-post-thumbnail","6":"product_cat-electronica","7":"product_cat-leds","8":"product_tag-componentes-electronicos","9":"product_tag-led-3mm","10":"product_tag-led-alta-intensidad","11":"product_tag-led-alta-luminosidad","12":"product_tag-led-electronico","13":"product_tag-led-indicador","14":"product_tag-led-para-pcb","15":"product_tag-led-para-proyectos","16":"product_tag-led-senalizacion","17":"desktop-align-left","18":"tablet-align-left","19":"mobile-align-left","21":"first","22":"instock","23":"shipping-taxable","24":"purchasable","25":"product-type-simple"},"jetpack_sharing_enabled":true,"brands":[],"_links":{"self":[{"href":"https:\/\/gigawatt.com.ar\/index.php\/wp-json\/wp\/v2\/product\/4933","targetHints":{"allow":["GET"]}}],"collection":[{"href":"https:\/\/gigawatt.com.ar\/index.php\/wp-json\/wp\/v2\/product"}],"about":[{"href":"https:\/\/gigawatt.com.ar\/index.php\/wp-json\/wp\/v2\/types\/product"}],"version-history":[{"count":2,"href":"https:\/\/gigawatt.com.ar\/index.php\/wp-json\/wp\/v2\/product\/4933\/revisions"}],"predecessor-version":[{"id":4938,"href":"https:\/\/gigawatt.com.ar\/index.php\/wp-json\/wp\/v2\/product\/4933\/revisions\/4938"}],"wp:featuredmedia":[{"embeddable":true,"href":"https:\/\/gigawatt.com.ar\/index.php\/wp-json\/wp\/v2\/media\/4934"}],"wp:attachment":[{"href":"https:\/\/gigawatt.com.ar\/index.php\/wp-json\/wp\/v2\/media?parent=4933"}],"wp:term":[{"taxonomy":"pwb-brand","embeddable":true,"href":"https:\/\/gigawatt.com.ar\/index.php\/wp-json\/wp\/v2\/pwb-brand?post=4933"},{"taxonomy":"product_brand","embeddable":true,"href":"https:\/\/gigawatt.com.ar\/index.php\/wp-json\/wp\/v2\/product_brand?post=4933"},{"taxonomy":"product_cat","embeddable":true,"href":"https:\/\/gigawatt.com.ar\/index.php\/wp-json\/wp\/v2\/product_cat?post=4933"},{"taxonomy":"product_tag","embeddable":true,"href":"https:\/\/gigawatt.com.ar\/index.php\/wp-json\/wp\/v2\/product_tag?post=4933"}],"curies":[{"name":"wp","href":"https:\/\/api.w.org\/{rel}","templated":true}]}}