{"id":5057,"date":"2026-03-18T11:56:15","date_gmt":"2026-03-18T14:56:15","guid":{"rendered":"https:\/\/gigawatt.com.ar\/?post_type=product&#038;p=5057"},"modified":"2026-03-18T11:59:01","modified_gmt":"2026-03-18T14:59:01","slug":"caja-plastica-aplicar-10x5-p-bastidor-c-fondo-c-marco-marfil","status":"publish","type":"product","link":"https:\/\/gigawatt.com.ar\/index.php\/producto\/caja-plastica-aplicar-10x5-p-bastidor-c-fondo-c-marco-marfil\/","title":{"rendered":"Caja Plastica Aplicar 10&#215;5 p\/Bastidor c\/Fondo c\/Marco Marfil"},"content":{"rendered":"<h4 data-start=\"188\" data-end=\"225\">CAJA DE SUPERFICIE PARA BASTIDOR 10&#215;5<\/h4>\n<p data-start=\"227\" data-end=\"417\">Caja para instalaci\u00f3n el\u00e9ctrica de superficie, dise\u00f1ada para alojar bastidores de 10&#215;5. Ideal para instalaciones domiciliarias y comerciales donde no se requiere o no es posible el embutido.<\/p>\n<p data-start=\"419\" data-end=\"556\">Est\u00e1 compuesta por dos partes unidas mediante tornillos, lo que permite un armado firme y seguro, facilitando el montaje y mantenimiento.<\/p>\n<p data-start=\"558\" data-end=\"730\">Fabricada en material termopl\u00e1stico de alta resistencia, ofrece excelente comportamiento frente al calor anormal y al fuego, garantizando mayor seguridad en la instalaci\u00f3n.<\/p>\n<p data-start=\"732\" data-end=\"759\"><strong>Caracter\u00edsticas principales<\/strong><\/p>\n<ul>\n<li data-start=\"761\" data-end=\"946\">Caja de superficie para bastidor 10&#215;5<\/li>\n<li data-start=\"761\" data-end=\"946\">Construcci\u00f3n en dos piezas con fijaci\u00f3n por tornillos<\/li>\n<li data-start=\"761\" data-end=\"946\">Material termopl\u00e1stico resistente<\/li>\n<li data-start=\"761\" data-end=\"946\">Alta resistencia al calor y al fuego<\/li>\n<li data-start=\"761\" data-end=\"946\">Color marfil<\/li>\n<\/ul>\n<p data-start=\"948\" data-end=\"960\"><strong>Aplicaciones<\/strong><\/p>\n<ul>\n<li data-start=\"962\" data-end=\"1111\">Instalaciones el\u00e9ctricas domiciliarias<\/li>\n<li data-start=\"962\" data-end=\"1111\">Reformas y ampliaciones<\/li>\n<li data-start=\"962\" data-end=\"1111\">Montaje de llaves, tomas y mecanismos<\/li>\n<li data-start=\"962\" data-end=\"1111\">Uso en paredes donde no se puede embutir<\/li>\n<\/ul>\n<p data-start=\"1113\" data-end=\"1191\" data-is-last-node=\"\" data-is-only-node=\"\">Producto pr\u00e1ctico, seguro y duradero para instalaciones prolijas y confiables.<\/p>\n","protected":false},"excerpt":{"rendered":"<p>Caja Plastica Aplicar 10&#215;5 p\/Bastidor c\/Fondo c\/Marco Marfil<\/p>\n","protected":false},"featured_media":5058,"template":"","meta":{"site-sidebar-layout":"default","site-content-layout":"","ast-site-content-layout":"default","site-content-style":"default","site-sidebar-style":"default","ast-global-header-display":"","ast-banner-title-visibility":"","ast-main-header-display":"","ast-hfb-above-header-display":"","ast-hfb-below-header-display":"","ast-hfb-mobile-header-display":"","site-post-title":"","ast-breadcrumbs-content":"","ast-featured-img":"","footer-sml-layout":"","theme-transparent-header-meta":"default","adv-header-id-meta":"","stick-header-meta":"","header-above-stick-meta":"","header-main-stick-meta":"","header-below-stick-meta":"","astra-migrate-meta-layouts":"set","ast-page-background-enabled":"default","ast-page-background-meta":{"desktop":{"background-color":"var(--ast-global-color-4)","background-image":"","background-repeat":"repeat","background-position":"center center","background-size":"auto","background-attachment":"scroll","background-type":"","background-media":"","overlay-type":"","overlay-color":"","overlay-opacity":"","overlay-gradient":""},"tablet":{"background-color":"","background-image":"","background-repeat":"repeat","background-position":"center center","background-size":"auto","background-attachment":"scroll","background-type":"","background-media":"","overlay-type":"","overlay-color":"","overlay-opacity":"","overlay-gradient":""},"mobile":{"background-color":"","background-image":"","background-repeat":"repeat","background-position":"center center","background-size":"auto","background-attachment":"scroll","background-type":"","background-media":"","overlay-type":"","overlay-color":"","overlay-opacity":"","overlay-gradient":""}},"ast-content-background-meta":{"desktop":{"background-color":"var(--ast-global-color-5)","background-image":"","background-repeat":"repeat","background-position":"center center","background-size":"auto","background-attachment":"scroll","background-type":"","background-media":"","overlay-type":"","overlay-color":"","overlay-opacity":"","overlay-gradient":""},"tablet":{"background-color":"var(--ast-global-color-5)","background-image":"","background-repeat":"repeat","background-position":"center center","background-size":"auto","background-attachment":"scroll","background-type":"","background-media":"","overlay-type":"","overlay-color":"","overlay-opacity":"","overlay-gradient":""},"mobile":{"background-color":"var(--ast-global-color-5)","background-image":"","background-repeat":"repeat","background-position":"center center","background-size":"auto","background-attachment":"scroll","background-type":"","background-media":"","overlay-type":"","overlay-color":"","overlay-opacity":"","overlay-gradient":""}}},"pwb-brand":[670],"product_brand":[],"product_cat":[317,146],"product_tag":[],"class_list":{"0":"post-5057","1":"product","2":"type-product","3":"status-publish","4":"has-post-thumbnail","6":"pwb-brand-cabrera","7":"product_cat-caja_plasticas","8":"product_cat-canalizaciones","9":"desktop-align-left","10":"tablet-align-left","11":"mobile-align-left","13":"first","14":"instock","15":"shipping-taxable","16":"purchasable","17":"product-type-simple"},"jetpack_sharing_enabled":true,"brands":[{"id":670,"name":"Cabrera","slug":"cabrera"}],"_links":{"self":[{"href":"https:\/\/gigawatt.com.ar\/index.php\/wp-json\/wp\/v2\/product\/5057","targetHints":{"allow":["GET"]}}],"collection":[{"href":"https:\/\/gigawatt.com.ar\/index.php\/wp-json\/wp\/v2\/product"}],"about":[{"href":"https:\/\/gigawatt.com.ar\/index.php\/wp-json\/wp\/v2\/types\/product"}],"version-history":[{"count":1,"href":"https:\/\/gigawatt.com.ar\/index.php\/wp-json\/wp\/v2\/product\/5057\/revisions"}],"predecessor-version":[{"id":5059,"href":"https:\/\/gigawatt.com.ar\/index.php\/wp-json\/wp\/v2\/product\/5057\/revisions\/5059"}],"wp:featuredmedia":[{"embeddable":true,"href":"https:\/\/gigawatt.com.ar\/index.php\/wp-json\/wp\/v2\/media\/5058"}],"wp:attachment":[{"href":"https:\/\/gigawatt.com.ar\/index.php\/wp-json\/wp\/v2\/media?parent=5057"}],"wp:term":[{"taxonomy":"pwb-brand","embeddable":true,"href":"https:\/\/gigawatt.com.ar\/index.php\/wp-json\/wp\/v2\/pwb-brand?post=5057"},{"taxonomy":"product_brand","embeddable":true,"href":"https:\/\/gigawatt.com.ar\/index.php\/wp-json\/wp\/v2\/product_brand?post=5057"},{"taxonomy":"product_cat","embeddable":true,"href":"https:\/\/gigawatt.com.ar\/index.php\/wp-json\/wp\/v2\/product_cat?post=5057"},{"taxonomy":"product_tag","embeddable":true,"href":"https:\/\/gigawatt.com.ar\/index.php\/wp-json\/wp\/v2\/product_tag?post=5057"}],"curies":[{"name":"wp","href":"https:\/\/api.w.org\/{rel}","templated":true}]}}