{"id":5103,"date":"2026-03-18T12:41:02","date_gmt":"2026-03-18T15:41:02","guid":{"rendered":"https:\/\/gigawatt.com.ar\/?post_type=product&#038;p=5103"},"modified":"2026-03-18T12:41:55","modified_gmt":"2026-03-18T15:41:55","slug":"curva-interna-cablecanal-14x7-accesorio","status":"publish","type":"product","link":"https:\/\/gigawatt.com.ar\/index.php\/producto\/curva-interna-cablecanal-14x7-accesorio\/","title":{"rendered":"Curva Interna Cablecanal 14&#215;7 Accesorio"},"content":{"rendered":"<h4 data-start=\"189\" data-end=\"223\">CURVA INTERNA PARA CABLECANAL 14&#215;7<\/h4>\n<p data-start=\"225\" data-end=\"422\">Accesorio dise\u00f1ado para realizar cambios de direcci\u00f3n hacia el exterior en instalaciones con cablecanal de 14&#215;7 mm. Permite mantener una terminaci\u00f3n prolija, segura y est\u00e9tica en esquinas externas.<\/p>\n<p data-start=\"424\" data-end=\"635\">Fabricada en material pl\u00e1stico resistente, asegura durabilidad y una correcta protecci\u00f3n del cableado. Su dise\u00f1o encastra perfectamente con el cablecanal, facilitando una instalaci\u00f3n r\u00e1pida y sin complicaciones.<\/p>\n<p data-start=\"637\" data-end=\"664\"><strong>Caracter\u00edsticas principales<\/strong><\/p>\n<ul>\n<li data-start=\"666\" data-end=\"844\">Curva interna para cablecanal 14&#215;7 mm<\/li>\n<li data-start=\"666\" data-end=\"844\">Terminaci\u00f3n prolija en esquinas externas<\/li>\n<li data-start=\"666\" data-end=\"844\">Material pl\u00e1stico resistente<\/li>\n<li data-start=\"666\" data-end=\"844\">F\u00e1cil instalaci\u00f3n y encastre<\/li>\n<li data-start=\"666\" data-end=\"844\">Protecci\u00f3n y orden del cableado<\/li>\n<\/ul>\n<p data-start=\"846\" data-end=\"858\"><strong>Aplicaciones<\/strong><\/p>\n<ul>\n<li data-start=\"860\" data-end=\"1015\">Instalaciones el\u00e9ctricas domiciliarias<\/li>\n<li data-start=\"860\" data-end=\"1015\">Oficinas y locales comerciales<\/li>\n<li data-start=\"860\" data-end=\"1015\">Canalizaci\u00f3n de cables de baja tensi\u00f3n<\/li>\n<li data-start=\"860\" data-end=\"1015\">Sistemas de datos y telecomunicaciones<\/li>\n<\/ul>\n<p data-start=\"1017\" data-end=\"1114\" data-is-last-node=\"\" data-is-only-node=\"\">Producto ideal para lograr instalaciones ordenadas, seguras y con excelente terminaci\u00f3n est\u00e9tica.<\/p>\n","protected":false},"excerpt":{"rendered":"<p>Curva Interna Cablecanal 14&#215;7 Accesorio<\/p>\n","protected":false},"featured_media":5104,"template":"","meta":{"site-sidebar-layout":"default","site-content-layout":"","ast-site-content-layout":"default","site-content-style":"default","site-sidebar-style":"default","ast-global-header-display":"","ast-banner-title-visibility":"","ast-main-header-display":"","ast-hfb-above-header-display":"","ast-hfb-below-header-display":"","ast-hfb-mobile-header-display":"","site-post-title":"","ast-breadcrumbs-content":"","ast-featured-img":"","footer-sml-layout":"","theme-transparent-header-meta":"default","adv-header-id-meta":"","stick-header-meta":"","header-above-stick-meta":"","header-main-stick-meta":"","header-below-stick-meta":"","astra-migrate-meta-layouts":"set","ast-page-background-enabled":"default","ast-page-background-meta":{"desktop":{"background-color":"var(--ast-global-color-4)","background-image":"","background-repeat":"repeat","background-position":"center center","background-size":"auto","background-attachment":"scroll","background-type":"","background-media":"","overlay-type":"","overlay-color":"","overlay-opacity":"","overlay-gradient":""},"tablet":{"background-color":"","background-image":"","background-repeat":"repeat","background-position":"center center","background-size":"auto","background-attachment":"scroll","background-type":"","background-media":"","overlay-type":"","overlay-color":"","overlay-opacity":"","overlay-gradient":""},"mobile":{"background-color":"","background-image":"","background-repeat":"repeat","background-position":"center center","background-size":"auto","background-attachment":"scroll","background-type":"","background-media":"","overlay-type":"","overlay-color":"","overlay-opacity":"","overlay-gradient":""}},"ast-content-background-meta":{"desktop":{"background-color":"var(--ast-global-color-5)","background-image":"","background-repeat":"repeat","background-position":"center center","background-size":"auto","background-attachment":"scroll","background-type":"","background-media":"","overlay-type":"","overlay-color":"","overlay-opacity":"","overlay-gradient":""},"tablet":{"background-color":"var(--ast-global-color-5)","background-image":"","background-repeat":"repeat","background-position":"center center","background-size":"auto","background-attachment":"scroll","background-type":"","background-media":"","overlay-type":"","overlay-color":"","overlay-opacity":"","overlay-gradient":""},"mobile":{"background-color":"var(--ast-global-color-5)","background-image":"","background-repeat":"repeat","background-position":"center center","background-size":"auto","background-attachment":"scroll","background-type":"","background-media":"","overlay-type":"","overlay-color":"","overlay-opacity":"","overlay-gradient":""}}},"pwb-brand":[670],"product_brand":[],"product_cat":[680,146],"product_tag":[681,682,683],"class_list":{"0":"post-5103","1":"product","2":"type-product","3":"status-publish","4":"has-post-thumbnail","6":"pwb-brand-cabrera","7":"product_cat-accesorios-cablecanal","8":"product_cat-canalizaciones","9":"product_tag-accesorio-cablecanal","10":"product_tag-curva-cablecanal","11":"product_tag-terminacion-cablecanal","12":"desktop-align-left","13":"tablet-align-left","14":"mobile-align-left","16":"first","17":"instock","18":"shipping-taxable","19":"purchasable","20":"product-type-simple"},"jetpack_sharing_enabled":true,"brands":[{"id":670,"name":"Cabrera","slug":"cabrera"}],"_links":{"self":[{"href":"https:\/\/gigawatt.com.ar\/index.php\/wp-json\/wp\/v2\/product\/5103","targetHints":{"allow":["GET"]}}],"collection":[{"href":"https:\/\/gigawatt.com.ar\/index.php\/wp-json\/wp\/v2\/product"}],"about":[{"href":"https:\/\/gigawatt.com.ar\/index.php\/wp-json\/wp\/v2\/types\/product"}],"version-history":[{"count":1,"href":"https:\/\/gigawatt.com.ar\/index.php\/wp-json\/wp\/v2\/product\/5103\/revisions"}],"predecessor-version":[{"id":5105,"href":"https:\/\/gigawatt.com.ar\/index.php\/wp-json\/wp\/v2\/product\/5103\/revisions\/5105"}],"wp:featuredmedia":[{"embeddable":true,"href":"https:\/\/gigawatt.com.ar\/index.php\/wp-json\/wp\/v2\/media\/5104"}],"wp:attachment":[{"href":"https:\/\/gigawatt.com.ar\/index.php\/wp-json\/wp\/v2\/media?parent=5103"}],"wp:term":[{"taxonomy":"pwb-brand","embeddable":true,"href":"https:\/\/gigawatt.com.ar\/index.php\/wp-json\/wp\/v2\/pwb-brand?post=5103"},{"taxonomy":"product_brand","embeddable":true,"href":"https:\/\/gigawatt.com.ar\/index.php\/wp-json\/wp\/v2\/product_brand?post=5103"},{"taxonomy":"product_cat","embeddable":true,"href":"https:\/\/gigawatt.com.ar\/index.php\/wp-json\/wp\/v2\/product_cat?post=5103"},{"taxonomy":"product_tag","embeddable":true,"href":"https:\/\/gigawatt.com.ar\/index.php\/wp-json\/wp\/v2\/product_tag?post=5103"}],"curies":[{"name":"wp","href":"https:\/\/api.w.org\/{rel}","templated":true}]}}