{"id":5114,"date":"2026-03-18T12:50:03","date_gmt":"2026-03-18T15:50:03","guid":{"rendered":"https:\/\/gigawatt.com.ar\/?post_type=product&#038;p=5114"},"modified":"2026-03-18T12:51:09","modified_gmt":"2026-03-18T15:51:09","slug":"cablecanal-20x10-adhesivo-blanco-tira-2-metros","status":"publish","type":"product","link":"https:\/\/gigawatt.com.ar\/index.php\/producto\/cablecanal-20x10-adhesivo-blanco-tira-2-metros\/","title":{"rendered":"Cablecanal 20&#215;10 Adhesivo Blanco Tira 2 Metros"},"content":{"rendered":"<h4 data-start=\"163\" data-end=\"213\">CABLECANAL 20&#215;10 MM CON ADHESIVO \u2013 TIRA DE 2 METROS<\/h4>\n<p data-start=\"215\" data-end=\"422\">Canal de superficie ideal para la organizaci\u00f3n y protecci\u00f3n de cables el\u00e9ctricos, de datos o telecomunicaciones. Permite realizar instalaciones prolijas, seguras y est\u00e9ticas en hogares, oficinas y comercios.<\/p>\n<p data-start=\"424\" data-end=\"569\">Incorpora adhesivo en la base, lo que facilita una instalaci\u00f3n r\u00e1pida sin necesidad de perforar paredes, ideal para trabajos limpios y pr\u00e1cticos.<\/p>\n<p data-start=\"571\" data-end=\"762\">Fabricado en material pl\u00e1stico resistente, ofrece durabilidad y facilidad de uso. Su dise\u00f1o con tapa desmontable permite acceder al cableado de forma simple para mantenimiento o ampliaciones.<\/p>\n<p data-start=\"764\" data-end=\"791\"><strong>Caracter\u00edsticas principales<\/strong><\/p>\n<ul>\n<li data-start=\"793\" data-end=\"959\">Medida 20 x 10 mm<\/li>\n<li data-start=\"793\" data-end=\"959\">Largo 2 metros<\/li>\n<li data-start=\"793\" data-end=\"959\">Color blanco<\/li>\n<li data-start=\"793\" data-end=\"959\">Con adhesivo incorporado<\/li>\n<li data-start=\"793\" data-end=\"959\">Material pl\u00e1stico resistente<\/li>\n<li data-start=\"793\" data-end=\"959\">Tapa desmontable<\/li>\n<li data-start=\"793\" data-end=\"959\">Instalaci\u00f3n r\u00e1pida sin perforaciones<\/li>\n<\/ul>\n<p data-start=\"961\" data-end=\"973\"><strong>Aplicaciones<\/strong><\/p>\n<ul>\n<li data-start=\"975\" data-end=\"1128\">Instalaciones el\u00e9ctricas domiciliarias<\/li>\n<li data-start=\"975\" data-end=\"1128\">Oficinas y locales comerciales<\/li>\n<li data-start=\"975\" data-end=\"1128\">Cableado de red, TV y telefon\u00eda<\/li>\n<li data-start=\"975\" data-end=\"1128\">Organizaci\u00f3n de cables en paredes y muebles<\/li>\n<\/ul>\n<p data-start=\"1130\" data-end=\"1254\">Producto ideal para lograr instalaciones ordenadas, protegidas y con excelente terminaci\u00f3n, sin necesidad de herramientas.<\/p>\n","protected":false},"excerpt":{"rendered":"<p>Cablecanal 20&#215;10 Adhesivo Blanco Tira 2 Metros<\/p>\n","protected":false},"featured_media":5112,"template":"","meta":{"site-sidebar-layout":"default","site-content-layout":"","ast-site-content-layout":"default","site-content-style":"default","site-sidebar-style":"default","ast-global-header-display":"","ast-banner-title-visibility":"","ast-main-header-display":"","ast-hfb-above-header-display":"","ast-hfb-below-header-display":"","ast-hfb-mobile-header-display":"","site-post-title":"","ast-breadcrumbs-content":"","ast-featured-img":"","footer-sml-layout":"","theme-transparent-header-meta":"default","adv-header-id-meta":"","stick-header-meta":"","header-above-stick-meta":"","header-main-stick-meta":"","header-below-stick-meta":"","astra-migrate-meta-layouts":"set","ast-page-background-enabled":"default","ast-page-background-meta":{"desktop":{"background-color":"var(--ast-global-color-4)","background-image":"","background-repeat":"repeat","background-position":"center center","background-size":"auto","background-attachment":"scroll","background-type":"","background-media":"","overlay-type":"","overlay-color":"","overlay-opacity":"","overlay-gradient":""},"tablet":{"background-color":"","background-image":"","background-repeat":"repeat","background-position":"center center","background-size":"auto","background-attachment":"scroll","background-type":"","background-media":"","overlay-type":"","overlay-color":"","overlay-opacity":"","overlay-gradient":""},"mobile":{"background-color":"","background-image":"","background-repeat":"repeat","background-position":"center center","background-size":"auto","background-attachment":"scroll","background-type":"","background-media":"","overlay-type":"","overlay-color":"","overlay-opacity":"","overlay-gradient":""}},"ast-content-background-meta":{"desktop":{"background-color":"var(--ast-global-color-5)","background-image":"","background-repeat":"repeat","background-position":"center center","background-size":"auto","background-attachment":"scroll","background-type":"","background-media":"","overlay-type":"","overlay-color":"","overlay-opacity":"","overlay-gradient":""},"tablet":{"background-color":"var(--ast-global-color-5)","background-image":"","background-repeat":"repeat","background-position":"center center","background-size":"auto","background-attachment":"scroll","background-type":"","background-media":"","overlay-type":"","overlay-color":"","overlay-opacity":"","overlay-gradient":""},"mobile":{"background-color":"var(--ast-global-color-5)","background-image":"","background-repeat":"repeat","background-position":"center center","background-size":"auto","background-attachment":"scroll","background-type":"","background-media":"","overlay-type":"","overlay-color":"","overlay-opacity":"","overlay-gradient":""}}},"pwb-brand":[670],"product_brand":[],"product_cat":[679,146],"product_tag":[685,688,693,689,694,690,692,691,686,687],"class_list":{"0":"post-5114","1":"product","2":"type-product","3":"status-publish","4":"has-post-thumbnail","6":"pwb-brand-cabrera","7":"product_cat-cablecanal","8":"product_cat-canalizaciones","9":"product_tag-cablecanal","10":"product_tag-cablecanal-adhesivo","11":"product_tag-cablecanal-pared","12":"product_tag-canal-para-cables","13":"product_tag-canal-para-instalacion-electrica","14":"product_tag-canaleta-adhesiva","15":"product_tag-canaleta-electrica","16":"product_tag-organizador-de-cables","17":"product_tag-tira-de-cablecanal","18":"product_tag-zocalo-para-cables","19":"desktop-align-left","20":"tablet-align-left","21":"mobile-align-left","23":"first","24":"onbackorder","25":"shipping-taxable","26":"purchasable","27":"product-type-simple"},"jetpack_sharing_enabled":true,"brands":[{"id":670,"name":"Cabrera","slug":"cabrera"}],"_links":{"self":[{"href":"https:\/\/gigawatt.com.ar\/index.php\/wp-json\/wp\/v2\/product\/5114","targetHints":{"allow":["GET"]}}],"collection":[{"href":"https:\/\/gigawatt.com.ar\/index.php\/wp-json\/wp\/v2\/product"}],"about":[{"href":"https:\/\/gigawatt.com.ar\/index.php\/wp-json\/wp\/v2\/types\/product"}],"version-history":[{"count":1,"href":"https:\/\/gigawatt.com.ar\/index.php\/wp-json\/wp\/v2\/product\/5114\/revisions"}],"predecessor-version":[{"id":5115,"href":"https:\/\/gigawatt.com.ar\/index.php\/wp-json\/wp\/v2\/product\/5114\/revisions\/5115"}],"wp:featuredmedia":[{"embeddable":true,"href":"https:\/\/gigawatt.com.ar\/index.php\/wp-json\/wp\/v2\/media\/5112"}],"wp:attachment":[{"href":"https:\/\/gigawatt.com.ar\/index.php\/wp-json\/wp\/v2\/media?parent=5114"}],"wp:term":[{"taxonomy":"pwb-brand","embeddable":true,"href":"https:\/\/gigawatt.com.ar\/index.php\/wp-json\/wp\/v2\/pwb-brand?post=5114"},{"taxonomy":"product_brand","embeddable":true,"href":"https:\/\/gigawatt.com.ar\/index.php\/wp-json\/wp\/v2\/product_brand?post=5114"},{"taxonomy":"product_cat","embeddable":true,"href":"https:\/\/gigawatt.com.ar\/index.php\/wp-json\/wp\/v2\/product_cat?post=5114"},{"taxonomy":"product_tag","embeddable":true,"href":"https:\/\/gigawatt.com.ar\/index.php\/wp-json\/wp\/v2\/product_tag?post=5114"}],"curies":[{"name":"wp","href":"https:\/\/api.w.org\/{rel}","templated":true}]}}