{"id":522,"date":"2024-10-09T14:31:16","date_gmt":"2024-10-09T17:31:16","guid":{"rendered":"https:\/\/gigawatt.com.ar\/?post_type=product&#038;p=522"},"modified":"2025-08-26T10:44:22","modified_gmt":"2025-08-26T13:44:22","slug":"pinza-multifuncion-trifasica-true-rms-potencia-energia-factor-de-potencia-y-armonicos","status":"publish","type":"product","link":"https:\/\/gigawatt.com.ar\/index.php\/producto\/pinza-multifuncion-trifasica-true-rms-potencia-energia-factor-de-potencia-y-armonicos\/","title":{"rendered":"Pinza Multifunci\u00f3n Trif\u00e1sica True RMS (Potencia, Energ\u00eda, Factor de Potencia y Armonicos)"},"content":{"rendered":"<p>PINZA MULTIFUNCION TRMS &#8211; POTENCIA-ENERG\u00cdA-FACTOR DE POTENCIA-THD<\/p>\n<ul>\n<li>Marca BRYMEN<\/li>\n<li>Multifunci\u00f3n TRUE RMS<\/li>\n<li>Trif\u00e1sica<\/li>\n<li>Autor rango<\/li>\n<li>Doble display<\/li>\n<li>Hasta 9999 cuentas<\/li>\n<li>Apagado autom\u00e1tico<\/li>\n<\/ul>\n<p>Mide:<\/p>\n<ul>\n<li>THD-F (0% a 450%)<\/li>\n<li>hasta 600 V CA\/CC<\/li>\n<li>hasta 1000ACA<\/li>\n<li>hasta 1000 \u03a9<\/li>\n<li>hasta 500 Hz<\/li>\n<li>KWHr<\/li>\n<li>Factor de Potencia: 0.3- 1<\/li>\n<li>Potencia Activa 3W-300kW<\/li>\n<li>Potencia Reactiva 3VAr-120kVAr<\/li>\n<li>Potencia Aparente (VA)<\/li>\n<li>Retenci\u00f3n de picos<\/li>\n<li>Puerto RS232 (Interfase y Software Opcional)<\/li>\n<li>Incluye estuche, puntas<\/li>\n<li>Alimentaci\u00f3n: 2 X 1,5 AAA (no provistas)<\/li>\n<li>IEC 61010 CAT III 600 V CA\/CC<\/li>\n<\/ul>\n","protected":false},"excerpt":{"rendered":"<p>PINZA MULTIFUNCION BM-157<\/p>\n","protected":false},"featured_media":523,"template":"","meta":{"site-sidebar-layout":"default","site-content-layout":"","ast-site-content-layout":"","site-content-style":"default","site-sidebar-style":"default","ast-global-header-display":"","ast-banner-title-visibility":"","ast-main-header-display":"","ast-hfb-above-header-display":"","ast-hfb-below-header-display":"","ast-hfb-mobile-header-display":"","site-post-title":"","ast-breadcrumbs-content":"","ast-featured-img":"","footer-sml-layout":"","theme-transparent-header-meta":"","adv-header-id-meta":"","stick-header-meta":"","header-above-stick-meta":"","header-main-stick-meta":"","header-below-stick-meta":"","astra-migrate-meta-layouts":"default","ast-page-background-enabled":"default","ast-page-background-meta":{"desktop":{"background-color":"var(--ast-global-color-4)","background-image":"","background-repeat":"repeat","background-position":"center center","background-size":"auto","background-attachment":"scroll","background-type":"","background-media":"","overlay-type":"","overlay-color":"","overlay-opacity":"","overlay-gradient":""},"tablet":{"background-color":"","background-image":"","background-repeat":"repeat","background-position":"center center","background-size":"auto","background-attachment":"scroll","background-type":"","background-media":"","overlay-type":"","overlay-color":"","overlay-opacity":"","overlay-gradient":""},"mobile":{"background-color":"","background-image":"","background-repeat":"repeat","background-position":"center center","background-size":"auto","background-attachment":"scroll","background-type":"","background-media":"","overlay-type":"","overlay-color":"","overlay-opacity":"","overlay-gradient":""}},"ast-content-background-meta":{"desktop":{"background-color":"var(--ast-global-color-5)","background-image":"","background-repeat":"repeat","background-position":"center center","background-size":"auto","background-attachment":"scroll","background-type":"","background-media":"","overlay-type":"","overlay-color":"","overlay-opacity":"","overlay-gradient":""},"tablet":{"background-color":"var(--ast-global-color-5)","background-image":"","background-repeat":"repeat","background-position":"center center","background-size":"auto","background-attachment":"scroll","background-type":"","background-media":"","overlay-type":"","overlay-color":"","overlay-opacity":"","overlay-gradient":""},"mobile":{"background-color":"var(--ast-global-color-5)","background-image":"","background-repeat":"repeat","background-position":"center center","background-size":"auto","background-attachment":"scroll","background-type":"","background-media":"","overlay-type":"","overlay-color":"","overlay-opacity":"","overlay-gradient":""}}},"pwb-brand":[],"product_brand":[],"product_cat":[210,212],"product_tag":[],"class_list":{"0":"post-522","1":"product","2":"type-product","3":"status-publish","4":"has-post-thumbnail","6":"product_cat-herramientas","7":"product_cat-pinza_multi","8":"desktop-align-left","9":"tablet-align-left","10":"mobile-align-left","12":"first","13":"onbackorder","14":"shipping-taxable","15":"purchasable","16":"product-type-simple"},"jetpack_sharing_enabled":true,"brands":[],"_links":{"self":[{"href":"https:\/\/gigawatt.com.ar\/index.php\/wp-json\/wp\/v2\/product\/522","targetHints":{"allow":["GET"]}}],"collection":[{"href":"https:\/\/gigawatt.com.ar\/index.php\/wp-json\/wp\/v2\/product"}],"about":[{"href":"https:\/\/gigawatt.com.ar\/index.php\/wp-json\/wp\/v2\/types\/product"}],"version-history":[{"count":1,"href":"https:\/\/gigawatt.com.ar\/index.php\/wp-json\/wp\/v2\/product\/522\/revisions"}],"predecessor-version":[{"id":2638,"href":"https:\/\/gigawatt.com.ar\/index.php\/wp-json\/wp\/v2\/product\/522\/revisions\/2638"}],"wp:featuredmedia":[{"embeddable":true,"href":"https:\/\/gigawatt.com.ar\/index.php\/wp-json\/wp\/v2\/media\/523"}],"wp:attachment":[{"href":"https:\/\/gigawatt.com.ar\/index.php\/wp-json\/wp\/v2\/media?parent=522"}],"wp:term":[{"taxonomy":"pwb-brand","embeddable":true,"href":"https:\/\/gigawatt.com.ar\/index.php\/wp-json\/wp\/v2\/pwb-brand?post=522"},{"taxonomy":"product_brand","embeddable":true,"href":"https:\/\/gigawatt.com.ar\/index.php\/wp-json\/wp\/v2\/product_brand?post=522"},{"taxonomy":"product_cat","embeddable":true,"href":"https:\/\/gigawatt.com.ar\/index.php\/wp-json\/wp\/v2\/product_cat?post=522"},{"taxonomy":"product_tag","embeddable":true,"href":"https:\/\/gigawatt.com.ar\/index.php\/wp-json\/wp\/v2\/product_tag?post=522"}],"curies":[{"name":"wp","href":"https:\/\/api.w.org\/{rel}","templated":true}]}}