{"id":543,"date":"2024-10-09T15:33:11","date_gmt":"2024-10-09T18:33:11","guid":{"rendered":"https:\/\/gigawatt.com.ar\/?post_type=product&#038;p=543"},"modified":"2025-10-09T16:43:14","modified_gmt":"2025-10-09T19:43:14","slug":"pinza-amperometrica-true-rms-brymen-bm-118-frecuencia-y-capacimetro","status":"publish","type":"product","link":"https:\/\/gigawatt.com.ar\/index.php\/producto\/pinza-amperometrica-true-rms-brymen-bm-118-frecuencia-y-capacimetro\/","title":{"rendered":"Pinza Amperom\u00e9trica True RMS Brymen BM-118 (Frecuencia y Capac\u00edmetro)"},"content":{"rendered":"<p><strong>Pinza voltamperom\u00e9trica TRMS CA Digital (Frecuencia y Capac\u00edmetro)<\/strong><\/p>\n<ul>\n<li>Marca BRYMEN<\/li>\n<li>Display 3-5\/6 d\u00edgitos<\/li>\n<li>Autorrango<\/li>\n<li>TRUE RMS<\/li>\n<li>Corriente: 400A y 2000ACA (+1,5%+5d)<\/li>\n<li>Tensi\u00f3n: 6 y 600 VCC\/CA ( +0,5%+3d)<\/li>\n<li>Resistencia entre 6 k\u03a9 y 6 M\u03a9<\/li>\n<li>Capacidad hasta 2000 \u03bcF<\/li>\n<li>Frecuencia entre 10Hz y 1 kHz<\/li>\n<li>Buzzer de continuidad<\/li>\n<li>Prueba de diodos<\/li>\n<li>Detector de tensi\u00f3n sin contacto<\/li>\n<li>Conmutaci\u00f3n autom\u00e1tica para medici\u00f3n de tensi\u00f3n y resistencia<\/li>\n<li>Retenci\u00f3n de lectura<\/li>\n<li>Back light<\/li>\n<li>Apagado autom\u00e1tico<\/li>\n<li>Reducidas dimensiones<\/li>\n<li>Alimentaci\u00f3n: 2 X 1,5 AAA (no provistas)<\/li>\n<li>IEC61010 CAT III 600V IEC61010.<\/li>\n<\/ul>\n","protected":false},"excerpt":{"rendered":"<p>PINZA AMPEROMETRICA BM-118<\/p>\n","protected":false},"featured_media":544,"template":"","meta":{"site-sidebar-layout":"default","site-content-layout":"","ast-site-content-layout":"","site-content-style":"default","site-sidebar-style":"default","ast-global-header-display":"","ast-banner-title-visibility":"","ast-main-header-display":"","ast-hfb-above-header-display":"","ast-hfb-below-header-display":"","ast-hfb-mobile-header-display":"","site-post-title":"","ast-breadcrumbs-content":"","ast-featured-img":"","footer-sml-layout":"","theme-transparent-header-meta":"","adv-header-id-meta":"","stick-header-meta":"","header-above-stick-meta":"","header-main-stick-meta":"","header-below-stick-meta":"","astra-migrate-meta-layouts":"default","ast-page-background-enabled":"default","ast-page-background-meta":{"desktop":{"background-color":"var(--ast-global-color-4)","background-image":"","background-repeat":"repeat","background-position":"center center","background-size":"auto","background-attachment":"scroll","background-type":"","background-media":"","overlay-type":"","overlay-color":"","overlay-opacity":"","overlay-gradient":""},"tablet":{"background-color":"","background-image":"","background-repeat":"repeat","background-position":"center center","background-size":"auto","background-attachment":"scroll","background-type":"","background-media":"","overlay-type":"","overlay-color":"","overlay-opacity":"","overlay-gradient":""},"mobile":{"background-color":"","background-image":"","background-repeat":"repeat","background-position":"center center","background-size":"auto","background-attachment":"scroll","background-type":"","background-media":"","overlay-type":"","overlay-color":"","overlay-opacity":"","overlay-gradient":""}},"ast-content-background-meta":{"desktop":{"background-color":"var(--ast-global-color-5)","background-image":"","background-repeat":"repeat","background-position":"center center","background-size":"auto","background-attachment":"scroll","background-type":"","background-media":"","overlay-type":"","overlay-color":"","overlay-opacity":"","overlay-gradient":""},"tablet":{"background-color":"var(--ast-global-color-5)","background-image":"","background-repeat":"repeat","background-position":"center center","background-size":"auto","background-attachment":"scroll","background-type":"","background-media":"","overlay-type":"","overlay-color":"","overlay-opacity":"","overlay-gradient":""},"mobile":{"background-color":"var(--ast-global-color-5)","background-image":"","background-repeat":"repeat","background-position":"center center","background-size":"auto","background-attachment":"scroll","background-type":"","background-media":"","overlay-type":"","overlay-color":"","overlay-opacity":"","overlay-gradient":""}}},"pwb-brand":[283],"product_brand":[],"product_cat":[416,476,388],"product_tag":[],"class_list":{"0":"post-543","1":"product","2":"type-product","3":"status-publish","4":"has-post-thumbnail","6":"pwb-brand-brymen","7":"product_cat-instrumentos_medicion","8":"product_cat-pinza_trms","9":"product_cat-pinzas_amperometricas","10":"desktop-align-left","11":"tablet-align-left","12":"mobile-align-left","14":"first","15":"onbackorder","16":"shipping-taxable","17":"purchasable","18":"product-type-simple"},"jetpack_sharing_enabled":true,"brands":[{"id":283,"name":"Brymen","slug":"brymen"}],"_links":{"self":[{"href":"https:\/\/gigawatt.com.ar\/index.php\/wp-json\/wp\/v2\/product\/543","targetHints":{"allow":["GET"]}}],"collection":[{"href":"https:\/\/gigawatt.com.ar\/index.php\/wp-json\/wp\/v2\/product"}],"about":[{"href":"https:\/\/gigawatt.com.ar\/index.php\/wp-json\/wp\/v2\/types\/product"}],"version-history":[{"count":1,"href":"https:\/\/gigawatt.com.ar\/index.php\/wp-json\/wp\/v2\/product\/543\/revisions"}],"predecessor-version":[{"id":2643,"href":"https:\/\/gigawatt.com.ar\/index.php\/wp-json\/wp\/v2\/product\/543\/revisions\/2643"}],"wp:featuredmedia":[{"embeddable":true,"href":"https:\/\/gigawatt.com.ar\/index.php\/wp-json\/wp\/v2\/media\/544"}],"wp:attachment":[{"href":"https:\/\/gigawatt.com.ar\/index.php\/wp-json\/wp\/v2\/media?parent=543"}],"wp:term":[{"taxonomy":"pwb-brand","embeddable":true,"href":"https:\/\/gigawatt.com.ar\/index.php\/wp-json\/wp\/v2\/pwb-brand?post=543"},{"taxonomy":"product_brand","embeddable":true,"href":"https:\/\/gigawatt.com.ar\/index.php\/wp-json\/wp\/v2\/product_brand?post=543"},{"taxonomy":"product_cat","embeddable":true,"href":"https:\/\/gigawatt.com.ar\/index.php\/wp-json\/wp\/v2\/product_cat?post=543"},{"taxonomy":"product_tag","embeddable":true,"href":"https:\/\/gigawatt.com.ar\/index.php\/wp-json\/wp\/v2\/product_tag?post=543"}],"curies":[{"name":"wp","href":"https:\/\/api.w.org\/{rel}","templated":true}]}}