{"id":545,"date":"2024-10-09T15:37:29","date_gmt":"2024-10-09T18:37:29","guid":{"rendered":"https:\/\/gigawatt.com.ar\/?post_type=product&#038;p=545"},"modified":"2025-10-09T16:42:57","modified_gmt":"2025-10-09T19:42:57","slug":"pinza-amperometrica-true-rms-brymen-bm039f-nucleo-abierto-frecuencia-capacimetro-y-temperatura","status":"publish","type":"product","link":"https:\/\/gigawatt.com.ar\/index.php\/producto\/pinza-amperometrica-true-rms-brymen-bm039f-nucleo-abierto-frecuencia-capacimetro-y-temperatura\/","title":{"rendered":"Pinza Amperom\u00e9trica True RMS Brymen BM039F N\u00facleo Abierto (Frecuencia, Capac\u00edmetro y Temperatura)"},"content":{"rendered":"<p><strong>Pinza voltamperom\u00e9trica TRMS CA Digital Mordaza Abierta (Frecuencia, Capac\u00edmetro y Temperatura)<\/strong><\/p>\n<ul>\n<li>Marca BRYMEN<\/li>\n<li>Pinza de medici\u00f3n digital TRUE RMS. Mordaza abierta tipo U. FORK-clamp<\/li>\n<li>Rango autom\u00e1tico\/manual<\/li>\n<li>Display LCD de 3 5\/6 d\u00edgitos, retroiluminado, 6000 cuentas, 5 actualizaciones por seg<\/li>\n<li>Apertura de mordazas: 12,5mm<\/li>\n<li>Corriente: ACA: 0,10~ 60A\/200A (\u00b12,0%+5d)<\/li>\n<li>Tensi\u00f3n: VCA: 600V(\u00b11,5%+5d). VCC: 600V (\u00b11,0%+5d)<\/li>\n<li>Frecuencia: 5.00Hz~999.9Hz<\/li>\n<li>Resistencia: 600\u2126\/60K\/600K\/6M\u2126 (\u00b11%+5d)<\/li>\n<li>Capacidad: 200uF\/2,5mF (\u00b12%+4d)<\/li>\n<li>Temperatura: -40 ~400\u00baC<\/li>\n<li>Ciclo de trabajo (Duty Cycle): 1%-99%<\/li>\n<li>Detecci\u00f3n de tensi\u00f3n sin contacto NCV<\/li>\n<li>Retenci\u00f3n de lectura. Valores M\u00e1x.\/M\u00edn<\/li>\n<li>Auto OFF<\/li>\n<li>Indicador de baja bater\u00eda<\/li>\n<li>Alimentaci\u00f3n: 2 bater\u00edas de 1.5V AAA (no incluidas)<\/li>\n<li>Dimensiones: 193mmx57mmx32mm<\/li>\n<li>Peso: ~158g<\/li>\n<li>Condiciones de operaci\u00f3n: 0~40\u00baC<\/li>\n<li>Seguridad: IEC 61010-1 EN61326-1 CAT III 600V, CAT IV 300V<\/li>\n<li>Accesorios: Puntas de prueba. Termocupla h\/140\u00baC. Funda y Manual<\/li>\n<\/ul>\n","protected":false},"excerpt":{"rendered":"<p>PINZA AMPEROMETRICA BM039F<\/p>\n","protected":false},"featured_media":546,"template":"","meta":{"site-sidebar-layout":"default","site-content-layout":"","ast-site-content-layout":"","site-content-style":"default","site-sidebar-style":"default","ast-global-header-display":"","ast-banner-title-visibility":"","ast-main-header-display":"","ast-hfb-above-header-display":"","ast-hfb-below-header-display":"","ast-hfb-mobile-header-display":"","site-post-title":"","ast-breadcrumbs-content":"","ast-featured-img":"","footer-sml-layout":"","theme-transparent-header-meta":"","adv-header-id-meta":"","stick-header-meta":"","header-above-stick-meta":"","header-main-stick-meta":"","header-below-stick-meta":"","astra-migrate-meta-layouts":"default","ast-page-background-enabled":"default","ast-page-background-meta":{"desktop":{"background-color":"var(--ast-global-color-4)","background-image":"","background-repeat":"repeat","background-position":"center center","background-size":"auto","background-attachment":"scroll","background-type":"","background-media":"","overlay-type":"","overlay-color":"","overlay-opacity":"","overlay-gradient":""},"tablet":{"background-color":"","background-image":"","background-repeat":"repeat","background-position":"center center","background-size":"auto","background-attachment":"scroll","background-type":"","background-media":"","overlay-type":"","overlay-color":"","overlay-opacity":"","overlay-gradient":""},"mobile":{"background-color":"","background-image":"","background-repeat":"repeat","background-position":"center center","background-size":"auto","background-attachment":"scroll","background-type":"","background-media":"","overlay-type":"","overlay-color":"","overlay-opacity":"","overlay-gradient":""}},"ast-content-background-meta":{"desktop":{"background-color":"var(--ast-global-color-5)","background-image":"","background-repeat":"repeat","background-position":"center center","background-size":"auto","background-attachment":"scroll","background-type":"","background-media":"","overlay-type":"","overlay-color":"","overlay-opacity":"","overlay-gradient":""},"tablet":{"background-color":"var(--ast-global-color-5)","background-image":"","background-repeat":"repeat","background-position":"center center","background-size":"auto","background-attachment":"scroll","background-type":"","background-media":"","overlay-type":"","overlay-color":"","overlay-opacity":"","overlay-gradient":""},"mobile":{"background-color":"var(--ast-global-color-5)","background-image":"","background-repeat":"repeat","background-position":"center center","background-size":"auto","background-attachment":"scroll","background-type":"","background-media":"","overlay-type":"","overlay-color":"","overlay-opacity":"","overlay-gradient":""}}},"pwb-brand":[283],"product_brand":[],"product_cat":[416,476,388],"product_tag":[],"class_list":{"0":"post-545","1":"product","2":"type-product","3":"status-publish","4":"has-post-thumbnail","6":"pwb-brand-brymen","7":"product_cat-instrumentos_medicion","8":"product_cat-pinza_trms","9":"product_cat-pinzas_amperometricas","10":"desktop-align-left","11":"tablet-align-left","12":"mobile-align-left","14":"first","15":"onbackorder","16":"shipping-taxable","17":"purchasable","18":"product-type-simple"},"jetpack_sharing_enabled":true,"brands":[{"id":283,"name":"Brymen","slug":"brymen"}],"_links":{"self":[{"href":"https:\/\/gigawatt.com.ar\/index.php\/wp-json\/wp\/v2\/product\/545","targetHints":{"allow":["GET"]}}],"collection":[{"href":"https:\/\/gigawatt.com.ar\/index.php\/wp-json\/wp\/v2\/product"}],"about":[{"href":"https:\/\/gigawatt.com.ar\/index.php\/wp-json\/wp\/v2\/types\/product"}],"version-history":[{"count":1,"href":"https:\/\/gigawatt.com.ar\/index.php\/wp-json\/wp\/v2\/product\/545\/revisions"}],"predecessor-version":[{"id":2644,"href":"https:\/\/gigawatt.com.ar\/index.php\/wp-json\/wp\/v2\/product\/545\/revisions\/2644"}],"wp:featuredmedia":[{"embeddable":true,"href":"https:\/\/gigawatt.com.ar\/index.php\/wp-json\/wp\/v2\/media\/546"}],"wp:attachment":[{"href":"https:\/\/gigawatt.com.ar\/index.php\/wp-json\/wp\/v2\/media?parent=545"}],"wp:term":[{"taxonomy":"pwb-brand","embeddable":true,"href":"https:\/\/gigawatt.com.ar\/index.php\/wp-json\/wp\/v2\/pwb-brand?post=545"},{"taxonomy":"product_brand","embeddable":true,"href":"https:\/\/gigawatt.com.ar\/index.php\/wp-json\/wp\/v2\/product_brand?post=545"},{"taxonomy":"product_cat","embeddable":true,"href":"https:\/\/gigawatt.com.ar\/index.php\/wp-json\/wp\/v2\/product_cat?post=545"},{"taxonomy":"product_tag","embeddable":true,"href":"https:\/\/gigawatt.com.ar\/index.php\/wp-json\/wp\/v2\/product_tag?post=545"}],"curies":[{"name":"wp","href":"https:\/\/api.w.org\/{rel}","templated":true}]}}