{"id":547,"date":"2024-10-09T15:48:14","date_gmt":"2024-10-09T18:48:14","guid":{"rendered":"https:\/\/gigawatt.com.ar\/?post_type=product&#038;p=547"},"modified":"2025-10-09T16:42:33","modified_gmt":"2025-10-09T19:42:33","slug":"pinza-amperometrica-true-rms-baw-ca-capacimetro-y-temperatura-copia","status":"publish","type":"product","link":"https:\/\/gigawatt.com.ar\/index.php\/producto\/pinza-amperometrica-true-rms-baw-ca-capacimetro-y-temperatura-copia\/","title":{"rendered":"Pinza Amperom\u00e9trica True RMS BAW CA (Capac\u00edmetro y Temperatura)"},"content":{"rendered":"<p><strong>Pinza Amperom\u00e9trica True RMS BAW CA (Capac\u00edmetro y Temperatura)<\/strong><\/p>\n<ul>\n<li>Marca BAW<\/li>\n<li>Pinza de medici\u00f3n digital TRUE RMS<\/li>\n<li>Rango autom\u00e1tico<\/li>\n<li>Doble Display LCD BLACK de 3 5\/6 d\u00edgitos, 6000 cuentas y retroiluminado<\/li>\n<li>Barra grafica de 60 segmentos<\/li>\n<li>Apertura de mordazas: \u00d840x60mm<\/li>\n<li>Corriente: ACA: 60A\/600A\/1000A (\u00b12,5%+5)<\/li>\n<li>Tensi\u00f3n: VCA: 600mV, 6V\/60V\/600V \/750V(\u00b10,8%+3) VFD 750V. VCC: 600mV\/6V\/60V\/600V\/1000V (\u00b10,5%+3)<\/li>\n<li>Frecuencia: 10Hz~10MHz<\/li>\n<li>Resistencia: 600\u2126\/6K\/60K\/600K\/6M\/60M\u2126 (\u00b10,8%+3)<\/li>\n<li>Capacidad: 10nF\/100nF\/1uF\/10uF\/100uF\/1mf\/10mF\/100mF (\u00b13%+3)<\/li>\n<li>Temperatura: -40 ~1000\u00baC<\/li>\n<li>Ciclo de trabajo (Duty Cycle): 1%-99%<\/li>\n<li>Detecci\u00f3n de tensi\u00f3n sin contacto NCV<\/li>\n<li>Corriente de inserci\u00f3n (Inrush)<\/li>\n<li>Retenci\u00f3n de lectura. Valor relativo. Valores M\u00e1x.\/M\u00edn. LowZ<\/li>\n<li>Continuidad con buzzer<\/li>\n<li>Prueba de diodo<\/li>\n<li>Auto OFF<\/li>\n<li>Indicador de baja bater\u00eda<\/li>\n<li>Alimentaci\u00f3n: 3 bater\u00edas de 1.5V AAA (no incluidas)<\/li>\n<li>Dimensiones: 240mmx85mmx47mm<\/li>\n<li>Peso: ~380g<\/li>\n<li>Condiciones de operaci\u00f3n: 0~40\u00baC<\/li>\n<li>Seguridad: IEC 61010-1 EN61326-1 CAT III 1000V, CAT IV 600V<\/li>\n<li>Accesorios: Puntas de prueba, termocupla h\/140\u00baC, manual y funda semirr\u00edgida<\/li>\n<\/ul>\n","protected":false},"excerpt":{"rendered":"<p>PINZA AMPEROMETRICA HT208A<\/p>\n","protected":false},"featured_media":548,"template":"","meta":{"site-sidebar-layout":"default","site-content-layout":"","ast-site-content-layout":"","site-content-style":"default","site-sidebar-style":"default","ast-global-header-display":"","ast-banner-title-visibility":"","ast-main-header-display":"","ast-hfb-above-header-display":"","ast-hfb-below-header-display":"","ast-hfb-mobile-header-display":"","site-post-title":"","ast-breadcrumbs-content":"","ast-featured-img":"","footer-sml-layout":"","theme-transparent-header-meta":"","adv-header-id-meta":"","stick-header-meta":"","header-above-stick-meta":"","header-main-stick-meta":"","header-below-stick-meta":"","astra-migrate-meta-layouts":"default","ast-page-background-enabled":"default","ast-page-background-meta":{"desktop":{"background-color":"var(--ast-global-color-4)","background-image":"","background-repeat":"repeat","background-position":"center center","background-size":"auto","background-attachment":"scroll","background-type":"","background-media":"","overlay-type":"","overlay-color":"","overlay-opacity":"","overlay-gradient":""},"tablet":{"background-color":"","background-image":"","background-repeat":"repeat","background-position":"center center","background-size":"auto","background-attachment":"scroll","background-type":"","background-media":"","overlay-type":"","overlay-color":"","overlay-opacity":"","overlay-gradient":""},"mobile":{"background-color":"","background-image":"","background-repeat":"repeat","background-position":"center center","background-size":"auto","background-attachment":"scroll","background-type":"","background-media":"","overlay-type":"","overlay-color":"","overlay-opacity":"","overlay-gradient":""}},"ast-content-background-meta":{"desktop":{"background-color":"var(--ast-global-color-5)","background-image":"","background-repeat":"repeat","background-position":"center center","background-size":"auto","background-attachment":"scroll","background-type":"","background-media":"","overlay-type":"","overlay-color":"","overlay-opacity":"","overlay-gradient":""},"tablet":{"background-color":"var(--ast-global-color-5)","background-image":"","background-repeat":"repeat","background-position":"center center","background-size":"auto","background-attachment":"scroll","background-type":"","background-media":"","overlay-type":"","overlay-color":"","overlay-opacity":"","overlay-gradient":""},"mobile":{"background-color":"var(--ast-global-color-5)","background-image":"","background-repeat":"repeat","background-position":"center center","background-size":"auto","background-attachment":"scroll","background-type":"","background-media":"","overlay-type":"","overlay-color":"","overlay-opacity":"","overlay-gradient":""}}},"pwb-brand":[279],"product_brand":[],"product_cat":[416,476,388],"product_tag":[],"class_list":{"0":"post-547","1":"product","2":"type-product","3":"status-publish","4":"has-post-thumbnail","6":"pwb-brand-baw","7":"product_cat-instrumentos_medicion","8":"product_cat-pinza_trms","9":"product_cat-pinzas_amperometricas","10":"desktop-align-left","11":"tablet-align-left","12":"mobile-align-left","14":"first","15":"onbackorder","16":"shipping-taxable","17":"purchasable","18":"product-type-simple"},"jetpack_sharing_enabled":true,"brands":[{"id":279,"name":"BAW","slug":"baw"}],"_links":{"self":[{"href":"https:\/\/gigawatt.com.ar\/index.php\/wp-json\/wp\/v2\/product\/547","targetHints":{"allow":["GET"]}}],"collection":[{"href":"https:\/\/gigawatt.com.ar\/index.php\/wp-json\/wp\/v2\/product"}],"about":[{"href":"https:\/\/gigawatt.com.ar\/index.php\/wp-json\/wp\/v2\/types\/product"}],"version-history":[{"count":1,"href":"https:\/\/gigawatt.com.ar\/index.php\/wp-json\/wp\/v2\/product\/547\/revisions"}],"predecessor-version":[{"id":2645,"href":"https:\/\/gigawatt.com.ar\/index.php\/wp-json\/wp\/v2\/product\/547\/revisions\/2645"}],"wp:featuredmedia":[{"embeddable":true,"href":"https:\/\/gigawatt.com.ar\/index.php\/wp-json\/wp\/v2\/media\/548"}],"wp:attachment":[{"href":"https:\/\/gigawatt.com.ar\/index.php\/wp-json\/wp\/v2\/media?parent=547"}],"wp:term":[{"taxonomy":"pwb-brand","embeddable":true,"href":"https:\/\/gigawatt.com.ar\/index.php\/wp-json\/wp\/v2\/pwb-brand?post=547"},{"taxonomy":"product_brand","embeddable":true,"href":"https:\/\/gigawatt.com.ar\/index.php\/wp-json\/wp\/v2\/product_brand?post=547"},{"taxonomy":"product_cat","embeddable":true,"href":"https:\/\/gigawatt.com.ar\/index.php\/wp-json\/wp\/v2\/product_cat?post=547"},{"taxonomy":"product_tag","embeddable":true,"href":"https:\/\/gigawatt.com.ar\/index.php\/wp-json\/wp\/v2\/product_tag?post=547"}],"curies":[{"name":"wp","href":"https:\/\/api.w.org\/{rel}","templated":true}]}}