{"id":556,"date":"2024-10-09T16:02:36","date_gmt":"2024-10-09T19:02:36","guid":{"rendered":"https:\/\/gigawatt.com.ar\/?post_type=product&#038;p=556"},"modified":"2025-10-09T16:41:37","modified_gmt":"2025-10-09T19:41:37","slug":"pinza-amperometrica-true-rms-baw-smart-frecuencia-y-capacimetro","status":"publish","type":"product","link":"https:\/\/gigawatt.com.ar\/index.php\/producto\/pinza-amperometrica-true-rms-baw-smart-frecuencia-y-capacimetro\/","title":{"rendered":"Pinza Amperom\u00e9trica True RMS BAW Smart (Frecuencia y Capac\u00edmetro)"},"content":{"rendered":"<p><strong>Pinza Amperom\u00e9trica True RMS BAW CA (Frecuencia y Capac\u00edmetro)<\/strong><\/p>\n<ul>\n<li>Marca BAW<\/li>\n<li>Pinza de medici\u00f3n digital SMART<\/li>\n<li>True-RMS<\/li>\n<li>Rango autom\u00e1tico<\/li>\n<li>Selecci\u00f3n mediante pulsadores<\/li>\n<li>Display LCD retro iluminado de 6000 cuentas<\/li>\n<li>Frecuencia de muestreo: 3 veces \/seg<\/li>\n<li>Apertura de mordazas: 25mm<\/li>\n<li>Corriente: ACA: 0,01A~600A (\u00b12,2%+8d)<\/li>\n<li>Tensi\u00f3n: VCA: 0,001~600V (\u00b11,2%+8d),\u00a0VCC: 0,001~600V (\u00b10,8%+5d)<\/li>\n<li>Resistencia: 0,1\u2126~60M\u2126 (\u00b11,5%+8d)<\/li>\n<li>Capacidad 1pF~60mF (\u00b13,0%+5d)<\/li>\n<li>Frecuencia: 10Hz-20MHz<\/li>\n<li>Detecci\u00f3n de tensi\u00f3n sin contacto NCV<\/li>\n<li>Prueba de diodo: 0~3V<\/li>\n<li>Continuidad y buzzer (0,1-50\u2126)<\/li>\n<li>Auto OFF<\/li>\n<li>Retenci\u00f3n de lectura<\/li>\n<li>Indicador de baja bater\u00eda<\/li>\n<li>Alimentaci\u00f3n: 2 bater\u00edas de 1,5V AA (no incluidas)<\/li>\n<li>Accesorios: Puntas de prueba, funda y manual<\/li>\n<li>EN61326-1 Categor\u00eda III 600V<\/li>\n<li>Dimensiones: 183x65x32mm<\/li>\n<li>Peso: ~140g.<\/li>\n<\/ul>\n","protected":false},"excerpt":{"rendered":"<p>PINZA AMPEROMETRICA BAWCMS01<\/p>\n","protected":false},"featured_media":557,"template":"","meta":{"site-sidebar-layout":"default","site-content-layout":"","ast-site-content-layout":"","site-content-style":"default","site-sidebar-style":"default","ast-global-header-display":"","ast-banner-title-visibility":"","ast-main-header-display":"","ast-hfb-above-header-display":"","ast-hfb-below-header-display":"","ast-hfb-mobile-header-display":"","site-post-title":"","ast-breadcrumbs-content":"","ast-featured-img":"","footer-sml-layout":"","theme-transparent-header-meta":"","adv-header-id-meta":"","stick-header-meta":"","header-above-stick-meta":"","header-main-stick-meta":"","header-below-stick-meta":"","astra-migrate-meta-layouts":"default","ast-page-background-enabled":"default","ast-page-background-meta":{"desktop":{"background-color":"var(--ast-global-color-4)","background-image":"","background-repeat":"repeat","background-position":"center center","background-size":"auto","background-attachment":"scroll","background-type":"","background-media":"","overlay-type":"","overlay-color":"","overlay-opacity":"","overlay-gradient":""},"tablet":{"background-color":"","background-image":"","background-repeat":"repeat","background-position":"center center","background-size":"auto","background-attachment":"scroll","background-type":"","background-media":"","overlay-type":"","overlay-color":"","overlay-opacity":"","overlay-gradient":""},"mobile":{"background-color":"","background-image":"","background-repeat":"repeat","background-position":"center center","background-size":"auto","background-attachment":"scroll","background-type":"","background-media":"","overlay-type":"","overlay-color":"","overlay-opacity":"","overlay-gradient":""}},"ast-content-background-meta":{"desktop":{"background-color":"var(--ast-global-color-5)","background-image":"","background-repeat":"repeat","background-position":"center center","background-size":"auto","background-attachment":"scroll","background-type":"","background-media":"","overlay-type":"","overlay-color":"","overlay-opacity":"","overlay-gradient":""},"tablet":{"background-color":"var(--ast-global-color-5)","background-image":"","background-repeat":"repeat","background-position":"center center","background-size":"auto","background-attachment":"scroll","background-type":"","background-media":"","overlay-type":"","overlay-color":"","overlay-opacity":"","overlay-gradient":""},"mobile":{"background-color":"var(--ast-global-color-5)","background-image":"","background-repeat":"repeat","background-position":"center center","background-size":"auto","background-attachment":"scroll","background-type":"","background-media":"","overlay-type":"","overlay-color":"","overlay-opacity":"","overlay-gradient":""}}},"pwb-brand":[279],"product_brand":[],"product_cat":[416,476,388],"product_tag":[],"class_list":{"0":"post-556","1":"product","2":"type-product","3":"status-publish","4":"has-post-thumbnail","6":"pwb-brand-baw","7":"product_cat-instrumentos_medicion","8":"product_cat-pinza_trms","9":"product_cat-pinzas_amperometricas","10":"desktop-align-left","11":"tablet-align-left","12":"mobile-align-left","14":"first","15":"onbackorder","16":"shipping-taxable","17":"purchasable","18":"product-type-simple"},"jetpack_sharing_enabled":true,"brands":[{"id":279,"name":"BAW","slug":"baw"}],"_links":{"self":[{"href":"https:\/\/gigawatt.com.ar\/index.php\/wp-json\/wp\/v2\/product\/556","targetHints":{"allow":["GET"]}}],"collection":[{"href":"https:\/\/gigawatt.com.ar\/index.php\/wp-json\/wp\/v2\/product"}],"about":[{"href":"https:\/\/gigawatt.com.ar\/index.php\/wp-json\/wp\/v2\/types\/product"}],"version-history":[{"count":1,"href":"https:\/\/gigawatt.com.ar\/index.php\/wp-json\/wp\/v2\/product\/556\/revisions"}],"predecessor-version":[{"id":2648,"href":"https:\/\/gigawatt.com.ar\/index.php\/wp-json\/wp\/v2\/product\/556\/revisions\/2648"}],"wp:featuredmedia":[{"embeddable":true,"href":"https:\/\/gigawatt.com.ar\/index.php\/wp-json\/wp\/v2\/media\/557"}],"wp:attachment":[{"href":"https:\/\/gigawatt.com.ar\/index.php\/wp-json\/wp\/v2\/media?parent=556"}],"wp:term":[{"taxonomy":"pwb-brand","embeddable":true,"href":"https:\/\/gigawatt.com.ar\/index.php\/wp-json\/wp\/v2\/pwb-brand?post=556"},{"taxonomy":"product_brand","embeddable":true,"href":"https:\/\/gigawatt.com.ar\/index.php\/wp-json\/wp\/v2\/product_brand?post=556"},{"taxonomy":"product_cat","embeddable":true,"href":"https:\/\/gigawatt.com.ar\/index.php\/wp-json\/wp\/v2\/product_cat?post=556"},{"taxonomy":"product_tag","embeddable":true,"href":"https:\/\/gigawatt.com.ar\/index.php\/wp-json\/wp\/v2\/product_tag?post=556"}],"curies":[{"name":"wp","href":"https:\/\/api.w.org\/{rel}","templated":true}]}}