{"id":560,"date":"2024-10-09T16:12:22","date_gmt":"2024-10-09T19:12:22","guid":{"rendered":"https:\/\/gigawatt.com.ar\/?post_type=product&#038;p=560"},"modified":"2025-10-09T16:40:56","modified_gmt":"2025-10-09T19:40:56","slug":"pinza-amperometrica-true-rms-baw-frecuencia-capacidad-y-temperatura","status":"publish","type":"product","link":"https:\/\/gigawatt.com.ar\/index.php\/producto\/pinza-amperometrica-true-rms-baw-frecuencia-capacidad-y-temperatura\/","title":{"rendered":"Pinza Amperom\u00e9trica True RMS BAW (Frecuencia, Capacidad y Temperatura)"},"content":{"rendered":"<p><strong>Pinza Amperom\u00e9trica True RMS BAW CA (Frecuencia, Capacidad y Temperatura)<\/strong><\/p>\n<ul>\n<li>Marca BAW<\/li>\n<li>Pinza de medici\u00f3n digital Volt-Amperom\u00e9trica<\/li>\n<li>True-RMS<\/li>\n<li>Display LCD retroiluminado de 3 5\/6 d\u00edgitos, 3999 cuentas<\/li>\n<li>Frecuencia de muestreo: 3 actualizaciones por segundo<\/li>\n<li>Apertura de mordazas: 30mm<\/li>\n<li>Corriente: ACA: 40\/600A (res. 10mA)<\/li>\n<li>Tensi\u00f3n: VCA: 4V\/40V\/400V600V. VCC: 400mV\/4V\/40V\/400V600V<\/li>\n<li>Frecuencia: h\/10MHz<\/li>\n<li>Resistencia: 400\u2126\/4K\/40K\/400K\/4M\/40M\u2126<\/li>\n<li>Capacidad: 4nF\/40nF\/400nF\/4uF\/40uF\/400uF\/4mF<\/li>\n<li>Temperatura: -20 ~1000 \u00baC<\/li>\n<li>Detecci\u00f3n de tensi\u00f3n sin contacto NCV<\/li>\n<li>Retenci\u00f3n de lectura. Valor relativo<\/li>\n<li>Auto OFF<\/li>\n<li>Continuidad y buzzer<\/li>\n<li>Prueba de diodo<\/li>\n<li>Indicador de baja bater\u00eda<\/li>\n<li>Categor\u00eda de sobretensi\u00f3n (doble aislaci\u00f3n): CAT III 600V, poluci\u00f3n grado 2<\/li>\n<li>Alimentaci\u00f3n: 2 bater\u00edas de 1.5V AAA (no incluidas)<\/li>\n<li>Dimensiones: 183mmx47mmx25mm<\/li>\n<li>Seguridad: IEC 61010-1 IEC 61010-31 e IEC 61010-2-32 CAT II 600V<\/li>\n<li>Accesorios: Funda, puntas de prueba, termocupla h\/140\u00baC y manual.<\/li>\n<\/ul>\n","protected":false},"excerpt":{"rendered":"<p>PINZA AMPEROMETRICA RM901D<\/p>\n","protected":false},"featured_media":561,"template":"","meta":{"site-sidebar-layout":"default","site-content-layout":"","ast-site-content-layout":"","site-content-style":"default","site-sidebar-style":"default","ast-global-header-display":"","ast-banner-title-visibility":"","ast-main-header-display":"","ast-hfb-above-header-display":"","ast-hfb-below-header-display":"","ast-hfb-mobile-header-display":"","site-post-title":"","ast-breadcrumbs-content":"","ast-featured-img":"","footer-sml-layout":"","theme-transparent-header-meta":"","adv-header-id-meta":"","stick-header-meta":"","header-above-stick-meta":"","header-main-stick-meta":"","header-below-stick-meta":"","astra-migrate-meta-layouts":"default","ast-page-background-enabled":"default","ast-page-background-meta":{"desktop":{"background-color":"var(--ast-global-color-4)","background-image":"","background-repeat":"repeat","background-position":"center center","background-size":"auto","background-attachment":"scroll","background-type":"","background-media":"","overlay-type":"","overlay-color":"","overlay-opacity":"","overlay-gradient":""},"tablet":{"background-color":"","background-image":"","background-repeat":"repeat","background-position":"center center","background-size":"auto","background-attachment":"scroll","background-type":"","background-media":"","overlay-type":"","overlay-color":"","overlay-opacity":"","overlay-gradient":""},"mobile":{"background-color":"","background-image":"","background-repeat":"repeat","background-position":"center center","background-size":"auto","background-attachment":"scroll","background-type":"","background-media":"","overlay-type":"","overlay-color":"","overlay-opacity":"","overlay-gradient":""}},"ast-content-background-meta":{"desktop":{"background-color":"var(--ast-global-color-5)","background-image":"","background-repeat":"repeat","background-position":"center center","background-size":"auto","background-attachment":"scroll","background-type":"","background-media":"","overlay-type":"","overlay-color":"","overlay-opacity":"","overlay-gradient":""},"tablet":{"background-color":"var(--ast-global-color-5)","background-image":"","background-repeat":"repeat","background-position":"center center","background-size":"auto","background-attachment":"scroll","background-type":"","background-media":"","overlay-type":"","overlay-color":"","overlay-opacity":"","overlay-gradient":""},"mobile":{"background-color":"var(--ast-global-color-5)","background-image":"","background-repeat":"repeat","background-position":"center center","background-size":"auto","background-attachment":"scroll","background-type":"","background-media":"","overlay-type":"","overlay-color":"","overlay-opacity":"","overlay-gradient":""}}},"pwb-brand":[279],"product_brand":[],"product_cat":[416,476,388],"product_tag":[],"class_list":{"0":"post-560","1":"product","2":"type-product","3":"status-publish","4":"has-post-thumbnail","6":"pwb-brand-baw","7":"product_cat-instrumentos_medicion","8":"product_cat-pinza_trms","9":"product_cat-pinzas_amperometricas","10":"desktop-align-left","11":"tablet-align-left","12":"mobile-align-left","14":"first","15":"onbackorder","16":"shipping-taxable","17":"purchasable","18":"product-type-simple"},"jetpack_sharing_enabled":true,"brands":[{"id":279,"name":"BAW","slug":"baw"}],"_links":{"self":[{"href":"https:\/\/gigawatt.com.ar\/index.php\/wp-json\/wp\/v2\/product\/560","targetHints":{"allow":["GET"]}}],"collection":[{"href":"https:\/\/gigawatt.com.ar\/index.php\/wp-json\/wp\/v2\/product"}],"about":[{"href":"https:\/\/gigawatt.com.ar\/index.php\/wp-json\/wp\/v2\/types\/product"}],"version-history":[{"count":1,"href":"https:\/\/gigawatt.com.ar\/index.php\/wp-json\/wp\/v2\/product\/560\/revisions"}],"predecessor-version":[{"id":2650,"href":"https:\/\/gigawatt.com.ar\/index.php\/wp-json\/wp\/v2\/product\/560\/revisions\/2650"}],"wp:featuredmedia":[{"embeddable":true,"href":"https:\/\/gigawatt.com.ar\/index.php\/wp-json\/wp\/v2\/media\/561"}],"wp:attachment":[{"href":"https:\/\/gigawatt.com.ar\/index.php\/wp-json\/wp\/v2\/media?parent=560"}],"wp:term":[{"taxonomy":"pwb-brand","embeddable":true,"href":"https:\/\/gigawatt.com.ar\/index.php\/wp-json\/wp\/v2\/pwb-brand?post=560"},{"taxonomy":"product_brand","embeddable":true,"href":"https:\/\/gigawatt.com.ar\/index.php\/wp-json\/wp\/v2\/product_brand?post=560"},{"taxonomy":"product_cat","embeddable":true,"href":"https:\/\/gigawatt.com.ar\/index.php\/wp-json\/wp\/v2\/product_cat?post=560"},{"taxonomy":"product_tag","embeddable":true,"href":"https:\/\/gigawatt.com.ar\/index.php\/wp-json\/wp\/v2\/product_tag?post=560"}],"curies":[{"name":"wp","href":"https:\/\/api.w.org\/{rel}","templated":true}]}}