{"id":572,"date":"2024-10-09T17:50:09","date_gmt":"2024-10-09T20:50:09","guid":{"rendered":"https:\/\/gigawatt.com.ar\/?post_type=product&#038;p=572"},"modified":"2025-10-09T16:27:25","modified_gmt":"2025-10-09T19:27:25","slug":"multimetro-con-comprobador-de-cables-y-terminales-de-redes-rj45-y-usb","status":"publish","type":"product","link":"https:\/\/gigawatt.com.ar\/index.php\/producto\/multimetro-con-comprobador-de-cables-y-terminales-de-redes-rj45-y-usb\/","title":{"rendered":"Mult\u00edmetro con Comprobador de cables y terminales de redes (RJ45 y USB)"},"content":{"rendered":"<p><strong>Mult\u00edmetro BAW con Comprobador de cables y terminales de redes<\/strong><\/p>\n<ul>\n<li>Auto rango y manual<\/li>\n<li>Pantalla LCD 60x36mm de f\u00e1cil lectura con retroiluminaci\u00f3n azul y 1999 cuentas<\/li>\n<li>Funci\u00f3n de prueba de cables RJ45 y USB<\/li>\n<li>Retenci\u00f3n de datos para facilitar la lectura despu\u00e9s de la medici\u00f3n<\/li>\n<li>Tensi\u00f3n: Vcc: 200mV\/2V\/20V\/200V\/600V (\u00b10.5%). Vca: 200mV\/2V\/20V\/200V\/600V (\u00b11.0%)<\/li>\n<li>Corriente: Acc: 200\u03bcA\/2mA\/20mA\/200mA (\u00b11.8%). Aca: 200\u03bcA\/2mA\/20mA\/200mA (\u00b12.0%)<\/li>\n<li>Resistencia: 200\/2k\/20k\/200k\/2M\/20M\u03a9 (\u00b11.5%)<\/li>\n<li>Indicador de bater\u00eda baja<\/li>\n<li>Apagado autom\u00e1tico<\/li>\n<li>Protecci\u00f3n de sobrecarga, doble fusible, seguro y confiable<\/li>\n<li>Prueba de diodos<\/li>\n<li>Prueba de continuidad con buzzer<\/li>\n<li>Cables y terminales de prueba: RJ45\/USB<\/li>\n<li>Alimentaci\u00f3n: bater\u00eda de 9 V 6F22 (no provista)<\/li>\n<li>Dimensiones: 175x84x40mm<\/li>\n<li>Peso: 305g<\/li>\n<\/ul>\n","protected":false},"excerpt":{"rendered":"<p>Mult\u00edmetro \/ Tester Digital para Redes DT4300B<\/p>\n","protected":false},"featured_media":573,"template":"","meta":{"site-sidebar-layout":"default","site-content-layout":"","ast-site-content-layout":"default","site-content-style":"default","site-sidebar-style":"default","ast-global-header-display":"","ast-banner-title-visibility":"","ast-main-header-display":"","ast-hfb-above-header-display":"","ast-hfb-below-header-display":"","ast-hfb-mobile-header-display":"","site-post-title":"","ast-breadcrumbs-content":"","ast-featured-img":"","footer-sml-layout":"","theme-transparent-header-meta":"default","adv-header-id-meta":"","stick-header-meta":"","header-above-stick-meta":"","header-main-stick-meta":"","header-below-stick-meta":"","astra-migrate-meta-layouts":"set","ast-page-background-enabled":"default","ast-page-background-meta":{"desktop":{"background-color":"var(--ast-global-color-4)","background-image":"","background-repeat":"repeat","background-position":"center center","background-size":"auto","background-attachment":"scroll","background-type":"","background-media":"","overlay-type":"","overlay-color":"","overlay-opacity":"","overlay-gradient":""},"tablet":{"background-color":"","background-image":"","background-repeat":"repeat","background-position":"center center","background-size":"auto","background-attachment":"scroll","background-type":"","background-media":"","overlay-type":"","overlay-color":"","overlay-opacity":"","overlay-gradient":""},"mobile":{"background-color":"","background-image":"","background-repeat":"repeat","background-position":"center center","background-size":"auto","background-attachment":"scroll","background-type":"","background-media":"","overlay-type":"","overlay-color":"","overlay-opacity":"","overlay-gradient":""}},"ast-content-background-meta":{"desktop":{"background-color":"var(--ast-global-color-5)","background-image":"","background-repeat":"repeat","background-position":"center center","background-size":"auto","background-attachment":"scroll","background-type":"","background-media":"","overlay-type":"","overlay-color":"","overlay-opacity":"","overlay-gradient":""},"tablet":{"background-color":"var(--ast-global-color-5)","background-image":"","background-repeat":"repeat","background-position":"center center","background-size":"auto","background-attachment":"scroll","background-type":"","background-media":"","overlay-type":"","overlay-color":"","overlay-opacity":"","overlay-gradient":""},"mobile":{"background-color":"var(--ast-global-color-5)","background-image":"","background-repeat":"repeat","background-position":"center center","background-size":"auto","background-attachment":"scroll","background-type":"","background-media":"","overlay-type":"","overlay-color":"","overlay-opacity":"","overlay-gradient":""}}},"pwb-brand":[279],"product_brand":[],"product_cat":[416,373,221,475],"product_tag":[],"class_list":{"0":"post-572","1":"product","2":"type-product","3":"status-publish","4":"has-post-thumbnail","6":"pwb-brand-baw","7":"product_cat-instrumentos_medicion","8":"product_cat-tester","9":"product_cat-comunes","10":"product_cat-tester_multifuncion","11":"desktop-align-left","12":"tablet-align-left","13":"mobile-align-left","15":"first","16":"onbackorder","17":"shipping-taxable","18":"purchasable","19":"product-type-simple"},"jetpack_sharing_enabled":true,"brands":[{"id":279,"name":"BAW","slug":"baw"}],"_links":{"self":[{"href":"https:\/\/gigawatt.com.ar\/index.php\/wp-json\/wp\/v2\/product\/572","targetHints":{"allow":["GET"]}}],"collection":[{"href":"https:\/\/gigawatt.com.ar\/index.php\/wp-json\/wp\/v2\/product"}],"about":[{"href":"https:\/\/gigawatt.com.ar\/index.php\/wp-json\/wp\/v2\/types\/product"}],"version-history":[{"count":2,"href":"https:\/\/gigawatt.com.ar\/index.php\/wp-json\/wp\/v2\/product\/572\/revisions"}],"predecessor-version":[{"id":774,"href":"https:\/\/gigawatt.com.ar\/index.php\/wp-json\/wp\/v2\/product\/572\/revisions\/774"}],"wp:featuredmedia":[{"embeddable":true,"href":"https:\/\/gigawatt.com.ar\/index.php\/wp-json\/wp\/v2\/media\/573"}],"wp:attachment":[{"href":"https:\/\/gigawatt.com.ar\/index.php\/wp-json\/wp\/v2\/media?parent=572"}],"wp:term":[{"taxonomy":"pwb-brand","embeddable":true,"href":"https:\/\/gigawatt.com.ar\/index.php\/wp-json\/wp\/v2\/pwb-brand?post=572"},{"taxonomy":"product_brand","embeddable":true,"href":"https:\/\/gigawatt.com.ar\/index.php\/wp-json\/wp\/v2\/product_brand?post=572"},{"taxonomy":"product_cat","embeddable":true,"href":"https:\/\/gigawatt.com.ar\/index.php\/wp-json\/wp\/v2\/product_cat?post=572"},{"taxonomy":"product_tag","embeddable":true,"href":"https:\/\/gigawatt.com.ar\/index.php\/wp-json\/wp\/v2\/product_tag?post=572"}],"curies":[{"name":"wp","href":"https:\/\/api.w.org\/{rel}","templated":true}]}}